{"id":97436,"date":"2022-02-21T15:09:35","date_gmt":"2022-02-21T15:09:35","guid":{"rendered":""},"modified":"2025-07-11T09:05:03","modified_gmt":"2025-07-11T09:05:03","slug":"politica-de-privacidad","status":"publish","type":"page","link":"https:\/\/amgroupmaquinaria.com\/en\/politica-de-privacidad\/","title":{"rendered":"Pol\u00edtica privacidad"},"content":{"rendered":"<div class=\"fusion-fullwidth fullwidth-box fusion-builder-row-1 fusion-flex-container nonhundred-percent-fullwidth non-hundred-percent-height-scrolling\" style=\"--awb-border-radius-top-left:0px;--awb-border-radius-top-right:0px;--awb-border-radius-bottom-right:0px;--awb-border-radius-bottom-left:0px;--awb-flex-wrap:wrap;\" ><div class=\"fusion-builder-row fusion-row fusion-flex-align-items-flex-start fusion-flex-content-wrap\" style=\"max-width:1310.4px;margin-left: calc(-4% \/ 2 );margin-right: calc(-4% \/ 2 );\"><div class=\"fusion-layout-column fusion_builder_column fusion-builder-column-0 fusion_builder_column_1_1 1_1 fusion-flex-column\" style=\"--awb-bg-size:cover;--awb-width-large:100%;--awb-margin-top-large:20px;--awb-spacing-right-large:1.92%;--awb-margin-bottom-large:20px;--awb-spacing-left-large:1.92%;--awb-width-medium:100%;--awb-order-medium:0;--awb-spacing-right-medium:1.92%;--awb-spacing-left-medium:1.92%;--awb-width-small:100%;--awb-order-small:0;--awb-spacing-right-small:1.92%;--awb-spacing-left-small:1.92%;\"><div class=\"fusion-column-wrapper fusion-column-has-shadow fusion-flex-justify-content-flex-start fusion-content-layout-column\"><div class=\"fusion-text fusion-text-1\"><p data-start=\"60\" data-end=\"383\"><strong data-start=\"60\" data-end=\"95\">Datos registrales de la empresa<\/strong><br data-start=\"95\" data-end=\"98\" \/><strong data-start=\"98\" data-end=\"122\">Denominaci\u00f3n fiscal:<\/strong> AMGROUP MAQUINARIA<br data-start=\"141\" data-end=\"144\" \/><strong data-start=\"144\" data-end=\"165\">Domicilio social:<\/strong> Pol\u00edgon industrial, Cam\u00ed de Vilapou, Nau 30, derecha, 08640 Olesa de Montserrat, Barcelona.<br data-start=\"257\" data-end=\"260\" \/><strong data-start=\"260\" data-end=\"282\">Datos registrales:<\/strong> Inscrita en el Registro Mercantil de Barcelona, Tomo 36740, Folio 001, Hoja 284728, Inscripci\u00f3n 1\u00aa<\/p>\n<p data-start=\"385\" data-end=\"474\"><strong data-start=\"385\" data-end=\"393\">CIF:<\/strong> B63539308<br data-start=\"403\" data-end=\"406\" \/><strong data-start=\"406\" data-end=\"431\">Tel\u00e9fono de contacto:<\/strong> 935862940<br data-start=\"441\" data-end=\"444\" \/><strong data-start=\"444\" data-end=\"454\">Email:<\/strong> <a class=\"cursor-pointer\" rel=\"noopener\" data-start=\"455\" data-end=\"472\">am@aristegui.info<\/a><\/p>\n<hr data-start=\"476\" data-end=\"479\" \/>\n<p data-start=\"481\" data-end=\"865\"><strong data-start=\"481\" data-end=\"494\">Propiedad<\/strong><br data-start=\"494\" data-end=\"497\" \/><strong data-start=\"497\" data-end=\"519\">AMGROUP MAQUINARIA<\/strong> es titular de los elementos que integran la p\u00e1gina web <a class=\"\" href=\"https:\/\/amgroupmaquinaria.com\" target=\"_new\" rel=\"noopener\" data-start=\"575\" data-end=\"593\">www.aristegui.info<\/a>, c\u00f3digo fuente, estructura de navegaci\u00f3n, base de datos, contenido y el dise\u00f1o gr\u00e1fico (men\u00fas, botones de navegaci\u00f3n, los textos, im\u00e1genes, texturas, gr\u00e1ficos, etc.) o, en cualquier caso, dispone de la correspondiente autorizaci\u00f3n para la utilizaci\u00f3n de dichos elementos.<\/p>\n<hr data-start=\"867\" data-end=\"870\" \/>\n<p data-start=\"872\" data-end=\"1012\"><strong data-start=\"872\" data-end=\"894\">Marcas registradas<\/strong><br data-start=\"894\" data-end=\"897\" \/>Todos los productos y nombres de compa\u00f1\u00edas mencionados aqu\u00ed son marcas registradas de sus respectivos propietarios.<\/p>\n<hr data-start=\"1014\" data-end=\"1017\" \/>\n<p data-start=\"1019\" data-end=\"1354\"><strong data-start=\"1019\" data-end=\"1030\">Enlaces<\/strong><br data-start=\"1030\" data-end=\"1033\" \/><strong data-start=\"1033\" data-end=\"1055\">AMGROUP MAQUINARIA<\/strong> no asume ninguna responsabilidad sobre los enlaces externos que, en su caso, pudieran incluirse en el sitio web, ya que no tiene ning\u00fan tipo de control sobre los mismos, por lo que el usuario accede bajo su exclusiva responsabilidad al contenido y en las condiciones de uso que rijan en los mismos.<\/p>\n<hr data-start=\"1356\" data-end=\"1359\" \/>\n<p data-start=\"1361\" data-end=\"1668\"><strong data-start=\"1361\" data-end=\"1385\">Contenidos del sitio<\/strong><br data-start=\"1385\" data-end=\"1388\" \/><strong data-start=\"1388\" data-end=\"1410\">AMGROUP MAQUINARIA<\/strong> se reserva el derecho de efectuar sin previo aviso las modificaciones que considere oportunas en el sitio web, pudiendo cambiar, suprimir o a\u00f1adir tanto los contenidos y servicios que presta como la forma en la que \u00e9stos aparezcan presentados o localizados.<\/p>\n<p data-start=\"1670\" data-end=\"2185\">El usuario se compromete a hacer un uso adecuado de los contenidos y servicios que ofrece <strong data-start=\"1760\" data-end=\"1782\">AMGROUP MAQUINARIA<\/strong>, y a no emplearlos para incurrir en actividades il\u00edcitas o contrarias a la buena fe y al ordenamiento legal, y a no provocar da\u00f1os en los sistemas f\u00edsicos y l\u00f3gicos de <strong data-start=\"1951\" data-end=\"1973\">AMGROUP MAQUINARIA<\/strong>, de sus proveedores o de terceras personas, introducir o difundir en la red virus inform\u00e1ticos o cualesquiera otros sistemas f\u00edsicos o l\u00f3gicos que sean susceptibles de provocar los da\u00f1os anteriormente expuestos.<\/p>\n<p data-start=\"2187\" data-end=\"2473\"><strong data-start=\"2187\" data-end=\"2209\">AMGROUP MAQUINARIA<\/strong> tiene la obligaci\u00f3n de facilitar a la SETSI (Secretar\u00eda de Estado de Telecomunicaciones y para la Sociedad de la Informaci\u00f3n) y a los dem\u00e1s \u00f3rganos competentes en raz\u00f3n de la materia, toda la informaci\u00f3n y colaboraci\u00f3n precisas para el ejercicio de sus funciones.<\/p>\n<hr data-start=\"2475\" data-end=\"2478\" \/>\n<p data-start=\"2480\" data-end=\"2719\"><strong data-start=\"2480\" data-end=\"2505\">Legislaci\u00f3n aplicable<\/strong><br data-start=\"2505\" data-end=\"2508\" \/>El presente Aviso Legal se rige en todos y cada uno de sus extremos por la ley espa\u00f1ola, renunciando expresamente las partes al fuero que les corresponda, y someti\u00e9ndose a los Juzgados y Tribunales de Barcelona.<\/p>\n<\/div><\/div><\/div><\/div><\/div>\n","protected":false},"excerpt":{"rendered":"","protected":false},"author":1,"featured_media":0,"parent":0,"menu_order":0,"comment_status":"closed","ping_status":"closed","template":"","meta":{"content-type":"","footnotes":""},"class_list":["post-97436","page","type-page","status-publish","hentry"],"_links":{"self":[{"href":"https:\/\/amgroupmaquinaria.com\/en\/wp-json\/wp\/v2\/pages\/97436","targetHints":{"allow":["GET"]}}],"collection":[{"href":"https:\/\/amgroupmaquinaria.com\/en\/wp-json\/wp\/v2\/pages"}],"about":[{"href":"https:\/\/amgroupmaquinaria.com\/en\/wp-json\/wp\/v2\/types\/page"}],"author":[{"embeddable":true,"href":"https:\/\/amgroupmaquinaria.com\/en\/wp-json\/wp\/v2\/users\/1"}],"replies":[{"embeddable":true,"href":"https:\/\/amgroupmaquinaria.com\/en\/wp-json\/wp\/v2\/comments?post=97436"}],"version-history":[{"count":0,"href":"https:\/\/amgroupmaquinaria.com\/en\/wp-json\/wp\/v2\/pages\/97436\/revisions"}],"wp:attachment":[{"href":"https:\/\/amgroupmaquinaria.com\/en\/wp-json\/wp\/v2\/media?parent=97436"}],"curies":[{"name":"wp","href":"https:\/\/api.w.org\/{rel}","templated":true}]}}