{"id":97442,"date":"2022-02-21T15:20:57","date_gmt":"2022-02-21T15:20:57","guid":{"rendered":""},"modified":"2025-07-11T09:07:14","modified_gmt":"2025-07-11T09:07:14","slug":"condiciones-de-venta","status":"publish","type":"page","link":"https:\/\/amgroupmaquinaria.com\/en\/condiciones-de-venta\/","title":{"rendered":"Condiciones de venta"},"content":{"rendered":"<div class=\"fusion-fullwidth fullwidth-box fusion-builder-row-1 fusion-flex-container nonhundred-percent-fullwidth non-hundred-percent-height-scrolling\" style=\"--awb-border-radius-top-left:0px;--awb-border-radius-top-right:0px;--awb-border-radius-bottom-right:0px;--awb-border-radius-bottom-left:0px;--awb-flex-wrap:wrap;\" ><div class=\"fusion-builder-row fusion-row fusion-flex-align-items-flex-start fusion-flex-content-wrap\" style=\"max-width:1310.4px;margin-left: calc(-4% \/ 2 );margin-right: calc(-4% \/ 2 );\"><div class=\"fusion-layout-column fusion_builder_column fusion-builder-column-0 fusion_builder_column_1_1 1_1 fusion-flex-column\" style=\"--awb-bg-size:cover;--awb-width-large:100%;--awb-margin-top-large:20px;--awb-spacing-right-large:1.92%;--awb-margin-bottom-large:20px;--awb-spacing-left-large:1.92%;--awb-width-medium:100%;--awb-order-medium:0;--awb-spacing-right-medium:1.92%;--awb-spacing-left-medium:1.92%;--awb-width-small:100%;--awb-order-small:0;--awb-spacing-right-small:1.92%;--awb-spacing-left-small:1.92%;\"><div class=\"fusion-column-wrapper fusion-column-has-shadow fusion-flex-justify-content-flex-start fusion-content-layout-column\"><div class=\"fusion-text fusion-text-1\"><h3 data-start=\"278\" data-end=\"297\">Formas de pago:<\/h3>\n<p data-start=\"298\" data-end=\"439\">Para garantizar con completa seguridad para el consumidor, el pago de la mercanc\u00eda adquirida se establecen los siguientes 2 sistemas de pago:<\/p>\n<p data-start=\"441\" data-end=\"736\">\u2013 <strong data-start=\"443\" data-end=\"484\">Pago por Tarjeta de Cr\u00e9dito (Stripe):<\/strong> Los pagos \u00abon line\u00bb se realizan mediante servidor seguro, donde los datos viajan encriptados. El servidor seguro es de Stripe que recoge los datos de tarjetas de cr\u00e9dito y efect\u00faa el cobro. Por lo tanto, nosotros ni los manipulamos ni los almacenamos.<\/p>\n<p data-start=\"738\" data-end=\"813\">\u2013 <strong data-start=\"740\" data-end=\"751\">Paypal:<\/strong> una forma mundialmente conocida por su seguridad y comodidad.<\/p>\n<hr data-start=\"815\" data-end=\"818\" \/>\n<h3 data-start=\"820\" data-end=\"849\">Entrega y plazo de env\u00edo:<\/h3>\n<p data-start=\"850\" data-end=\"1774\">Los plazos de entrega indicados son a t\u00edtulo orientativo, aunque el plazo de entrega habitual es de 24-48 horas (laborales).<br data-start=\"974\" data-end=\"977\" \/>El compromiso adquirido de venta y despacho de la mercanc\u00eda ofertada, queda supeditado al stock del producto anunciado y a la disponibilidad del mismo hasta fin de existencias, por lo que <strong data-start=\"1165\" data-end=\"1187\">AMGROUP MAQUINARIA<\/strong>, en su compromiso de calidad y servicio al cliente, intenta en todo momento que los productos publicitados est\u00e9n disponibles. Sin embargo, de concurrir circunstancias excepcionales que provoquen el fin de existencias del producto, el pedido y el contrato suscrito entre las partes, quedar\u00e1n sin efecto en virtud de la presente cl\u00e1usula resolutoria, restituyendo \u00edntegramente al cliente en caso de prepago las cantidades pagadas por el mismo, sin que proceda a favor de ninguna de las partes indemnizaci\u00f3n alguna en concepto de incumplimiento de contrato, da\u00f1o emergente o lucro cesante.<\/p>\n<p data-start=\"1776\" data-end=\"2195\"><strong data-start=\"1776\" data-end=\"1798\">AMGROUP MAQUINARIA<\/strong> no enviar\u00e1 ning\u00fan pedido hasta comprobar que se ha realizado el pago del mismo.<br data-start=\"1878\" data-end=\"1881\" \/>Aunque los pedidos se suelen entregar en un plazo de entre 1 y 2 d\u00edas, se establece un plazo aproximado de entre 1 a 5 d\u00edas laborables para la efectiva entrega del producto adquirido, plazo que comenzar\u00e1 a contarse desde que <strong data-start=\"2106\" data-end=\"2128\">AMGROUP MAQUINARIA<\/strong> tenga conocimiento del pago del producto realizado por el cliente.<\/p>\n<p data-start=\"2197\" data-end=\"2442\">El pedido ser\u00e1 entregado en el domicilio designado en el momento de la contrataci\u00f3n por el cliente. La modificaci\u00f3n posterior del lugar de entrega solicitada por el cliente podr\u00e1 generar gastos adicionales sobre el precio de venta y transportes.<\/p>\n<p data-start=\"2444\" data-end=\"2957\">El pedido ser\u00e1 entregado en la entrada principal del lugar se\u00f1alado por el cliente y se necesitar\u00e1 una firma y el N.I.F. para recoger la mercanc\u00eda.<br data-start=\"2591\" data-end=\"2594\" \/>El plazo m\u00e1ximo para efectuar la reclamaci\u00f3n al transportista es de 24 horas en el caso de que llegara un producto golpeado y\/o da\u00f1ado, mediante reclamaci\u00f3n v\u00eda email a la direcci\u00f3n de correo electr\u00f3nico <strong data-start=\"2798\" data-end=\"2819\"><a class=\"cursor-pointer\" rel=\"noopener\" data-start=\"2800\" data-end=\"2817\">am@aristegui.info<\/a><\/strong> o al tel\u00e9fono de atenci\u00f3n al cliente <strong data-start=\"2857\" data-end=\"2873\">93.586.29.40<\/strong>. Esas 24 horas son las que da el seguro del transporte para reclamar la incidencia.<\/p>\n<p data-start=\"2959\" data-end=\"3201\">El producto adquirido podr\u00e1 sufrir, por disponibilidades del fabricante, modificaciones no sustanciales en los componentes, caracter\u00edsticas o prestaciones, siempre y cuando no supongan un dem\u00e9rito de las calidades y prestaciones publicitadas.<\/p>\n<hr data-start=\"3203\" data-end=\"3206\" \/>\n<h3 data-start=\"3208\" data-end=\"3225\">Devoluciones:<\/h3>\n<p data-start=\"3226\" data-end=\"3735\">De conformidad con lo previsto en el art. 44 de la Ley 7\/1996, de 15 de enero de Ordenaci\u00f3n del Comercio Minorista, el cliente tendr\u00e1 derecho a la revocaci\u00f3n del pedido solicitado en un plazo de siete d\u00edas laborables tras la recepci\u00f3n del mismo, previa comunicaci\u00f3n a <strong data-start=\"3494\" data-end=\"3516\">AMGROUP MAQUINARIA<\/strong>, siempre y cuando la herramienta o m\u00e1quina devuelta no est\u00e9 usada ni manipulada y est\u00e9 en perfecto estado para su posterior venta como art\u00edculo nuevo, incluido su embalaje original, herramientas e instrucciones de uso.<\/p>\n<p data-start=\"3737\" data-end=\"3916\">La devoluci\u00f3n tendr\u00e1 un cargo de <strong data-start=\"3770\" data-end=\"3778\">10 \u20ac<\/strong> en concepto de gastos de gesti\u00f3n y env\u00edo de la m\u00e1quina, por lo que el cliente recibir\u00e1 el abono de la cantidad pagada excepto estos 10 \u20ac.<\/p>\n<p data-start=\"3918\" data-end=\"4283\">En caso de que la mercanc\u00eda resultara patentemente utilizada y que por lo tanto sufriese una devaluaci\u00f3n comercial al comercializarlo de nuevo como \u201cproducto usado\u201d, se proceder\u00e1 a reducir el valor. Lo mismo pasar\u00e1 en caso de falta del embalaje original o de su integridad, condici\u00f3n que nos obligar\u00e1 a pedir al productor que readquiera el mismo y que lo sustituya.<\/p>\n<p data-start=\"4285\" data-end=\"4538\">El cliente enviar\u00e1 con transportista propio la mercanc\u00eda a la estructura log\u00edstica de nuestra empresa <strong data-start=\"4387\" data-end=\"4409\">AMGROUP MAQUINARIA<\/strong>, dentro de 14 d\u00edas a partir de la comunicaci\u00f3n de desistimiento. Los gastos de env\u00edo de la devoluci\u00f3n ser\u00e1n a cargo del cliente.<\/p>\n<p data-start=\"4540\" data-end=\"4876\">La responsabilidad del env\u00edo hasta el acuse de recibo en nuestro almac\u00e9n ser\u00e1 del cliente. Por lo tanto, le aconsejamos que asegure el env\u00edo contra robo, p\u00e9rdida o da\u00f1os de transporte (nosotros seremos responsables del transporte de ida, pero no podemos asumir la responsabilidad en el transporte de vuelta que no organizamos nosotros).<\/p>\n<p data-start=\"4878\" data-end=\"5235\">Despu\u00e9s de recibir la mercanc\u00eda, reembolsaremos al cliente el importe total de la transacci\u00f3n (a excepci\u00f3n de las limitaciones en los puntos anteriores y de posibles gastos adicionales), dentro de 7 d\u00edas desde la fecha de recepci\u00f3n de la devoluci\u00f3n de la mercanc\u00eda, utilizando el mismo m\u00e9todo de pago elegido por el cliente, a excepci\u00f3n de casos especiales.<\/p>\n<hr data-start=\"5237\" data-end=\"5240\" \/>\n<h3 data-start=\"5242\" data-end=\"5255\">Garant\u00eda:<\/h3>\n<p data-start=\"5256\" data-end=\"5574\">La garant\u00eda es de <strong data-start=\"5274\" data-end=\"5283\">1 a\u00f1o<\/strong> en componentes defectuosos.<br data-start=\"5311\" data-end=\"5314\" \/>La garant\u00eda de los productos vendidos por <strong data-start=\"5356\" data-end=\"5378\">AMGROUP MAQUINARIA<\/strong> se presta y establece exclusivamente por los servicios t\u00e9cnicos de nuestras marcas fabricantes o en su defecto por nuestro propio servicio t\u00e9cnico, con m\u00e1s de 25 a\u00f1os de experiencia en el sector.<\/p>\n<p data-start=\"5576\" data-end=\"5733\">Para gestionar la garant\u00eda es necesario presentar <strong data-start=\"5626\" data-end=\"5647\">factura de compra<\/strong>.<br data-start=\"5648\" data-end=\"5651\" \/>La garant\u00eda dar\u00e1 comienzo en el mismo d\u00eda de entrega y\/o de aceptaci\u00f3n del pedido.<\/p>\n<p data-start=\"5735\" data-end=\"6205\">La garant\u00eda quedar\u00e1 invalidada si el producto ha sido manipulado incorrectamente.<br data-start=\"5816\" data-end=\"5819\" \/>La garant\u00eda no ser\u00e1 v\u00e1lida en caso de factores externos al uso normal del producto, tales como subidas o bajadas de tensi\u00f3n, utilizaci\u00f3n de accesorios inadecuados o prohibidos por los fabricantes, las ca\u00eddas, agua, fuego o manejo incorrecto o abusivo por parte del cliente o por terceras personas no autorizadas por los fabricantes, ni materiales sometidos a desgaste por su uso normal.<\/p>\n<hr data-start=\"6207\" data-end=\"6210\" \/>\n<h3 data-start=\"6212\" data-end=\"6282\">Cl\u00e1usula obtenci\u00f3n de consentimiento al recabar datos de clientes:<\/h3>\n<p data-start=\"6284\" data-end=\"6568\">De acuerdo con lo establecido por la Ley Org\u00e1nica 15\/1999, de 13 de diciembre, de Protecci\u00f3n de Datos de Car\u00e1cter Personal, le informamos que sus datos ser\u00e1n incorporados a un fichero de <strong data-start=\"6471\" data-end=\"6493\">AMGROUP MAQUINARIA<\/strong> con la finalidad de realizar la gesti\u00f3n administrativa, contable y fiscal.<\/p>\n<p data-start=\"6570\" data-end=\"6956\">Mediante la aceptaci\u00f3n de la presente cl\u00e1usula, le informamos que presta su consentimiento a recibir comunicaciones comerciales sobre nuestros productos y\/o servicios y a que sus datos puedan ser cedidos a terceras empresas proveedoras nuestras, con la finalidad de enviarle directamente a su domicilio la compra efectuada, y\/o realizar el servicio t\u00e9cnico o de mantenimiento necesario.<\/p>\n<p data-start=\"6958\" data-end=\"7136\">Asimismo, le informamos de la posibilidad de ejercer los derechos de acceso, rectificaci\u00f3n, cancelaci\u00f3n y oposici\u00f3n de sus datos en el domicilio fiscal de <strong data-start=\"7113\" data-end=\"7135\">AMGROUP MAQUINARIA<\/strong>:<\/p>\n<p data-start=\"7138\" data-end=\"7232\"><strong data-start=\"7138\" data-end=\"7232\">Pol\u00edgon industrial, Cam\u00ed de Vilapou, Nau 30, derecha, 08640 Olesa de Montserrat, Barcelona<\/strong><\/p>\n<p data-start=\"7234\" data-end=\"7249\">CIF: B-63539308<\/p>\n<\/div><\/div><\/div><\/div><\/div>\n","protected":false},"excerpt":{"rendered":"","protected":false},"author":1,"featured_media":0,"parent":0,"menu_order":0,"comment_status":"closed","ping_status":"closed","template":"","meta":{"content-type":"","footnotes":""},"class_list":["post-97442","page","type-page","status-publish","hentry"],"_links":{"self":[{"href":"https:\/\/amgroupmaquinaria.com\/en\/wp-json\/wp\/v2\/pages\/97442","targetHints":{"allow":["GET"]}}],"collection":[{"href":"https:\/\/amgroupmaquinaria.com\/en\/wp-json\/wp\/v2\/pages"}],"about":[{"href":"https:\/\/amgroupmaquinaria.com\/en\/wp-json\/wp\/v2\/types\/page"}],"author":[{"embeddable":true,"href":"https:\/\/amgroupmaquinaria.com\/en\/wp-json\/wp\/v2\/users\/1"}],"replies":[{"embeddable":true,"href":"https:\/\/amgroupmaquinaria.com\/en\/wp-json\/wp\/v2\/comments?post=97442"}],"version-history":[{"count":0,"href":"https:\/\/amgroupmaquinaria.com\/en\/wp-json\/wp\/v2\/pages\/97442\/revisions"}],"wp:attachment":[{"href":"https:\/\/amgroupmaquinaria.com\/en\/wp-json\/wp\/v2\/media?parent=97442"}],"curies":[{"name":"wp","href":"https:\/\/api.w.org\/{rel}","templated":true}]}}