{"id":6619,"date":"2022-02-21T15:09:35","date_gmt":"2022-02-21T15:09:35","guid":{"rendered":"https:\/\/nervous-buck.82-223-21-222.plesk.page\/politique-de-confidentialite\/"},"modified":"2025-07-11T09:37:15","modified_gmt":"2025-07-11T09:37:15","slug":"politique-de-confidentialite","status":"publish","type":"page","link":"https:\/\/amgroupmaquinaria.com\/fr\/politique-de-confidentialite\/","title":{"rendered":"Politique de confidentialit\u00e9"},"content":{"rendered":"<div class=\"fusion-fullwidth fullwidth-box fusion-builder-row-1 fusion-flex-container nonhundred-percent-fullwidth non-hundred-percent-height-scrolling\" style=\"--awb-border-radius-top-left:0px;--awb-border-radius-top-right:0px;--awb-border-radius-bottom-right:0px;--awb-border-radius-bottom-left:0px;--awb-flex-wrap:wrap;\" ><div class=\"fusion-builder-row fusion-row fusion-flex-align-items-flex-start fusion-flex-content-wrap\" style=\"max-width:1310.4px;margin-left: calc(-4% \/ 2 );margin-right: calc(-4% \/ 2 );\"><div class=\"fusion-layout-column fusion_builder_column fusion-builder-column-0 fusion_builder_column_1_1 1_1 fusion-flex-column\" style=\"--awb-bg-size:cover;--awb-width-large:100%;--awb-margin-top-large:20px;--awb-spacing-right-large:1.92%;--awb-margin-bottom-large:20px;--awb-spacing-left-large:1.92%;--awb-width-medium:100%;--awb-order-medium:0;--awb-spacing-right-medium:1.92%;--awb-spacing-left-medium:1.92%;--awb-width-small:100%;--awb-order-small:0;--awb-spacing-right-small:1.92%;--awb-spacing-left-small:1.92%;\"><div class=\"fusion-column-wrapper fusion-column-has-shadow fusion-flex-justify-content-flex-start fusion-content-layout-column\"><div class=\"fusion-text fusion-text-1\"><p data-start=\"60\" data-end=\"383\"><strong data-start=\"60\" data-end=\"95\">Donn\u00e9es d\u2019enregistrement de l\u2019entreprise<\/strong><br data-start=\"95\" data-end=\"98\"><strong data-start=\"98\" data-end=\"122\">D\u00e9nomination fiscale :<\/strong> MACHINES AMGROUP<br data-start=\"141\" data-end=\"144\"><strong data-start=\"144\" data-end=\"165\">Si\u00e8ge social :<\/strong> Zone industrielle, Cam\u00ed de Vilapou, Nau 30, droite, 08640 Olesa de Montserrat, Barcelone.<br data-start=\"257\" data-end=\"260\"><strong data-start=\"260\" data-end=\"282\">Donn\u00e9es d\u2019enregistrement :<\/strong> Inscrite au registre du commerce de Barcelone, tome 36740, folio 001, feuille 284728, 1\u00e8re inscription<\/p>\n<p data-start=\"385\" data-end=\"474\"><strong data-start=\"385\" data-end=\"393\">CIF:<\/strong> B63539308<br data-start=\"403\" data-end=\"406\"><strong data-start=\"406\" data-end=\"431\">Num\u00e9ro de t\u00e9l\u00e9phone de contact :<\/strong> 935862940<br data-start=\"441\" data-end=\"444\"><strong data-start=\"444\" data-end=\"454\">Courriel :<\/strong> <a class=\"cursor-pointer\" rel=\"noopener\" data-start=\"455\" data-end=\"472\">am@aristegui.info<\/a><\/p>\n<hr data-start=\"476\" data-end=\"479\">\n<p data-start=\"481\" data-end=\"865\"><strong data-start=\"481\" data-end=\"494\">Propri\u00e9t\u00e9<\/strong><br data-start=\"494\" data-end=\"497\"><strong data-start=\"497\" data-end=\"519\">AMGROUP MAQUINARIA<\/strong> est propri\u00e9taire des \u00e9l\u00e9ments qui composent le <a class=\"\" href=\"https:\/\/amgroupmaquinaria.com\" target=\"_new\" rel=\"noopener\" data-start=\"575\" data-end=\"593\">site web www.aristegui.info<\/a>, du code source, de la structure de navigation, de la base de donn\u00e9es, du contenu et de la conception graphique (menus, boutons de navigation, textes, images, textures, graphiques, etc.) ou, dans tous les cas, dispose de l\u2019autorisation correspondante pour l\u2019utilisation de ces \u00e9l\u00e9ments.<\/p>\n<hr data-start=\"867\" data-end=\"870\">\n<p data-start=\"872\" data-end=\"1012\"><strong data-start=\"872\" data-end=\"894\">Marques<\/strong><br data-start=\"894\" data-end=\"897\">Tous les produits et noms de soci\u00e9t\u00e9s mentionn\u00e9s dans le pr\u00e9sent document sont des marques de commerce de leurs propri\u00e9taires respectifs.<\/p>\n<hr data-start=\"1014\" data-end=\"1017\">\n<p data-start=\"1019\" data-end=\"1354\"><strong data-start=\"1019\" data-end=\"1030\">Liens<\/strong><br data-start=\"1030\" data-end=\"1033\"><strong data-start=\"1033\" data-end=\"1055\">AMGROUP MAQUINARIA n\u2019assume<\/strong> aucune responsabilit\u00e9 quant aux liens externes qui, le cas \u00e9ch\u00e9ant, peuvent \u00eatre inclus dans le site web, car elle n\u2019a aucun contr\u00f4le sur ceux-ci, de sorte que l\u2019utilisateur acc\u00e8de aux contenus et aux conditions d\u2019utilisation qui les r\u00e9gissent sous sa seule responsabilit\u00e9.<\/p>\n<hr data-start=\"1356\" data-end=\"1359\">\n<p data-start=\"1361\" data-end=\"1668\"><strong data-start=\"1361\" data-end=\"1385\">Contenu du site<\/strong><br data-start=\"1385\" data-end=\"1388\"><strong data-start=\"1388\" data-end=\"1410\">AMGROUP MAQUINARIA<\/strong> se r\u00e9serve le droit d\u2019apporter sans pr\u00e9avis au site web les modifications qu\u2019elle juge opportunes, et peut changer, supprimer ou ajouter tant le contenu et les services qu\u2019il fournit que la mani\u00e8re dont ils sont pr\u00e9sent\u00e9s ou localis\u00e9s.<\/p>\n<p data-start=\"1670\" data-end=\"2185\">L\u2019utilisateur s\u2019engage \u00e0 faire un usage appropri\u00e9 des contenus et des services offerts par <strong data-start=\"1760\" data-end=\"1782\">AMGROUP MAQUINARIA<\/strong>, et \u00e0 ne pas les utiliser pour se livrer \u00e0 des activit\u00e9s ill\u00e9gales ou contraires \u00e0 la bonne foi et au syst\u00e8me juridique, et \u00e0 ne pas causer de dommages aux syst\u00e8mes physiques et logiques <strong data-start=\"1951\" data-end=\"1973\">d\u2019AMGROUP MAQUINARIA,<\/strong> de ses fournisseurs ou de tiers.  introduire ou diffuser des virus informatiques ou tout autre syst\u00e8me physique ou logique susceptible de causer les dommages d\u00e9crits ci-dessus.<\/p>\n<p data-start=\"2187\" data-end=\"2473\"><strong data-start=\"2187\" data-end=\"2209\">AMGROUP MAQUINARIA<\/strong> a l\u2019obligation de fournir au SETSI (Secr\u00e9tariat d\u2019\u00c9tat aux T\u00e9l\u00e9communications et \u00e0 la Soci\u00e9t\u00e9 de l\u2019Information) et aux autres organismes comp\u00e9tents en la mati\u00e8re, toutes les informations et la collaboration n\u00e9cessaires \u00e0 l\u2019exercice de ses fonctions.<\/p>\n<hr data-start=\"2475\" data-end=\"2478\">\n<p data-start=\"2480\" data-end=\"2719\"><strong data-start=\"2480\" data-end=\"2505\">L\u00e9gislation applicable<\/strong><br data-start=\"2505\" data-end=\"2508\">Le pr\u00e9sent avis juridique est r\u00e9gi dans tous ses aspects par la loi espagnole, les parties renon\u00e7ant express\u00e9ment \u00e0 la juridiction qui leur correspond et se soumettant aux Cours et Tribunaux de Barcelone.<\/p>\n<\/div><\/div><\/div><\/div><\/div>\n","protected":false},"excerpt":{"rendered":"","protected":false},"author":1,"featured_media":0,"parent":0,"menu_order":0,"comment_status":"closed","ping_status":"closed","template":"","meta":{"content-type":"","footnotes":""},"class_list":["post-6619","page","type-page","status-publish","hentry"],"_links":{"self":[{"href":"https:\/\/amgroupmaquinaria.com\/fr\/wp-json\/wp\/v2\/pages\/6619","targetHints":{"allow":["GET"]}}],"collection":[{"href":"https:\/\/amgroupmaquinaria.com\/fr\/wp-json\/wp\/v2\/pages"}],"about":[{"href":"https:\/\/amgroupmaquinaria.com\/fr\/wp-json\/wp\/v2\/types\/page"}],"author":[{"embeddable":true,"href":"https:\/\/amgroupmaquinaria.com\/fr\/wp-json\/wp\/v2\/users\/1"}],"replies":[{"embeddable":true,"href":"https:\/\/amgroupmaquinaria.com\/fr\/wp-json\/wp\/v2\/comments?post=6619"}],"version-history":[{"count":6,"href":"https:\/\/amgroupmaquinaria.com\/fr\/wp-json\/wp\/v2\/pages\/6619\/revisions"}],"predecessor-version":[{"id":95930,"href":"https:\/\/amgroupmaquinaria.com\/fr\/wp-json\/wp\/v2\/pages\/6619\/revisions\/95930"}],"wp:attachment":[{"href":"https:\/\/amgroupmaquinaria.com\/fr\/wp-json\/wp\/v2\/media?parent=6619"}],"curies":[{"name":"wp","href":"https:\/\/api.w.org\/{rel}","templated":true}]}}