{"id":6624,"date":"2022-02-21T15:15:40","date_gmt":"2022-02-21T15:15:40","guid":{"rendered":"https:\/\/nervous-buck.82-223-21-222.plesk.page\/conditions-dutilisation\/"},"modified":"2025-07-11T09:40:18","modified_gmt":"2025-07-11T09:40:18","slug":"conditions-dutilisation","status":"publish","type":"page","link":"https:\/\/amgroupmaquinaria.com\/fr\/conditions-dutilisation\/","title":{"rendered":"Conditions d\u2019utilisation"},"content":{"rendered":"<div class=\"fusion-fullwidth fullwidth-box fusion-builder-row-1 fusion-flex-container nonhundred-percent-fullwidth non-hundred-percent-height-scrolling\" style=\"--awb-border-radius-top-left:0px;--awb-border-radius-top-right:0px;--awb-border-radius-bottom-right:0px;--awb-border-radius-bottom-left:0px;--awb-flex-wrap:wrap;\" ><div class=\"fusion-builder-row fusion-row fusion-flex-align-items-flex-start fusion-flex-content-wrap\" style=\"max-width:1310.4px;margin-left: calc(-4% \/ 2 );margin-right: calc(-4% \/ 2 );\"><div class=\"fusion-layout-column fusion_builder_column fusion-builder-column-0 fusion_builder_column_1_1 1_1 fusion-flex-column\" style=\"--awb-bg-size:cover;--awb-width-large:100%;--awb-margin-top-large:20px;--awb-spacing-right-large:1.92%;--awb-margin-bottom-large:20px;--awb-spacing-left-large:1.92%;--awb-width-medium:100%;--awb-order-medium:0;--awb-spacing-right-medium:1.92%;--awb-spacing-left-medium:1.92%;--awb-width-small:100%;--awb-order-small:0;--awb-spacing-right-small:1.92%;--awb-spacing-left-small:1.92%;\"><div class=\"fusion-column-wrapper fusion-column-has-shadow fusion-flex-justify-content-flex-start fusion-content-layout-column\"><div class=\"fusion-text fusion-text-1\"><p data-start=\"172\" data-end=\"183\"><strong data-start=\"172\" data-end=\"183\">G\u00e9n\u00e9ralit\u00e9s<\/strong><\/p>\n<p data-start=\"185\" data-end=\"665\">En vertu de la loi 15\/1999, du 13 d\u00e9cembre, sur la protection des donn\u00e9es \u00e0 caract\u00e8re personnel, nous vous informons que vos donn\u00e9es personnelles qui peuvent figurer dans cette communication, sont incorpor\u00e9es dans un fichier sous la responsabilit\u00e9 de la soci\u00e9t\u00e9 commerciale <strong data-start=\"446\" data-end=\"468\">AMGROUP MAQUINARIA,<\/strong> CIF&nbsp;: B-63539308, inscrite au registre du commerce de Barcelone, au volume 36740,  Folio 001, num\u00e9ro de feuille 284728, 1\u00e8re inscription. Le but de ce fichier est de g\u00e9rer le service demand\u00e9.<\/p>\n<p data-start=\"667\" data-end=\"1077\">L\u2019utilisateur garantit l\u2019authenticit\u00e9 de toutes les donn\u00e9es qu\u2019il communique par <a class=\"\" href=\"https:\/\/amgroupmaquinaria.com\" target=\"_new\" rel=\"noopener\" data-start=\"754\" data-end=\"772\">l\u2019interm\u00e9diaire de www.aristegui.info<\/a> et maintiendra \u00e0 jour les informations qu\u2019il fournit \u00e0 <strong data-start=\"827\" data-end=\"849\">AMGROUP MAQUINARIA<\/strong>, afin qu\u2019il r\u00e9ponde \u00e0 tout moment \u00e0 sa situation r\u00e9elle, \u00e9tant le seul responsable des d\u00e9clarations fausses ou inexactes qu\u2019il fait, ainsi que des dommages caus\u00e9s par cela \u00e0 <strong data-start=\"1041\" data-end=\"1063\">AMGROUP MAQUINARIA<\/strong> ou \u00e0 des tiers.<\/p>\n<p data-start=\"1079\" data-end=\"1274\"><strong data-start=\"1079\" data-end=\"1101\">AMGROUP MAQUINARIA<\/strong> d\u00e9cline toute responsabilit\u00e9 d\u00e9coulant de l\u2019utilisation incorrecte, inappropri\u00e9e ou illicite des informations figurant sur les pages Internet <strong data-start=\"1251\" data-end=\"1273\">d\u2019AMGROUP MAQUINARIA<\/strong>.<\/p>\n<p data-start=\"1276\" data-end=\"1926\">Dans les limites \u00e9tablies par la loi, <strong data-start=\"1316\" data-end=\"1338\">AMGROUP MAQUINARIA n\u2019assume<\/strong> aucune responsabilit\u00e9 d\u00e9coulant du manque de v\u00e9racit\u00e9, d\u2019int\u00e9grit\u00e9, de mise \u00e0 jour et d\u2019exactitude des donn\u00e9es ou des informations contenues dans ses pages Internet. Le contenu et les informations des pages Internet <strong data-start=\"1578\" data-end=\"1600\">d\u2019AMGROUP MAQUINARIA<\/strong> sont pr\u00e9par\u00e9s par des professionnels d\u00fbment qualifi\u00e9s pour l\u2019exercice de leur profession.  Cependant, les contenus et les informations ne lient pas ce qui pr\u00e9c\u00e8de, ni ne constituent des opinions, des conseils ou des conseils juridiques de quelque nature que ce soit, puisqu\u2019il s\u2019agit simplement d\u2019un service offert \u00e0 des fins d\u2019information et d\u2019information.<\/p>\n<p data-start=\"1928\" data-end=\"2534\">Les pages Internet <strong data-start=\"1955\" data-end=\"1977\">d\u2019AMGROUP MAQUINARIA<\/strong> peuvent contenir des liens vers d\u2019autres sites Web de tiers. Par cons\u00e9quent, <strong data-start=\"2053\" data-end=\"2075\">AMGROUP MAQUINARIA<\/strong> ne peut assumer la responsabilit\u00e9 du contenu qui peut appara\u00eetre sur les pages de tiers. Les textes, images, sons, animations, logiciels et autres contenus inclus dans ce site web sont la propri\u00e9t\u00e9 exclusive <strong data-start=\"2301\" data-end=\"2323\">d\u2019AMGROUP MAQUINARIA<\/strong> ou de ses conc\u00e9dants de licence. Tout acte de transmission, de distribution, de transfert, de reproduction, de stockage ou de communication publique totale ou partielle doit avoir le consentement expr\u00e8s <strong data-start=\"2511\" data-end=\"2533\">d\u2019AMGROUP MAQUINARIA.<\/strong>   <\/p>\n<p data-start=\"2536\" data-end=\"3099\">De m\u00eame, pour acc\u00e9der aux services que <strong data-start=\"2579\" data-end=\"2601\">AMGROUP MAQUINARIA<\/strong> offre \u00e0 travers le site web, vous devez fournir certaines donn\u00e9es personnelles. Conform\u00e9ment aux dispositions de la LOPD 15\/1999, du 13 d\u00e9cembre, nous vous informons que vos donn\u00e9es personnelles seront incorpor\u00e9es et trait\u00e9es dans les fichiers <strong data-start=\"2858\" data-end=\"2880\">d\u2019AMGROUP MAQUINARIA,<\/strong> afin de pouvoir vous fournir et vous offrir nos services. De m\u00eame, nous vous informons de la possibilit\u00e9 d\u2019exercer vos droits d\u2019acc\u00e8s, de rectification, d\u2019annulation et d\u2019opposition de vos donn\u00e9es personnelles, \u00e0 l\u2019adresse suivante :  <\/p>\n<p data-start=\"3101\" data-end=\"3259\"><strong data-start=\"3101\" data-end=\"3195\">Pol\u00edgon industrial, Cam\u00ed de Vilapou, Nau 30, derecha, 08640 Olesa de Montserrat, Barcelone<\/strong>,<br data-start=\"3196\" data-end=\"3199\">ou envoyer un e-mail \u00e0 <strong data-start=\"3238\" data-end=\"3259\"><a class=\"cursor-pointer\" rel=\"noopener\" data-start=\"3240\" data-end=\"3257\">am@aristegui.info<\/a><\/strong><\/p>\n<p data-start=\"3261\" data-end=\"3866\">Votre acceptation du pr\u00e9sent avis juridique implique \u00e9galement votre consentement expr\u00e8s \u00e0 <strong data-start=\"3366\" data-end=\"3388\">ce qu\u2019AMGROUP MAQUINARIA<\/strong> vous envoie des communications publicitaires ou promotionnelles par courrier \u00e9lectronique ou par d\u2019autres moyens de communication \u00e9quivalents, dans les termes \u00e9tablis par la loi 34\/2002 sur les services de la soci\u00e9t\u00e9 de l\u2019information et du commerce \u00e9lectronique. Dans le cas o\u00f9 vous ne seriez pas int\u00e9ress\u00e9 \u00e0 recevoir ce type de communication, vous pouvez contacter <strong data-start=\"3732\" data-end=\"3754\">AMGROUP MAQUINARIA<\/strong>, \u00e0 l\u2019adresse indiqu\u00e9e ci-dessus ou par e-mail <strong data-start=\"3818\" data-end=\"3839\"><a class=\"cursor-pointer\" rel=\"noopener\" data-start=\"3820\" data-end=\"3837\">am@aristegui.info<\/a><\/strong>, en exprimant vos souhaits. <\/p>\n<p data-start=\"3868\" data-end=\"4337\">En remplissant et en envoyant les formulaires correspondants sur ce site web, l\u2019utilisateur accepte et autorise que ses donn\u00e9es personnelles fassent l\u2019objet d\u2019un traitement automatis\u00e9 par <strong data-start=\"4060\" data-end=\"4082\">AMGROUP MAQUINARIA.<\/strong> Dans le cas o\u00f9 vous incluriez dans les formulaires de ce site Web, des donn\u00e9es personnelles appartenant \u00e0 des tiers, vous devez, avant leur inclusion, obtenir leur consentement et les informer des points contenus dans les paragraphes pr\u00e9c\u00e9dents. <\/p>\n<hr data-start=\"4339\" data-end=\"4342\">\n<p data-start=\"4344\" data-end=\"4381\"><strong data-start=\"4344\" data-end=\"4381\">Normes de comportement du Blog<\/strong><\/p>\n<p data-start=\"4383\" data-end=\"4457\">Si vous souhaitez participer \u00e0 nos blogs, vous devrez accepter ces r\u00e8gles:<\/p>\n<ol data-start=\"4459\" data-end=\"7248\">\n<li data-start=\"4459\" data-end=\"5089\">\n<p data-start=\"4462\" data-end=\"5089\"><strong data-start=\"4462\" data-end=\"4494\">Responsabilit\u00e9 de l\u2019utilisateur.<\/strong> En participant aux blogs du site, vous \u00eates seul responsable des messages que vous diffusez par leur interm\u00e9diaire, garantissant \u00e0 <strong data-start=\"4624\" data-end=\"4646\">AMGROUP MAQUINARIA<\/strong> une indemnisation int\u00e9grale contre toute r\u00e9clamation qui pourrait d\u00e9couler de ces concepts.<br data-start=\"4741\" data-end=\"4744\">Dans le cas o\u00f9 les messages contiennent du mat\u00e9riel prot\u00e9g\u00e9 par des droits de propri\u00e9t\u00e9 intellectuelle ou industrielle, l\u2019utilisateur garantit qu\u2019il est le propri\u00e9taire du message ou qu\u2019il a l\u2019autorisation du propri\u00e9taire de le diffuser sur les blogs.<br data-start=\"4973\" data-end=\"4976\">Et <strong data-start=\"4992\" data-end=\"5014\">AMGROUP MAQUINARIA<\/strong> est exon\u00e9r\u00e9 de toute r\u00e9clamation de tiers qui pourrait survenir pour de tels concepts.<\/p>\n<\/li>\n<li data-start=\"5091\" data-end=\"5535\">\n<p data-start=\"5094\" data-end=\"5535\">L\u2019utilisateur doit, avant de poster un message, choisir le blog appropri\u00e9. Les messages qui ne correspondent pas au th\u00e8me du blog peuvent \u00eatre supprim\u00e9s. Il est totalement interdit de publier des promotions et des liens d\u2019offres commerciales, de publicit\u00e9, de mat\u00e9riel promotionnel, de cha\u00eenes de lettres ou toute activit\u00e9 promotionnelle directe ou indirecte ou tout autre type de commentaire non conforme au d\u00e9veloppement normal des sujets des blogs.<\/p>\n<\/li>\n<li data-start=\"5537\" data-end=\"5846\">\n<p data-start=\"5540\" data-end=\"5846\">L\u2019utilisateur doit respecter le reste des utilisateurs. L\u2019utilisateur doit \u00eatre tol\u00e9rant et respectueux des messages et des opinions des autres utilisateurs. Les messages qui peuvent \u00eatre consid\u00e9r\u00e9s comme pr\u00e9judiciables aux droits de tiers ou qui menacent le d\u00e9veloppement pacifique des blogs peuvent \u00eatre supprim\u00e9s.<\/p>\n<\/li>\n<li data-start=\"5848\" data-end=\"6093\">\n<p data-start=\"5851\" data-end=\"6093\"><strong data-start=\"5851\" data-end=\"5873\">AMGROUP MAQUINARIA<\/strong> se r\u00e9serve le droit de reproduire, modifier ou diffuser les messages publi\u00e9s dans les blogs du site web conform\u00e9ment aux termes et moyens appropri\u00e9s, sans que l\u2019utilisateur puisse pr\u00e9tendre \u00e0 aucun type de compensation.<\/p>\n<\/li>\n<li data-start=\"6095\" data-end=\"6367\">\n<p data-start=\"6098\" data-end=\"6367\"><strong data-start=\"6098\" data-end=\"6120\">AMGROUP MAQUINARIA n\u2019est<\/strong> pas responsable de ce qui est publi\u00e9 dans les blogs du site Web et ne garantit pas la v\u00e9racit\u00e9 ou l\u2019exactitude des informations qui y sont publi\u00e9es. L\u2019utilisateur qui est l\u2019exp\u00e9diteur des messages ou des informations est responsable de leur contenu.<\/p>\n<\/li>\n<li data-start=\"6369\" data-end=\"6570\">\n<p data-start=\"6372\" data-end=\"6570\"><strong data-start=\"6372\" data-end=\"6394\">AMGROUP MAQUINARIA<\/strong> ne garantit pas la disponibilit\u00e9 ou la continuit\u00e9 du service de blog du site web, et peut le modifier, le suspendre ou le supprimer du site web sans pr\u00e9avis, \u00e0 tout moment.<\/p>\n<\/li>\n<li data-start=\"6572\" data-end=\"6965\">\n<p data-start=\"6575\" data-end=\"6965\">Dans le cas o\u00f9 un utilisateur serait affect\u00e9 par des actions ill\u00e9gales, ou d\u00e9tecterait une utilisation abusive des blogs du site Web par d\u2019autres utilisateurs, il peut en informer <strong data-start=\"6757\" data-end=\"6779\">AMGROUP MAQUINARIA,<\/strong> par le <strong data-start=\"6813\" data-end=\"6834\"><a class=\"cursor-pointer\" rel=\"noopener\" data-start=\"6815\" data-end=\"6832\">biais de l\u2019am@aristegui.info<\/a><\/strong> courrier \u00e9lectronique, en indiquant dans l\u2019objet \u00ab mod\u00e9ration du blog \u00bb, afin <strong data-start=\"6906\" data-end=\"6928\">qu\u2019AMGROUP MAQUINARIA<\/strong> puisse les mod\u00e9rer ou les supprimer.<\/p>\n<\/li>\n<li data-start=\"6967\" data-end=\"7248\">\n<p data-start=\"6970\" data-end=\"7248\">L\u2019utilisateur d\u00e9gagera <strong data-start=\"7001\" data-end=\"7023\">AMGROUP MAQUINARIA<\/strong> de toute responsabilit\u00e9 contre toute r\u00e9clamation qui pourrait lui \u00eatre pr\u00e9sent\u00e9e pour les messages qu\u2019il a diffus\u00e9s sur les blogs ou pour tout autre comportement li\u00e9 \u00e0 ou d\u00e9riv\u00e9 de l\u2019utilisation par l\u2019utilisateur des blogs sur le site web.<\/p>\n<\/li>\n<\/ol>\n<hr data-start=\"7250\" data-end=\"7253\">\n<p data-start=\"7255\" data-end=\"7266\"><strong data-start=\"7255\" data-end=\"7266\">Cookies<\/strong><\/p>\n<p data-start=\"7268\" data-end=\"7513\">Ce site Web utilise Google Analytics, un service d\u2019analyse Web fourni par Google, Inc., une soci\u00e9t\u00e9 du Delaware dont le si\u00e8ge social est situ\u00e9 au 1600 Amphitheatre Parkway, Mountain View (Californie), CA 94043, \u00c9tats-Unis (\u00ab Google \u00bb).<\/p>\n<p data-start=\"7515\" data-end=\"8114\">Google Analytics utilise des \u00ab&nbsp;cookies&nbsp;\u00bb, qui sont des fichiers texte plac\u00e9s sur votre ordinateur, pour aider le site Web \u00e0 analyser la fa\u00e7on dont les utilisateurs utilisent le site Web. Les informations g\u00e9n\u00e9r\u00e9es par le cookie concernant votre utilisation du site Web (y compris votre adresse IP) seront directement transmises et stock\u00e9es par Google sur des serveurs situ\u00e9s aux \u00c9tats-Unis. Google utilisera ces informations en notre nom dans le but de suivre votre utilisation du site Web, de compiler des rapports sur l\u2019activit\u00e9 du site Web et de fournir d\u2019autres services li\u00e9s \u00e0 l\u2019activit\u00e9 du site Web et \u00e0 l\u2019utilisation d\u2019Internet.<\/p>\n<p data-start=\"8116\" data-end=\"8362\">Google peut transmettre ces informations \u00e0 des tiers lorsque la loi l\u2019exige ou lorsque ces tiers traitent les informations pour le compte de Google. Google n\u2019associera pas votre adresse IP \u00e0 d\u2019autres donn\u00e9es d\u00e9tenues par Google.<\/p>\n<p data-start=\"8364\" data-end=\"8785\">Vous pouvez refuser le traitement des donn\u00e9es ou des informations en refusant l\u2019utilisation des cookies en s\u00e9lectionnant les param\u00e8tres appropri\u00e9s de votre navigateur, cependant, vous devez savoir que si vous le faites, vous ne pourrez peut-\u00eatre pas utiliser toutes les fonctionnalit\u00e9s de ce site Web. En utilisant ce site Web, vous consentez au traitement des informations vous concernant par Google de la mani\u00e8re et aux fins indiqu\u00e9es ci-dessus.<\/p>\n<hr data-start=\"8787\" data-end=\"8790\">\n<p data-start=\"8792\" data-end=\"8817\"><strong data-start=\"8792\" data-end=\"8817\">Propri\u00e9t\u00e9 intellectuelle<\/strong><\/p>\n<p data-start=\"8819\" data-end=\"9808\">Ce site est la propri\u00e9t\u00e9 <strong data-start=\"8844\" data-end=\"8866\">d\u2019AMGROUP MAQUINARIA.<\/strong> Les droits de propri\u00e9t\u00e9 intellectuelle et les droits d\u2019exploitation et de reproduction de ce site web, de ses pages, de ses \u00e9crans, des informations qu\u2019ils contiennent, de leur apparence et de leur conception, ainsi que des liens (\u00ab&nbsp;hyperliens&nbsp;\u00bb) qui sont \u00e9tablis \u00e0 partir de celui-ci vers d\u2019autres sites web de toute filiale et\/ou soci\u00e9t\u00e9 contr\u00f4l\u00e9e <strong data-start=\"9173\" data-end=\"9195\">d\u2019AMGROUP MAQUINARIA<\/strong>, sont la propri\u00e9t\u00e9 exclusive de cette derni\u00e8re, sauf indication contraire expresse. Tout nom, design et\/ou logo, ainsi que tout produit ou service offert et refl\u00e9t\u00e9 sur ce site web, sont des marques d\u00fbment d\u00e9pos\u00e9es par <strong data-start=\"9445\" data-end=\"9467\">AMGROUP MAQUINARIA,<\/strong> par ses filiales et\/ou soci\u00e9t\u00e9s contr\u00f4l\u00e9es ou par des tiers. Toute utilisation abusive de ceux-ci par des personnes autres que leur propri\u00e9taire l\u00e9gitime et sans le consentement expr\u00e8s et sans \u00e9quivoque de ce dernier peut \u00eatre d\u00e9nonc\u00e9e et poursuivie par tous les moyens l\u00e9gaux existants dans l\u2019ordre juridique espagnol et\/ou communautaire.   <\/p>\n<p data-start=\"9810\" data-end=\"10127\">Les droits de propri\u00e9t\u00e9 intellectuelle et les marques de tiers sont mis en \u00e9vidence de mani\u00e8re commode et doivent \u00eatre respect\u00e9s par toute personne qui acc\u00e8de \u00e0 cette page, et <strong data-start=\"9996\" data-end=\"10018\">AMGROUP MAQUINARIA n\u2019est<\/strong> pas responsable de l\u2019utilisation que l\u2019utilisateur peut faire \u00e0 cet \u00e9gard, et la seule responsabilit\u00e9 lui incombe.<\/p>\n<p data-start=\"10129\" data-end=\"10426\">Seulement pour un usage personnel et priv\u00e9, il est permis de t\u00e9l\u00e9charger le contenu, copier ou imprimer n\u2019importe quelle page de ce site Web. Il est interdit de reproduire, transmettre, modifier ou supprimer les informations, contenus ou avertissements de ce site web sans l\u2019autorisation \u00e9crite pr\u00e9alable <strong data-start=\"10403\" data-end=\"10425\">d\u2019AMGROUP MAQUINARIA.<\/strong><\/p>\n<hr data-start=\"10428\" data-end=\"10431\">\n<p data-start=\"10433\" data-end=\"10465\"><strong data-start=\"10433\" data-end=\"10465\">Droit applicable et juridiction comp\u00e9tente<\/strong><\/p>\n<p data-start=\"10467\" data-end=\"10933\">Les pr\u00e9sentes conditions g\u00e9n\u00e9rales sont r\u00e9gies par la loi espagnole, et les Cours et Tribunaux espagnols sont comp\u00e9tents pour entendre toutes les questions qui pourraient se poser concernant l\u2019interpr\u00e9tation, l\u2019application et le respect de celles-ci. L\u2019utilisateur, en vertu de son acceptation des conditions g\u00e9n\u00e9rales contenues dans les pr\u00e9sentes mentions l\u00e9gales, renonce express\u00e9ment \u00e0 toute juridiction qui, par application de la loi de proc\u00e9dure civile en vigueur, pourrait lui correspondre.<\/p>\n<\/div><\/div><\/div><\/div><\/div>\n","protected":false},"excerpt":{"rendered":"","protected":false},"author":1,"featured_media":0,"parent":0,"menu_order":0,"comment_status":"closed","ping_status":"closed","template":"","meta":{"content-type":"","footnotes":""},"class_list":["post-6624","page","type-page","status-publish","hentry"],"_links":{"self":[{"href":"https:\/\/amgroupmaquinaria.com\/fr\/wp-json\/wp\/v2\/pages\/6624","targetHints":{"allow":["GET"]}}],"collection":[{"href":"https:\/\/amgroupmaquinaria.com\/fr\/wp-json\/wp\/v2\/pages"}],"about":[{"href":"https:\/\/amgroupmaquinaria.com\/fr\/wp-json\/wp\/v2\/types\/page"}],"author":[{"embeddable":true,"href":"https:\/\/amgroupmaquinaria.com\/fr\/wp-json\/wp\/v2\/users\/1"}],"replies":[{"embeddable":true,"href":"https:\/\/amgroupmaquinaria.com\/fr\/wp-json\/wp\/v2\/comments?post=6624"}],"version-history":[{"count":15,"href":"https:\/\/amgroupmaquinaria.com\/fr\/wp-json\/wp\/v2\/pages\/6624\/revisions"}],"predecessor-version":[{"id":95936,"href":"https:\/\/amgroupmaquinaria.com\/fr\/wp-json\/wp\/v2\/pages\/6624\/revisions\/95936"}],"wp:attachment":[{"href":"https:\/\/amgroupmaquinaria.com\/fr\/wp-json\/wp\/v2\/media?parent=6624"}],"curies":[{"name":"wp","href":"https:\/\/api.w.org\/{rel}","templated":true}]}}