{"id":6626,"date":"2021-11-02T15:11:55","date_gmt":"2021-11-02T15:11:55","guid":{"rendered":"https:\/\/nervous-buck.82-223-21-222.plesk.page\/politique-de-cookies\/"},"modified":"2022-06-09T10:39:11","modified_gmt":"2022-06-09T10:39:11","slug":"politique-de-cookies","status":"publish","type":"page","link":"https:\/\/amgroupmaquinaria.com\/fr\/politique-de-cookies\/","title":{"rendered":"Politique de cookies"},"content":{"rendered":"<div class=\"fusion-fullwidth fullwidth-box fusion-builder-row-1 fusion-flex-container nonhundred-percent-fullwidth non-hundred-percent-height-scrolling\" style=\"--awb-border-radius-top-left:0px;--awb-border-radius-top-right:0px;--awb-border-radius-bottom-right:0px;--awb-border-radius-bottom-left:0px;--awb-flex-wrap:wrap;\" ><div class=\"fusion-builder-row fusion-row fusion-flex-align-items-flex-start fusion-flex-content-wrap\" style=\"max-width:1310.4px;margin-left: calc(-4% \/ 2 );margin-right: calc(-4% \/ 2 );\"><div class=\"fusion-layout-column fusion_builder_column fusion-builder-column-0 fusion_builder_column_1_1 1_1 fusion-flex-column\" style=\"--awb-bg-size:cover;--awb-width-large:100%;--awb-margin-top-large:20px;--awb-spacing-right-large:1.92%;--awb-margin-bottom-large:20px;--awb-spacing-left-large:1.92%;--awb-width-medium:100%;--awb-order-medium:0;--awb-spacing-right-medium:1.92%;--awb-spacing-left-medium:1.92%;--awb-width-small:100%;--awb-order-small:0;--awb-spacing-right-small:1.92%;--awb-spacing-left-small:1.92%;\"><div class=\"fusion-column-wrapper fusion-column-has-shadow fusion-flex-justify-content-flex-start fusion-content-layout-column\"><div class=\"fusion-text fusion-text-1\" style=\"--awb-text-transform:none;\"><div class=\"panel-heading\">\n<h3 class=\"panel-title toggle fusion-responsive-typography-calculated\" data-fontsize=\"16\" data-lineheight=\"22.08px\"><span class=\"fusion-toggle-heading\">Utilisation de cookies<\/span><\/h3>\n<\/div>\n<div id=\"4105b2753815de139\" class=\"panel-collapse collapse in\">\n<div class=\"panel-body toggle-content fusion-clearfix\">\n<p>Nous utilisons des cookies pour faciliter l\u2019utilisation de notre site Web. Les cookies sont de petits fichiers d\u2019information qui nous permettent de comparer et de comprendre comment nos utilisateurs naviguent sur notre site Web, et de cette mani\u00e8re \u00eatre en mesure d\u2019am\u00e9liorer par cons\u00e9quent le processus de navigation.<\/p>\n<p>Les cookies que nous utilisons ne stockent aucune donn\u00e9e personnelle, ni aucune information permettant de vous identifier. Si vous ne souhaitez pas recevoir de cookies, veuillez configurer votre navigateur Internet pour les supprimer du disque dur de votre ordinateur, les bloquer ou vous avertir en cas d\u2019installation de ceux-ci. Pour continuer sans modifier vos param\u00e8tres de cookies, continuez simplement sur le site Web.<\/p>\n<p>Les types de cookies que nous utilisons<\/p>\n<\/div>\n<\/div>\n<\/div><div class=\"fusion-text fusion-text-2\" style=\"--awb-text-transform:none;\"><div class=\"panel-heading\">\n<div class=\"panel-heading\">\n<h3 class=\"fusion-responsive-typography-calculated\" data-fontsize=\"17\" data-lineheight=\"25.5px\">Cookies strictement n\u00e9cessaires<\/h3>\n<p>Ces cookies sont n\u00e9cessaires \u00e0 l\u2019utilisation correcte du site Web, permettant l\u2019acc\u00e8s aux sections qui ont des filtres de s\u00e9curit\u00e9. Sans ces cookies, de nombreux services disponibles ne seraient pas op\u00e9rationnels.<\/p>\n<\/div>\n<\/div>\n<\/div><div class=\"fusion-text fusion-text-3\" style=\"--awb-text-transform:none;\"><div class=\"panel-heading\">\n<div class=\"panel-heading\">\n<div class=\"panel-heading\">\n<h3 class=\"fusion-responsive-typography-calculated\" data-fontsize=\"17\" data-lineheight=\"25.5px\">Navigation Cookies<\/h3>\n<p>Ces cookies collectent des informations sur l\u2019utilisation que les visiteurs font du Web, par exemple les pages vues, les erreurs de chargement&#8230; Il s\u2019agit d\u2019informations g\u00e9n\u00e9riques et anonymes, o\u00f9 les donn\u00e9es personnelles ne sont pas incluses, ni d\u2019informations permettant d\u2019identifier les visiteurs collect\u00e9es; \u00e9tant le but ultime d\u2019am\u00e9liorer le fonctionnement du web.<\/p>\n<p>En visitant notre site Web, vous acceptez l\u2019installation de ces cookies sur votre appareil.<\/p>\n<\/div>\n<\/div>\n<\/div>\n<\/div><div class=\"fusion-text fusion-text-4\" style=\"--awb-text-transform:none;\"><div class=\"panel-heading\">\n<div class=\"panel-heading\">\n<div class=\"panel-heading\">\n<div class=\"panel-heading\">\n<h3 class=\"fusion-responsive-typography-calculated\" data-fontsize=\"17\" data-lineheight=\"25.5px\">Cookies fonctionnels<\/h3>\n<p>Ces cookies vous permettent de m\u00e9moriser des informations (telles que votre nom d\u2019utilisateur, votre langue ou la r\u00e9gion dans laquelle vous vous trouvez) et des caract\u00e9ristiques plus personnelles. Par exemple, la possibilit\u00e9 d\u2019offrir un contenu personnalis\u00e9 en fonction des informations et des crit\u00e8res que vous avez volontairement fournis. Ces cookies peuvent \u00e9galement \u00eatre utilis\u00e9s pour m\u00e9moriser les modifications apport\u00e9es \u00e0 la taille du texte, aux polices et \u00e0 d\u2019autres parties personnalisables du site Web. Ils sont \u00e9galement utilis\u00e9s pour offrir certains services demand\u00e9s, tels que regarder une vid\u00e9o ou commenter sur un blog. Les informations collect\u00e9es par ces cookies peuvent \u00eatre anonymes et votre activit\u00e9 sur d\u2019autres sites Web ne peut pas \u00eatre suivie.<\/p>\n<p>En visitant notre site Web, vous acceptez l\u2019installation de ces cookies sur votre appareil.<\/p>\n<\/div>\n<\/div>\n<\/div>\n<\/div>\n<\/div><div class=\"fusion-text fusion-text-5\" style=\"--awb-text-transform:none;\"><div class=\"panel-heading\">\n<h3>Comment g\u00e9rer les cookies sur les ordinateurs<\/h3>\n<p>Si vous ne souhaitez pas recevoir de cookies, veuillez configurer votre navigateur Internet pour les supprimer du disque dur de votre ordinateur, les bloquer ou vous avertir en cas d\u2019installation de ceux-ci.<\/p>\n<p><strong>Internet Explorer :<\/strong> <a href=\"http:\/\/windows.microsoft.com\/es-es\/internet-explorer\/delete-manage-cookies\" target=\"_blank\" rel=\"nofollow noopener\">http:\/\/windows.microsoft.com\/es-es\/internet-explorer\/delete-manage-cookies<\/a><\/p>\n<p><strong>Google Chrome :<\/strong> <a href=\"https:\/\/support.google.com\/chrome\/answer\/95647\" target=\"_blank\" rel=\"nofollow noopener\">https:\/\/support.google.com\/chrome\/answer\/95647<\/a><\/p>\n<p><strong>Firefox :<\/strong> <a href=\"http:\/\/support.mozilla.org\/kb\/delete-cookies-remove-info-websites-stored\" target=\"_blank\" rel=\"nofollow noopener\">http:\/\/support.mozilla.org\/kb\/delete-cookies-remove-info-websites-stored<\/a><\/p>\n<p><strong>Safari: <\/strong> Acc\u00e9dez au menu Pr\u00e9f\u00e9rences Safari &gt; \/ Dans la section Confidentialit\u00e9, appuyez sur le bouton D\u00e9tails \/ S\u00e9lectionnez le site Web qui stocke les cookies et appuyez sur Supprimer, ou appuyez sur Supprimer tout pour supprimer tous les cookies<\/p>\n<\/div>\n<\/div><\/div><\/div><\/div><\/div>\n","protected":false},"excerpt":{"rendered":"","protected":false},"author":1,"featured_media":0,"parent":0,"menu_order":0,"comment_status":"closed","ping_status":"closed","template":"","meta":{"content-type":"","footnotes":""},"class_list":["post-6626","page","type-page","status-publish","hentry"],"_links":{"self":[{"href":"https:\/\/amgroupmaquinaria.com\/fr\/wp-json\/wp\/v2\/pages\/6626","targetHints":{"allow":["GET"]}}],"collection":[{"href":"https:\/\/amgroupmaquinaria.com\/fr\/wp-json\/wp\/v2\/pages"}],"about":[{"href":"https:\/\/amgroupmaquinaria.com\/fr\/wp-json\/wp\/v2\/types\/page"}],"author":[{"embeddable":true,"href":"https:\/\/amgroupmaquinaria.com\/fr\/wp-json\/wp\/v2\/users\/1"}],"replies":[{"embeddable":true,"href":"https:\/\/amgroupmaquinaria.com\/fr\/wp-json\/wp\/v2\/comments?post=6626"}],"version-history":[{"count":4,"href":"https:\/\/amgroupmaquinaria.com\/fr\/wp-json\/wp\/v2\/pages\/6626\/revisions"}],"predecessor-version":[{"id":87501,"href":"https:\/\/amgroupmaquinaria.com\/fr\/wp-json\/wp\/v2\/pages\/6626\/revisions\/87501"}],"wp:attachment":[{"href":"https:\/\/amgroupmaquinaria.com\/fr\/wp-json\/wp\/v2\/media?parent=6626"}],"curies":[{"name":"wp","href":"https:\/\/api.w.org\/{rel}","templated":true}]}}