{"id":6628,"date":"2022-02-21T15:20:57","date_gmt":"2022-02-21T15:20:57","guid":{"rendered":"https:\/\/nervous-buck.82-223-21-222.plesk.page\/conditions-de-vente\/"},"modified":"2022-06-09T10:39:09","modified_gmt":"2022-06-09T10:39:09","slug":"conditions-de-vente","status":"publish","type":"page","link":"https:\/\/amgroupmaquinaria.com\/fr\/conditions-de-vente\/","title":{"rendered":"Conditions de vente"},"content":{"rendered":"<div class=\"fusion-fullwidth fullwidth-box fusion-builder-row-1 fusion-flex-container nonhundred-percent-fullwidth non-hundred-percent-height-scrolling\" style=\"--awb-border-radius-top-left:0px;--awb-border-radius-top-right:0px;--awb-border-radius-bottom-right:0px;--awb-border-radius-bottom-left:0px;--awb-flex-wrap:wrap;\" ><div class=\"fusion-builder-row fusion-row fusion-flex-align-items-flex-start fusion-flex-content-wrap\" style=\"max-width:1310.4px;margin-left: calc(-4% \/ 2 );margin-right: calc(-4% \/ 2 );\"><div class=\"fusion-layout-column fusion_builder_column fusion-builder-column-0 fusion_builder_column_1_1 1_1 fusion-flex-column\" style=\"--awb-bg-size:cover;--awb-width-large:100%;--awb-margin-top-large:20px;--awb-spacing-right-large:1.92%;--awb-margin-bottom-large:20px;--awb-spacing-left-large:1.92%;--awb-width-medium:100%;--awb-order-medium:0;--awb-spacing-right-medium:1.92%;--awb-spacing-left-medium:1.92%;--awb-width-small:100%;--awb-order-small:0;--awb-spacing-right-small:1.92%;--awb-spacing-left-small:1.92%;\"><div class=\"fusion-column-wrapper fusion-column-has-shadow fusion-flex-justify-content-flex-start fusion-content-layout-column\"><div class=\"fusion-text fusion-text-1\" style=\"--awb-text-transform:none;\"><div class=\"panel-heading\">\n<h3 class=\"fusion-responsive-typography-calculated\" data-fontsize=\"28\" data-lineheight=\"42px\"><strong>Modes de paiement:<\/strong><\/h3>\n<p>Pour assurer une s\u00e9curit\u00e9 compl\u00e8te pour le consommateur, le paiement de la marchandise achet\u00e9e est \u00e9tabli les 2 syst\u00e8mes de paiement suivants:<\/p>\n<p>\u2013 <strong>Paiement par carte de cr\u00e9dit (Stripe):<\/strong> Les paiements en ligne sont effectu\u00e9s via un serveur s\u00e9curis\u00e9, o\u00f9 les donn\u00e9es voyagent crypt\u00e9es. Le serveur s\u00e9curis\u00e9 provient de Stripe qui collecte les donn\u00e9es de carte de cr\u00e9dit et effectue le paiement. Par cons\u00e9quent, nous ne les manipulons ni ne les stockons.<\/p>\n<p>\u2013 <strong>PayPal :<\/strong> une forme connue dans le monde entier pour sa s\u00e9curit\u00e9 et son confort.<\/p>\n<\/div>\n<\/div><div class=\"fusion-text fusion-text-2\" style=\"--awb-text-transform:none;\"><div class=\"panel-heading\">\n<div class=\"panel-heading\">\n<h3 class=\"fusion-responsive-typography-calculated\" data-fontsize=\"28\" data-lineheight=\"42px\">D\u00e9lai de livraison et d\u2019exp\u00e9dition:<\/h3>\n<ul>\n<li>Les d\u00e9lais de livraison indiqu\u00e9s sont indicatifs, bien que le d\u00e9lai de livraison habituel soit de 24 \u00e0 48 heures (ouvrables).<\/li>\n<li>L\u2019engagement acquis pour la vente et l\u2019exp\u00e9dition de la marchandise offerte, est soumis au stock du produit annonc\u00e9 et \u00e0 la disponibilit\u00e9 de celui-ci jusqu\u2019\u00e0 la fin du stock, de sorte que Aristegui Maquinaria, S.L. dans son engagement envers la qualit\u00e9 et le service \u00e0 la client\u00e8le, essaie \u00e0 tout moment que les produits annonc\u00e9s sont disponibles. Toutefois, s\u2019il existe des circonstances exceptionnelles qui entra\u00eenent la fin des stocks du produit, la commande et le contrat sign\u00e9 entre les parties, seront nuls et non avenus en vertu de cette clause r\u00e9solutoire, renvoyant int\u00e9gralement au client en cas de paiement anticip\u00e9 les sommes vers\u00e9es pour cela, sans proc\u00e9der en faveur de l\u2019une des parties \u00e0 l\u2019indemnisation pour rupture de contrat,  les dommages indirects ou la perte de profits.<\/li>\n<li>Ar\u00edstegui Maquinaria, S.L. n\u2019enverra aucune commande tant qu\u2019elle n\u2019aura pas v\u00e9rifi\u00e9 que le paiement de celle-ci a \u00e9t\u00e9 effectu\u00e9.<\/li>\n<li>Bien que les commandes soient g\u00e9n\u00e9ralement livr\u00e9es dans un d\u00e9lai compris entre 1 et 2 jours, un d\u00e9lai approximatif de 1 \u00e0 5 jours ouvrables est \u00e9tabli pour la livraison effective du produit achet\u00e9, un d\u00e9lai qui commencera \u00e0 \u00eatre compt\u00e9 \u00e0 partir du moment o\u00f9 Ar\u00edstegui Maquinaria prend connaissance du paiement du produit effectu\u00e9 par le client.<\/li>\n<li>La commande sera livr\u00e9e \u00e0 l\u2019adresse indiqu\u00e9e au moment de la conclusion du contrat par le client. La modification ult\u00e9rieure du lieu de livraison demand\u00e9e par le client peut g\u00e9n\u00e9rer des frais suppl\u00e9mentaires sur le prix de vente et le transport.<\/li>\n<li>La commande sera livr\u00e9e \u00e0 l\u2019entr\u00e9e principale du lieu indiqu\u00e9 par le client et une signature et le N.I.F. seront n\u00e9cessaires pour r\u00e9cup\u00e9rer les marchandises.<\/li>\n<li>Le d\u00e9lai maximum pour faire la r\u00e9clamation au transporteur est de 24 heures dans le cas o\u00f9 un produit endommag\u00e9 et \/ ou endommag\u00e9 arrive, au moyen d\u2019une r\u00e9clamation par courrier \u00e9lectronique \u00e0 l\u2019adresse e-mail am@ar\u00edstegui.info ou au num\u00e9ro de t\u00e9l\u00e9phone du service client\u00e8le 93.586.29.40. Ces 24 heures sont celles que l\u2019assurance transport donne pour r\u00e9clamer l\u2019incident.<\/li>\n<li>Le produit achet\u00e9 peut subir, en raison de la disponibilit\u00e9 du fabricant, des modifications non substantielles dans les composants, les caract\u00e9ristiques ou les performances, tant qu\u2019elles ne supposent pas un d\u00e9m\u00e9rite des qualit\u00e9s et des avantages annonc\u00e9s.<\/li>\n<\/ul>\n<\/div>\n<\/div>\n<\/div><div class=\"fusion-text fusion-text-3\" style=\"--awb-text-transform:none;\"><div class=\"panel-heading\">\n<div class=\"panel-heading\">\n<div class=\"panel-heading\">\n<h3 class=\"fusion-responsive-typography-calculated\" data-fontsize=\"28\" data-lineheight=\"42px\">Retourne:<\/h3>\n<ul>\n<li>-Conform\u00e9ment aux dispositions de l\u2019article 44 de la loi 7\/1996, du 15 janvier 1996, sur la r\u00e9glementation du commerce de d\u00e9tail, le client aura le droit de r\u00e9voquer la commande demand\u00e9e dans les sept jours ouvrables suivant la r\u00e9ception de la m\u00eame, communication pr\u00e9alable \u00e0 Ar\u00edstegui Maquinaria, S.L. tant que l\u2019outil ou la machine retourn\u00e9 n\u2019est pas utilis\u00e9 ou manipul\u00e9 et est en parfait \u00e9tat pour la vente ult\u00e9rieure en tant qu\u2019article neuf y compris ses outils d\u2019emballage d\u2019origine et son mode d\u2019emploi.<\/li>\n<li>Le retour aura des frais de 10 \u20ac pour les frais de gestion et d\u2019exp\u00e9dition de la machine, de sorte que le client recevra le paiement du montant pay\u00e9 \u00e0 l\u2019exception de ces 10 \u20ac.<\/li>\n<li>Dans le cas o\u00f9 le produit est manifestement utilis\u00e9 et subira donc une d\u00e9valuation commerciale lorsqu\u2019il sera recommercialis\u00e9 en tant que \u00ab&nbsp;produit d\u2019occasion&nbsp;\u00bb, la valeur sera r\u00e9duite. Il en sera de m\u00eame en cas de manque de l\u2019emballage d\u2019origine ou de son int\u00e9grit\u00e9, une condition qui nous obligera \u00e0 demander au producteur de le racheter et de le remplacer.<\/li>\n<li>Le client enverra les marchandises avec son propre transporteur \u00e0 la structure logistique de notre soci\u00e9t\u00e9 Ar\u00edstegui Maquinaria S.L., dans les 14 jours suivant la communication de la r\u00e9tractation. Les frais de port du retour seront \u00e0 la charge du client.<\/li>\n<li>La responsabilit\u00e9 de l\u2019exp\u00e9dition jusqu\u2019\u00e0 l\u2019accus\u00e9 de r\u00e9ception dans notre entrep\u00f4t sera le client. Par cons\u00e9quent, nous vous conseillons d\u2019assurer l\u2019envoi contre le vol, la perte ou l\u2019endommagement du transport (nous serons responsables du transport aller simple, mais nous ne pouvons pas assumer la responsabilit\u00e9 du transport de retour que nous n\u2019organisons pas).<\/li>\n<li>Apr\u00e8s r\u00e9ception de la marchandise, nous rembourserons au client le montant total de la transaction (\u00e0 l\u2019exception des limitations des points pr\u00e9c\u00e9dents et des \u00e9ventuels frais suppl\u00e9mentaires), dans les 7 jours suivant la date de r\u00e9ception du retour de la marchandise, en utilisant le m\u00eame mode de paiement choisi par le client, sauf cas particuliers.<\/li>\n<\/ul>\n<h2 class=\"fusion-responsive-typography-calculated\" data-fontsize=\"28\" data-lineheight=\"42px\"><\/h2>\n<\/div>\n<\/div>\n<\/div>\n<\/div><div class=\"fusion-text fusion-text-4\" style=\"--awb-text-transform:none;\"><div class=\"panel-heading\">\n<div class=\"panel-heading\">\n<div class=\"panel-heading\">\n<div class=\"panel-heading\">\n<h3 class=\"fusion-responsive-typography-calculated\" data-fontsize=\"28\" data-lineheight=\"42px\">Garantie:<\/h3>\n<ul>\n<li>La garantie est de 1 an sur les composants d\u00e9fectueux<\/li>\n<li>La garantie des produits <strong>vendus par Ar\u00edstegui Maquinaria, S.L.<\/strong> est fournie et \u00e9tablie exclusivement par les services techniques de nos marques de fabricants ou, \u00e0 d\u00e9faut, par notre propre service technique, avec plus de 25 ans d\u2019exp\u00e9rience dans le secteur.<\/li>\n<li>Pour g\u00e9rer la garantie, il est n\u00e9cessaire de pr\u00e9senter une facture d\u2019achat.<\/li>\n<li>La garantie commencera le jour m\u00eame de la livraison et \/ ou de l\u2019acceptation de la commande.<\/li>\n<li>La garantie sera invalid\u00e9e si le produit a \u00e9t\u00e9 manipul\u00e9 de mani\u00e8re incorrecte.<\/li>\n<li>La garantie ne sera pas valable en cas de facteurs externes \u00e0 l\u2019utilisation normale du produit, tels que les hausses ou les baisses de tension, l\u2019utilisation d\u2019accessoires inappropri\u00e9s ou interdits par les fabricants, les chutes, l\u2019eau, le feu ou la manipulation incorrecte ou abusive par le client ou par des tiers non autoris\u00e9s par les fabricants, ou les mat\u00e9riaux soumis \u00e0 l\u2019usure due \u00e0 une utilisation normale.<\/li>\n<\/ul>\n<\/div>\n<\/div>\n<\/div>\n<\/div>\n<\/div><div class=\"fusion-text fusion-text-5\" style=\"--awb-text-transform:none;\"><div class=\"panel-heading\">\n<div class=\"panel-heading\">\n<div class=\"panel-heading\">\n<div class=\"panel-heading\">\n<div class=\"panel-heading\">\n<div class=\"panel-heading\">\n<div class=\"panel-heading\">\n<h3 class=\"fusion-responsive-typography-calculated\" data-fontsize=\"28\" data-lineheight=\"42px\">Clause d\u2019obtention du consentement lors de la collecte des donn\u00e9es client<\/h3>\n<p>Conform\u00e9ment aux dispositions de la loi organique 15\/1999, du 13 d\u00e9cembre, Protection des donn\u00e9es personnelles, nous vous informons que vos donn\u00e9es seront incorpor\u00e9es dans un fichier de <strong>Aristegui Maquinaria, S.L.<\/strong> afin d\u2019effectuer la gestion administrative, comptable et fiscale.<br \/>\nEn acceptant cette clause, nous vous informons que vous donnez votre consentement pour recevoir des communications commerciales sur nos produits et \/ ou services et que vos donn\u00e9es peuvent \u00eatre transf\u00e9r\u00e9es \u00e0 nos fournisseurs tiers, afin de vous envoyer directement \u00e0 votre domicile l\u2019achat effectu\u00e9, et \/ ou d\u2019effectuer le service technique ou de maintenance n\u00e9cessaire.<br \/>\nDe m\u00eame, nous vous informons de la possibilit\u00e9 d\u2019exercer les droits d\u2019acc\u00e8s, de rectification, d\u2019annulation et d\u2019opposition de vos donn\u00e9es \u00e0 l\u2019adresse fiscale de <strong>Ar\u00edstegui Maquinaria, S.L. \u2013 C \/ Collita, 44 \u2013 08191 Rub\u00ed ( Barcelone ) B-63539308.<\/strong><\/p>\n<\/div>\n<\/div>\n<\/div>\n<\/div>\n<\/div>\n<\/div>\n<\/div>\n<\/div><\/div><\/div><\/div><\/div>\n","protected":false},"excerpt":{"rendered":"","protected":false},"author":1,"featured_media":0,"parent":0,"menu_order":0,"comment_status":"closed","ping_status":"closed","template":"","meta":{"content-type":"","footnotes":""},"class_list":["post-6628","page","type-page","status-publish","hentry"],"_links":{"self":[{"href":"https:\/\/amgroupmaquinaria.com\/fr\/wp-json\/wp\/v2\/pages\/6628","targetHints":{"allow":["GET"]}}],"collection":[{"href":"https:\/\/amgroupmaquinaria.com\/fr\/wp-json\/wp\/v2\/pages"}],"about":[{"href":"https:\/\/amgroupmaquinaria.com\/fr\/wp-json\/wp\/v2\/types\/page"}],"author":[{"embeddable":true,"href":"https:\/\/amgroupmaquinaria.com\/fr\/wp-json\/wp\/v2\/users\/1"}],"replies":[{"embeddable":true,"href":"https:\/\/amgroupmaquinaria.com\/fr\/wp-json\/wp\/v2\/comments?post=6628"}],"version-history":[{"count":4,"href":"https:\/\/amgroupmaquinaria.com\/fr\/wp-json\/wp\/v2\/pages\/6628\/revisions"}],"predecessor-version":[{"id":87490,"href":"https:\/\/amgroupmaquinaria.com\/fr\/wp-json\/wp\/v2\/pages\/6628\/revisions\/87490"}],"wp:attachment":[{"href":"https:\/\/amgroupmaquinaria.com\/fr\/wp-json\/wp\/v2\/media?parent=6628"}],"curies":[{"name":"wp","href":"https:\/\/api.w.org\/{rel}","templated":true}]}}