{"id":97441,"date":"2022-02-21T15:15:40","date_gmt":"2022-02-21T15:15:40","guid":{"rendered":""},"modified":"2025-07-11T09:06:02","modified_gmt":"2025-07-11T09:06:02","slug":"condiciones-de-uso","status":"publish","type":"page","link":"https:\/\/amgroupmaquinaria.com\/fr\/condiciones-de-uso\/","title":{"rendered":"Condiciones de uso"},"content":{"rendered":"<div class=\"fusion-fullwidth fullwidth-box fusion-builder-row-1 fusion-flex-container nonhundred-percent-fullwidth non-hundred-percent-height-scrolling\" style=\"--awb-border-radius-top-left:0px;--awb-border-radius-top-right:0px;--awb-border-radius-bottom-right:0px;--awb-border-radius-bottom-left:0px;--awb-flex-wrap:wrap;\" ><div class=\"fusion-builder-row fusion-row fusion-flex-align-items-flex-start fusion-flex-content-wrap\" style=\"max-width:1310.4px;margin-left: calc(-4% \/ 2 );margin-right: calc(-4% \/ 2 );\"><div class=\"fusion-layout-column fusion_builder_column fusion-builder-column-0 fusion_builder_column_1_1 1_1 fusion-flex-column\" style=\"--awb-bg-size:cover;--awb-width-large:100%;--awb-margin-top-large:20px;--awb-spacing-right-large:1.92%;--awb-margin-bottom-large:20px;--awb-spacing-left-large:1.92%;--awb-width-medium:100%;--awb-order-medium:0;--awb-spacing-right-medium:1.92%;--awb-spacing-left-medium:1.92%;--awb-width-small:100%;--awb-order-small:0;--awb-spacing-right-small:1.92%;--awb-spacing-left-small:1.92%;\"><div class=\"fusion-column-wrapper fusion-column-has-shadow fusion-flex-justify-content-flex-start fusion-content-layout-column\"><div class=\"fusion-text fusion-text-1\"><p data-start=\"172\" data-end=\"183\"><strong data-start=\"172\" data-end=\"183\">General<\/strong><\/p>\n<p data-start=\"185\" data-end=\"665\">En virtud de la Ley 15\/1999, de 13 de diciembre, sobre la Protecci\u00f3n de Datos de car\u00e1cter personal, le hacemos conocedor de que sus datos personales que pueden estar en esta comunicaci\u00f3n, est\u00e1n incorporados en un fichero responsabilidad de la empresa mercantil <strong data-start=\"446\" data-end=\"468\">AMGROUP MAQUINARIA<\/strong>, CIF: B-63539308, inscrita en el Registro Mercantil de Barcelona, en el Tomo 36740, Folio 001, Hoja N\u00famero 284728, Inscripci\u00f3n 1\u00aa. La finalidad de este fichero es gestionar el servicio solicitado.<\/p>\n<p data-start=\"667\" data-end=\"1077\">El usuario garantiza la autenticidad de todos aquellos datos que comunique a trav\u00e9s de <a class=\"\" href=\"https:\/\/amgroupmaquinaria.com\" target=\"_new\" rel=\"noopener\" data-start=\"754\" data-end=\"772\">www.aristegui.info<\/a> y mantendr\u00e1 actualizada la informaci\u00f3n que facilite a <strong data-start=\"827\" data-end=\"849\">AMGROUP MAQUINARIA<\/strong>, de forma que responda en todo momento a su situaci\u00f3n real, siendo el \u00fanico responsable de las manifestaciones falsas o inexactas que realice, as\u00ed como de los perjuicios que cause por ello a <strong data-start=\"1041\" data-end=\"1063\">AMGROUP MAQUINARIA<\/strong> o a terceros.<\/p>\n<p data-start=\"1079\" data-end=\"1274\"><strong data-start=\"1079\" data-end=\"1101\">AMGROUP MAQUINARIA<\/strong> no puede asumir ninguna responsabilidad derivada del uso incorrecto, inapropiado o il\u00edcito de la informaci\u00f3n aparecida en las p\u00e1ginas de Internet de <strong data-start=\"1251\" data-end=\"1273\">AMGROUP MAQUINARIA<\/strong>.<\/p>\n<p data-start=\"1276\" data-end=\"1926\">Con los l\u00edmites establecidos en la ley, <strong data-start=\"1316\" data-end=\"1338\">AMGROUP MAQUINARIA<\/strong> no asume ninguna responsabilidad derivada de la falta de veracidad, integridad, actualizaci\u00f3n y precisi\u00f3n de los datos o informaciones que se contienen en sus p\u00e1ginas de Internet. Los contenidos e informaci\u00f3n de las p\u00e1ginas de Internet de <strong data-start=\"1578\" data-end=\"1600\">AMGROUP MAQUINARIA<\/strong> est\u00e1n elaborados por profesionales debidamente cualificados para el ejercicio de su profesi\u00f3n. Sin embargo, los contenidos e informaci\u00f3n no vinculan a la susodicha, ni constituyen opiniones, consejos o asesoramiento legal de ning\u00fan tipo, pues se trata meramente de un servicio ofrecido con car\u00e1cter informativo y divulgativo.<\/p>\n<p data-start=\"1928\" data-end=\"2534\">Las p\u00e1ginas de Internet de <strong data-start=\"1955\" data-end=\"1977\">AMGROUP MAQUINARIA<\/strong> pueden contener enlaces (links) a otras p\u00e1ginas de terceros. Por lo tanto, <strong data-start=\"2053\" data-end=\"2075\">AMGROUP MAQUINARIA<\/strong> no podr\u00e1 asumir responsabilidades por el contenido que pueda aparecer en p\u00e1ginas de terceros. Los textos, im\u00e1genes, sonidos, animaciones, software y el resto de contenidos incluidos en este website son propiedad exclusiva de <strong data-start=\"2301\" data-end=\"2323\">AMGROUP MAQUINARIA<\/strong> o sus licenciantes. Cualquier acto de transmisi\u00f3n, distribuci\u00f3n, cesi\u00f3n, reproducci\u00f3n, almacenamiento o comunicaci\u00f3n p\u00fablica total o parcial, debe contar con el consentimiento expreso de <strong data-start=\"2511\" data-end=\"2533\">AMGROUP MAQUINARIA<\/strong>.<\/p>\n<p data-start=\"2536\" data-end=\"3099\">Asimismo, para acceder a los servicios que <strong data-start=\"2579\" data-end=\"2601\">AMGROUP MAQUINARIA<\/strong> ofrece a trav\u00e9s del website, deber\u00e1 proporcionar algunos datos de car\u00e1cter personal. En cumplimiento de lo establecido en la LOPD 15\/1999, de 13 de diciembre, le informamos que sus datos personales quedar\u00e1n incorporados y ser\u00e1n tratados en los ficheros de <strong data-start=\"2858\" data-end=\"2880\">AMGROUP MAQUINARIA<\/strong>, con el fin de poderle prestar y ofrecer nuestros servicios. Asimismo, le informamos de la posibilidad de que ejerza los derechos de acceso, rectificaci\u00f3n, cancelaci\u00f3n y oposici\u00f3n de sus datos de car\u00e1cter personal, en:<\/p>\n<p data-start=\"3101\" data-end=\"3259\"><strong data-start=\"3101\" data-end=\"3195\">Pol\u00edgon industrial, Cam\u00ed de Vilapou, Nau 30, derecha, 08640 Olesa de Montserrat, Barcelona<\/strong>,<br data-start=\"3196\" data-end=\"3199\" \/>o bien, enviar un correo electr\u00f3nico a <strong data-start=\"3238\" data-end=\"3259\"><a class=\"cursor-pointer\" rel=\"noopener\" data-start=\"3240\" data-end=\"3257\">am@aristegui.info<\/a><\/strong><\/p>\n<p data-start=\"3261\" data-end=\"3866\">Su aceptaci\u00f3n al presente Aviso Legal tambi\u00e9n supone la prestaci\u00f3n de su consentimiento expreso para que <strong data-start=\"3366\" data-end=\"3388\">AMGROUP MAQUINARIA<\/strong> pueda remitirle comunicaciones publicitarias o promocionales por correo electr\u00f3nico u otro medio de comunicaci\u00f3n equivalente, en los t\u00e9rminos establecidos por la Ley 34\/2002, de Servicios de la Sociedad de la Informaci\u00f3n y de Comercio Electr\u00f3nico. En el supuesto de no estar interesado en recibir este tipo de comunicaciones puede dirigirse a <strong data-start=\"3732\" data-end=\"3754\">AMGROUP MAQUINARIA<\/strong>, a la direcci\u00f3n anteriormente indicada o al correo electr\u00f3nico <strong data-start=\"3818\" data-end=\"3839\"><a class=\"cursor-pointer\" rel=\"noopener\" data-start=\"3820\" data-end=\"3837\">am@aristegui.info<\/a><\/strong>, manifestando su voluntad.<\/p>\n<p data-start=\"3868\" data-end=\"4337\">Mediante la cumplimentaci\u00f3n y env\u00edo de los correspondientes formularios de esta web, el Usuario acepta y autoriza que sus datos personales sean objeto de tratamiento automatizado por parte de <strong data-start=\"4060\" data-end=\"4082\">AMGROUP MAQUINARIA<\/strong>. En caso que Ud. incluya en los formularios de esta web, datos de car\u00e1cter personal titularidad de terceras personas deber\u00e1, con car\u00e1cter previo a su inclusi\u00f3n, obtener su consentimiento e informarle de los extremos contenidos en los p\u00e1rrafos anteriores.<\/p>\n<hr data-start=\"4339\" data-end=\"4342\" \/>\n<p data-start=\"4344\" data-end=\"4381\"><strong data-start=\"4344\" data-end=\"4381\">Normas de comportamiento del Blog<\/strong><\/p>\n<p data-start=\"4383\" data-end=\"4457\">Si quieres participar en nuestros blogs, tendr\u00e1s que aceptar estas reglas:<\/p>\n<ol data-start=\"4459\" data-end=\"7248\">\n<li data-start=\"4459\" data-end=\"5089\">\n<p data-start=\"4462\" data-end=\"5089\"><strong data-start=\"4462\" data-end=\"4494\">Responsabilidad del Usuario.<\/strong> Al participar en los blogs de la web eres el \u00fanico responsable de los mensajes que difundas a trav\u00e9s de aquellos, garantizando a <strong data-start=\"4624\" data-end=\"4646\">AMGROUP MAQUINARIA<\/strong> la total indemnidad frente cualquier reclamaci\u00f3n que pudiera plante\u00e1rsele por tales conceptos.<br data-start=\"4741\" data-end=\"4744\" \/>En caso de que los mensajes contengan material protegido por derechos de propiedad intelectual o industrial, el usuario garantiza que es su propietario o cuenta con la autorizaci\u00f3n del propietario para difundirlo en los Blogs.<br data-start=\"4973\" data-end=\"4976\" \/>Y se exime a <strong data-start=\"4992\" data-end=\"5014\">AMGROUP MAQUINARIA<\/strong> de cualquier reclamaci\u00f3n de terceros que se planteara por tales conceptos.<\/p>\n<\/li>\n<li data-start=\"5091\" data-end=\"5535\">\n<p data-start=\"5094\" data-end=\"5535\">El usuario deber\u00e1, antes de publicar un mensaje, elegir el blog apropiado. Aquellos mensajes que no se ajusten a la tem\u00e1tica del blog podr\u00e1n ser eliminados. Est\u00e1 totalmente prohibido publicar promociones y enlaces de ofertas comerciales, publicidad, material promocional, cartas cadena ni cualquier actividad promocional directa o indirecta o cualquier otro tipo de comentario que no se ajuste al normal desarrollo de los temas de los blogs.<\/p>\n<\/li>\n<li data-start=\"5537\" data-end=\"5846\">\n<p data-start=\"5540\" data-end=\"5846\">El usuario deber\u00e1 respetar al resto de usuarios. El usuario debe ser tolerante y respetuoso con los mensajes y opiniones de los dem\u00e1s usuarios. Se podr\u00e1n suprimir aquellos mensajes que puedan ser considerados lesivos contra los derechos de terceros o que atenten contra el desarrollo pac\u00edfico de los blogs.<\/p>\n<\/li>\n<li data-start=\"5848\" data-end=\"6093\">\n<p data-start=\"5851\" data-end=\"6093\"><strong data-start=\"5851\" data-end=\"5873\">AMGROUP MAQUINARIA<\/strong> se reserva el derecho de reproducir, modificar o difundir los mensajes publicados en los blogs de la web conforme a los t\u00e9rminos y medios convenientes sin que por ello corresponda al usuario ning\u00fan tipo de compensaci\u00f3n.<\/p>\n<\/li>\n<li data-start=\"6095\" data-end=\"6367\">\n<p data-start=\"6098\" data-end=\"6367\"><strong data-start=\"6098\" data-end=\"6120\">AMGROUP MAQUINARIA<\/strong> no es responsable de lo publicado en los blogs de la web ni garantiza la veracidad o exactitud de ninguna informaci\u00f3n publicada en los mismos. Corresponde al usuario remitente de los mensajes o informaciones la responsabilidad sobre su contenido.<\/p>\n<\/li>\n<li data-start=\"6369\" data-end=\"6570\">\n<p data-start=\"6372\" data-end=\"6570\"><strong data-start=\"6372\" data-end=\"6394\">AMGROUP MAQUINARIA<\/strong> no garantiza la disponibilidad ni continuidad del servicio de blogs de la web, pudiendo modificarlo, suspenderlo o eliminarlo de la web sin previo aviso, en cualquier momento.<\/p>\n<\/li>\n<li data-start=\"6572\" data-end=\"6965\">\n<p data-start=\"6575\" data-end=\"6965\">En el caso de que un usuario pueda verse afectado por actuaciones ilegales, o detecte un mal uso de los blogs de la web por parte de otros usuarios, podr\u00e1 ponerlo en conocimiento de <strong data-start=\"6757\" data-end=\"6779\">AMGROUP MAQUINARIA<\/strong>, a trav\u00e9s del correo electr\u00f3nico <strong data-start=\"6813\" data-end=\"6834\"><a class=\"cursor-pointer\" rel=\"noopener\" data-start=\"6815\" data-end=\"6832\">am@aristegui.info<\/a><\/strong>, indicando en la referencia del asunto \u201cmoderaci\u00f3n de blogs\u201d, para que <strong data-start=\"6906\" data-end=\"6928\">AMGROUP MAQUINARIA<\/strong> pueda moderar o eliminar los mismos.<\/p>\n<\/li>\n<li data-start=\"6967\" data-end=\"7248\">\n<p data-start=\"6970\" data-end=\"7248\">El usuario mantendr\u00e1 indemne a <strong data-start=\"7001\" data-end=\"7023\">AMGROUP MAQUINARIA<\/strong> frente a cualquier reclamaci\u00f3n que pudiera present\u00e1rsele por los mensajes que el usuario haya difundido en los blogs o por cualquier otra conducta vinculada o derivada de la utilizaci\u00f3n por el usuario de los blogs de la web.<\/p>\n<\/li>\n<\/ol>\n<hr data-start=\"7250\" data-end=\"7253\" \/>\n<p data-start=\"7255\" data-end=\"7266\"><strong data-start=\"7255\" data-end=\"7266\">Cookies<\/strong><\/p>\n<p data-start=\"7268\" data-end=\"7513\">Esta p\u00e1gina web utiliza Google Analytics, un servicio anal\u00edtico de web prestado por Google, Inc., una compa\u00f1\u00eda de Delaware cuya oficina principal est\u00e1 en 1600 Amphitheatre Parkway, Mountain View (California), CA 94043, Estados Unidos (\u201cGoogle\u201d).<\/p>\n<p data-start=\"7515\" data-end=\"8114\">Google Analytics utiliza \u201ccookies\u201d, que son archivos de texto ubicados en su ordenador, para ayudar al website a analizar el uso que hacen los usuarios del sitio web. La informaci\u00f3n que genera la cookie acerca de su uso del website (incluyendo su direcci\u00f3n IP) ser\u00e1 directamente transmitida y archivada por Google en los servidores de Estados Unidos. Google usar\u00e1 esta informaci\u00f3n por cuenta nuestra con el prop\u00f3sito de seguir la pista de su uso del website, recopilando informes de la actividad del website y prestando otros servicios relacionados con la actividad del website y el uso de Internet.<\/p>\n<p data-start=\"8116\" data-end=\"8362\">Google podr\u00e1 transmitir dicha informaci\u00f3n a terceros cuando as\u00ed se lo requiera la legislaci\u00f3n, o cuando dichos terceros procesen la informaci\u00f3n por cuenta de Google. Google no asociar\u00e1 su direcci\u00f3n IP con ning\u00fan otro dato del que disponga Google.<\/p>\n<p data-start=\"8364\" data-end=\"8785\">Puede Usted rechazar el tratamiento de los datos o la informaci\u00f3n rechazando el uso de cookies mediante la selecci\u00f3n de la configuraci\u00f3n apropiada de su navegador, sin embargo, debe Usted saber que si lo hace puede ser que no pueda usar la plena funcionalidad de este website. Al utilizar este website Usted consiente el tratamiento de informaci\u00f3n acerca de Usted por Google en la forma y para los fines arriba indicados.<\/p>\n<hr data-start=\"8787\" data-end=\"8790\" \/>\n<p data-start=\"8792\" data-end=\"8817\"><strong data-start=\"8792\" data-end=\"8817\">Propiedad intelectual<\/strong><\/p>\n<p data-start=\"8819\" data-end=\"9808\">Esta web es propiedad de <strong data-start=\"8844\" data-end=\"8866\">AMGROUP MAQUINARIA<\/strong>. Los derechos de Propiedad Intelectual y derechos de explotaci\u00f3n y reproducci\u00f3n de esta web, de sus p\u00e1ginas, pantallas, la Informaci\u00f3n que contienen, su apariencia y dise\u00f1o, as\u00ed como los v\u00ednculos (\u201chiperlinks\u201d) que se establezcan desde ella a otras p\u00e1ginas web de cualquier sociedad filial y\/o dominada de <strong data-start=\"9173\" data-end=\"9195\">AMGROUP MAQUINARIA<\/strong>, son propiedad exclusiva de \u00e9sta, salvo que expresamente se especifique otra cosa. Cualquier denominaci\u00f3n, dise\u00f1o y\/o logotipo, as\u00ed como cualquier producto o servicio ofrecidos y reflejados en esta p\u00e1gina web, son marcas debidamente registradas por <strong data-start=\"9445\" data-end=\"9467\">AMGROUP MAQUINARIA<\/strong>, por sus sociedades filiales y\/o dominadas o por terceros. Cualquier uso indebido de las mismas por personas diferentes de su leg\u00edtimo titular y sin el consentimiento expreso e inequ\u00edvoco por parte de \u00e9ste podr\u00e1 ser denunciado y perseguido a trav\u00e9s de todos los medios legales existentes en el Ordenamiento Jur\u00eddico espa\u00f1ol y\/o comunitario.<\/p>\n<p data-start=\"9810\" data-end=\"10127\">Los derechos de propiedad intelectual y marcas de terceros est\u00e1n destacados convenientemente y deben ser respetados por todo aqu\u00e9l que acceda a esta p\u00e1gina, no siendo responsabilidad de <strong data-start=\"9996\" data-end=\"10018\">AMGROUP MAQUINARIA<\/strong> el uso que el usuario pueda llevar a cabo al respecto, recayendo la responsabilidad exclusiva en su persona.<\/p>\n<p data-start=\"10129\" data-end=\"10426\">S\u00f3lo para uso personal y privado se permite descargar los contenidos, copiar o imprimir cualquier p\u00e1gina de esta web. Queda prohibido reproducir, transmitir, modificar o suprimir la informaci\u00f3n, contenido o advertencias de esta web sin la previa autorizaci\u00f3n por escrito de <strong data-start=\"10403\" data-end=\"10425\">AMGROUP MAQUINARIA<\/strong>.<\/p>\n<hr data-start=\"10428\" data-end=\"10431\" \/>\n<p data-start=\"10433\" data-end=\"10465\"><strong data-start=\"10433\" data-end=\"10465\">Ley aplicable y jurisdicci\u00f3n<\/strong><\/p>\n<p data-start=\"10467\" data-end=\"10933\">Las presentes condiciones generales se rigen por la Legislaci\u00f3n espa\u00f1ola, siendo competentes los Juzgados y Tribunales espa\u00f1oles para conocer de cuantas cuestiones se susciten sobre la interpretaci\u00f3n, aplicaci\u00f3n y cumplimiento de las mismas. El usuario, por virtud de su aceptaci\u00f3n a las condiciones generales recogidas en este aviso legal, renuncia expresamente a cualquier fuero que, por aplicaci\u00f3n de la Ley de Enjuiciamiento Civil vigente pudiera corresponderle.<\/p>\n<\/div><\/div><\/div><\/div><\/div>\n","protected":false},"excerpt":{"rendered":"","protected":false},"author":1,"featured_media":0,"parent":0,"menu_order":0,"comment_status":"closed","ping_status":"closed","template":"","meta":{"content-type":"","footnotes":""},"class_list":["post-97441","page","type-page","status-publish","hentry"],"_links":{"self":[{"href":"https:\/\/amgroupmaquinaria.com\/fr\/wp-json\/wp\/v2\/pages\/97441","targetHints":{"allow":["GET"]}}],"collection":[{"href":"https:\/\/amgroupmaquinaria.com\/fr\/wp-json\/wp\/v2\/pages"}],"about":[{"href":"https:\/\/amgroupmaquinaria.com\/fr\/wp-json\/wp\/v2\/types\/page"}],"author":[{"embeddable":true,"href":"https:\/\/amgroupmaquinaria.com\/fr\/wp-json\/wp\/v2\/users\/1"}],"replies":[{"embeddable":true,"href":"https:\/\/amgroupmaquinaria.com\/fr\/wp-json\/wp\/v2\/comments?post=97441"}],"version-history":[{"count":0,"href":"https:\/\/amgroupmaquinaria.com\/fr\/wp-json\/wp\/v2\/pages\/97441\/revisions"}],"wp:attachment":[{"href":"https:\/\/amgroupmaquinaria.com\/fr\/wp-json\/wp\/v2\/media?parent=97441"}],"curies":[{"name":"wp","href":"https:\/\/api.w.org\/{rel}","templated":true}]}}