{"id":85210,"date":"1970-01-01T00:00:00","date_gmt":"1970-01-01T00:00:00","guid":{"rendered":"https:\/\/nervous-buck.82-223-21-222.plesk.page\/producto\/hd140\/"},"modified":"2022-03-22T14:20:14","modified_gmt":"2022-03-22T14:20:14","slug":"hd140-2","status":"publish","type":"product","link":"https:\/\/amgroupmaquinaria.com\/fr\/producto\/hd140-2\/","title":{"rendered":"HD140"},"content":{"rendered":"<p><div class=\"fusion-fullwidth fullwidth-box fusion-builder-row-1 fusion-flex-container nonhundred-percent-fullwidth non-hundred-percent-height-scrolling\" style=\"--awb-border-radius-top-left:0px;--awb-border-radius-top-right:0px;--awb-border-radius-bottom-right:0px;--awb-border-radius-bottom-left:0px;--awb-padding-top:0px;--awb-padding-right:0px;--awb-padding-bottom:2%;--awb-padding-left:0px;--awb-margin-top:0px;--awb-margin-bottom:20px;--awb-flex-wrap:wrap;\" ><div class=\"fusion-builder-row fusion-row fusion-flex-align-items-flex-start fusion-flex-content-wrap\" style=\"max-width:1310.4px;margin-left: calc(-4% \/ 2 );margin-right: calc(-4% \/ 2 );\"><div class=\"fusion-layout-column fusion_builder_column fusion-builder-column-0 fusion_builder_column_1_1 1_1 fusion-flex-column\" style=\"--awb-bg-size:cover;--awb-width-large:100%;--awb-margin-top-large:20px;--awb-spacing-right-large:1.92%;--awb-margin-bottom-large:20px;--awb-spacing-left-large:1.92%;--awb-width-medium:100%;--awb-order-medium:0;--awb-spacing-right-medium:1.92%;--awb-spacing-left-medium:1.92%;--awb-width-small:100%;--awb-order-small:0;--awb-spacing-right-small:1.92%;--awb-spacing-left-small:1.92%;\"><div class=\"fusion-column-wrapper fusion-column-has-shadow fusion-flex-justify-content-flex-start fusion-content-layout-column\"><div class=\"fusion-text fusion-text-1\" style=\"--awb-text-transform:none;\"><h2>Sp\u00e9cifications techniques<\/h2>\n<\/div><div class=\"fusion-content-boxes content-boxes columns row fusion-columns-1 fusion-columns-total-0 fusion-content-boxes-1 content-boxes-icon-on-side content-left\" style=\"--awb-hover-accent-color:#c11214;--awb-circle-hover-accent-color:transparent;--awb-item-margin-bottom:40px;\" data-animationOffset=\"top-into-view\"><div class=\"fusion-clearfix\"><\/div><\/div>\n<div class=\"table-1\">\n<table width=\"100%\">\n<tbody>\n<tr>\n<td align=\"left\">Caudal<\/td>\n<td align=\"left\">m3\/min<\/td>\n<td align=\"left\">1,45 \/ 1,7<\/td>\n<\/tr>\n<tr>\n<td align=\"left\">Pression statique<\/td>\n<td align=\"left\">Papa<\/td>\n<td align=\"left\">14000<\/td>\n<\/tr>\n<tr>\n<td align=\"left\">Tension<\/td>\n<td align=\"left\">V<\/td>\n<td align=\"left\">3 X 400<\/td>\n<\/tr>\n<tr>\n<td align=\"left\">Fr\u00e9quence<\/td>\n<td align=\"left\">Hz<\/td>\n<td align=\"left\">50 \/ 60<\/td>\n<\/tr>\n<tr>\n<td align=\"left\">Consommation \u00e9lectrique<\/td>\n<td align=\"left\">\u00c0<\/td>\n<td align=\"left\">1,1 \/ 1,2<\/td>\n<\/tr>\n<tr>\n<td align=\"left\">Vitesse<\/td>\n<td align=\"left\">Tr \/ min<\/td>\n<td align=\"left\">2810 \/ 3390<\/td>\n<\/tr>\n<tr>\n<td align=\"left\">Moteur<\/td>\n<td align=\"left\">Kw<\/td>\n<td align=\"left\">0,46 \/ 0,62<\/td>\n<\/tr>\n<tr>\n<td align=\"left\">Bruit<\/td>\n<td align=\"left\">LpA (db)<\/td>\n<td align=\"left\">65 \/ 70<\/td>\n<\/tr>\n<tr>\n<td align=\"left\">Poids<\/td>\n<td align=\"left\">Kg<\/td>\n<td align=\"left\">11,3<\/td>\n<\/tr>\n<tr>\n<td align=\"left\">Diam\u00e8tre d\u2019entr\u00e9e<\/td>\n<td align=\"left\">mm<\/td>\n<td align=\"left\">38mm<\/td>\n<\/tr>\n<tr>\n<td align=\"left\">Diam\u00e8tre de sortie<\/td>\n<td align=\"left\">mm<\/td>\n<td align=\"left\">38mm<\/td>\n<\/tr>\n<tr>\n<td align=\"left\">Mesure<\/td>\n<td align=\"left\">LxLxH<\/td>\n<td align=\"left\">283 x 244 x 365,5<\/td>\n<\/tr>\n<tr>\n<td align=\"left\">Temp\u00e9rature de fonctionnement<\/td>\n<td align=\"left\">\u00baC<\/td>\n<td align=\"left\">\u2013 20\u00baC \u00e0 + 60\u00baC<\/td>\n<\/tr>\n<tr>\n<td align=\"left\">Type de protection<\/td>\n<td colspan=\"2\" align=\"left\">Ip54<\/td>\n<\/tr>\n<\/tbody>\n<\/table>\n<\/div>\n<\/div><\/div><\/div><\/div>\n<\/p>\n","protected":false},"excerpt":{"rendered":"<p>Le HD140 est un ventilateur \u00e0 air froid haute pression parfait pour un travail continu, la temp\u00e9rature de fonctionnement du ventilateur haute pression ne pourra pas \u00eatre sup\u00e9rieure \u00e0 60 \u00b0 C.<\/p>\n<ul>\n<li>Faible niveau de bruit.<\/li>\n<li>Sans entretien.<\/li>\n<li>Conception compacte.<\/li>\n<li>Haute efficacit\u00e9.<\/li>\n<li>Compl\u00e8tement sans huile<\/li>\n<\/ul>\n<p>&nbsp;<\/p>\n<p>&nbsp;<\/p>\n[fusion_global id=\"2371\"]\n","protected":false},"featured_media":6086,"template":"","meta":{"content-type":""},"product_brand":[],"product_cat":[895],"product_tag":[],"class_list":{"0":"post-85210","1":"product","2":"type-product","3":"status-publish","4":"has-post-thumbnail","6":"product_cat-souffleurs","8":"first","9":"instock","10":"taxable","11":"shipping-taxable","12":"product-type-simple"},"_links":{"self":[{"href":"https:\/\/amgroupmaquinaria.com\/fr\/wp-json\/wp\/v2\/product\/85210","targetHints":{"allow":["GET"]}}],"collection":[{"href":"https:\/\/amgroupmaquinaria.com\/fr\/wp-json\/wp\/v2\/product"}],"about":[{"href":"https:\/\/amgroupmaquinaria.com\/fr\/wp-json\/wp\/v2\/types\/product"}],"wp:featuredmedia":[{"embeddable":true,"href":"https:\/\/amgroupmaquinaria.com\/fr\/wp-json\/wp\/v2\/media\/6086"}],"wp:attachment":[{"href":"https:\/\/amgroupmaquinaria.com\/fr\/wp-json\/wp\/v2\/media?parent=85210"}],"wp:term":[{"taxonomy":"product_brand","embeddable":true,"href":"https:\/\/amgroupmaquinaria.com\/fr\/wp-json\/wp\/v2\/product_brand?post=85210"},{"taxonomy":"product_cat","embeddable":true,"href":"https:\/\/amgroupmaquinaria.com\/fr\/wp-json\/wp\/v2\/product_cat?post=85210"},{"taxonomy":"product_tag","embeddable":true,"href":"https:\/\/amgroupmaquinaria.com\/fr\/wp-json\/wp\/v2\/product_tag?post=85210"}],"curies":[{"name":"wp","href":"https:\/\/api.w.org\/{rel}","templated":true}]}}