{"id":85211,"date":"1970-01-01T00:00:00","date_gmt":"1970-01-01T00:00:00","guid":{"rendered":"https:\/\/nervous-buck.82-223-21-222.plesk.page\/producto\/soron\/"},"modified":"2022-03-22T14:20:14","modified_gmt":"2022-03-22T14:20:14","slug":"soron-2","status":"publish","type":"product","link":"https:\/\/amgroupmaquinaria.com\/fr\/producto\/soron-2\/","title":{"rendered":"SORON"},"content":{"rendered":"<p><div class=\"fusion-fullwidth fullwidth-box fusion-builder-row-1 fusion-flex-container nonhundred-percent-fullwidth non-hundred-percent-height-scrolling\" style=\"--awb-border-radius-top-left:0px;--awb-border-radius-top-right:0px;--awb-border-radius-bottom-right:0px;--awb-border-radius-bottom-left:0px;--awb-padding-top:0px;--awb-padding-right:0px;--awb-padding-bottom:2%;--awb-padding-left:0px;--awb-margin-top:0px;--awb-margin-bottom:20px;--awb-flex-wrap:wrap;\" ><div class=\"fusion-builder-row fusion-row fusion-flex-align-items-flex-start fusion-flex-content-wrap\" style=\"max-width:1310.4px;margin-left: calc(-4% \/ 2 );margin-right: calc(-4% \/ 2 );\"><div class=\"fusion-layout-column fusion_builder_column fusion-builder-column-0 fusion_builder_column_1_1 1_1 fusion-flex-column\" style=\"--awb-bg-size:cover;--awb-width-large:100%;--awb-margin-top-large:20px;--awb-spacing-right-large:1.92%;--awb-margin-bottom-large:20px;--awb-spacing-left-large:1.92%;--awb-width-medium:100%;--awb-order-medium:0;--awb-spacing-right-medium:1.92%;--awb-spacing-left-medium:1.92%;--awb-width-small:100%;--awb-order-small:0;--awb-spacing-right-small:1.92%;--awb-spacing-left-small:1.92%;\"><div class=\"fusion-column-wrapper fusion-column-has-shadow fusion-flex-justify-content-flex-start fusion-content-layout-column\"><div class=\"fusion-text fusion-text-1\" style=\"--awb-text-transform:none;\"><h2>Sp\u00e9cifications techniques<\/h2>\n<\/div><div class=\"fusion-content-boxes content-boxes columns row fusion-columns-1 fusion-columns-total-0 fusion-content-boxes-1 content-boxes-icon-on-side content-left\" style=\"--awb-hover-accent-color:#c11214;--awb-circle-hover-accent-color:transparent;--awb-item-margin-bottom:40px;\" data-animationOffset=\"top-into-view\"><div class=\"fusion-clearfix\"><\/div><\/div>\n<div class=\"table-1\">\n<table width=\"100%\">\n<tbody>\n<tr>\n<td align=\"left\">Tension (V)<\/td>\n<td align=\"left\">230<\/td>\n<\/tr>\n<tr>\n<td align=\"left\">Puissance (Kw)<\/td>\n<td align=\"left\">0.1<\/td>\n<\/tr>\n<tr>\n<td align=\"left\">\u00c9lectricit\u00e9 (A)<\/td>\n<td align=\"left\">0.43<\/td>\n<\/tr>\n<tr>\n<td align=\"left\">Fr\u00e9quence<\/td>\n<td align=\"left\">50 \/ 60<\/td>\n<\/tr>\n<tr>\n<td align=\"left\">Quantit\u00e9 d\u2019air \u00e0 20\u00ba (l\/min.)<\/td>\n<td align=\"left\">400<\/td>\n<\/tr>\n<tr>\n<td align=\"left\">Pression statique (Pa)<\/td>\n<td align=\"left\">4500<\/td>\n<\/tr>\n<tr>\n<td align=\"left\">Mesures (mm)<\/td>\n<td align=\"left\">250 x 95<\/td>\n<\/tr>\n<tr>\n<td align=\"left\">Poids<\/td>\n<td align=\"left\">1.2 avec c\u00e2ble<\/td>\n<\/tr>\n<tr>\n<td align=\"left\">Certificat<\/td>\n<td align=\"left\">APR\u00c8S J\u00c9SUS-CHRIST<\/td>\n<\/tr>\n<\/tbody>\n<\/table>\n<\/div>\n<\/div><\/div><\/div><\/div>\n<\/p>\n","protected":false},"excerpt":{"rendered":"<p>Le SORON est un petit ventilateur manuel et tr\u00e8s compact, qui fournit d\u2019excellents r\u00e9sultats.<\/p>\n<p>Id\u00e9al comme alimentation en air pour nos outils \u00e0 main et nos r\u00e9chauffeurs d\u2019air.<\/p>\n[fusion_global id=\"2371\"]\n","protected":false},"featured_media":6128,"template":"","meta":{"content-type":""},"product_brand":[],"product_cat":[895],"product_tag":[],"class_list":{"0":"post-85211","1":"product","2":"type-product","3":"status-publish","4":"has-post-thumbnail","6":"product_cat-souffleurs","8":"first","9":"instock","10":"taxable","11":"shipping-taxable","12":"product-type-simple"},"_links":{"self":[{"href":"https:\/\/amgroupmaquinaria.com\/fr\/wp-json\/wp\/v2\/product\/85211","targetHints":{"allow":["GET"]}}],"collection":[{"href":"https:\/\/amgroupmaquinaria.com\/fr\/wp-json\/wp\/v2\/product"}],"about":[{"href":"https:\/\/amgroupmaquinaria.com\/fr\/wp-json\/wp\/v2\/types\/product"}],"wp:featuredmedia":[{"embeddable":true,"href":"https:\/\/amgroupmaquinaria.com\/fr\/wp-json\/wp\/v2\/media\/6128"}],"wp:attachment":[{"href":"https:\/\/amgroupmaquinaria.com\/fr\/wp-json\/wp\/v2\/media?parent=85211"}],"wp:term":[{"taxonomy":"product_brand","embeddable":true,"href":"https:\/\/amgroupmaquinaria.com\/fr\/wp-json\/wp\/v2\/product_brand?post=85211"},{"taxonomy":"product_cat","embeddable":true,"href":"https:\/\/amgroupmaquinaria.com\/fr\/wp-json\/wp\/v2\/product_cat?post=85211"},{"taxonomy":"product_tag","embeddable":true,"href":"https:\/\/amgroupmaquinaria.com\/fr\/wp-json\/wp\/v2\/product_tag?post=85211"}],"curies":[{"name":"wp","href":"https:\/\/api.w.org\/{rel}","templated":true}]}}