{"id":85447,"date":"1970-01-01T00:00:00","date_gmt":"1970-01-01T00:00:00","guid":{"rendered":"https:\/\/nervous-buck.82-223-21-222.plesk.page\/producto\/drader\/"},"modified":"2022-03-22T14:21:28","modified_gmt":"2022-03-22T14:21:28","slug":"drader","status":"publish","type":"product","link":"https:\/\/amgroupmaquinaria.com\/fr\/producto\/drader\/","title":{"rendered":"DRADER"},"content":{"rendered":"<p><div class=\"fusion-fullwidth fullwidth-box fusion-builder-row-1 fusion-flex-container nonhundred-percent-fullwidth non-hundred-percent-height-scrolling\" style=\"--awb-border-radius-top-left:0px;--awb-border-radius-top-right:0px;--awb-border-radius-bottom-right:0px;--awb-border-radius-bottom-left:0px;--awb-padding-top:0px;--awb-padding-right:0px;--awb-padding-bottom:2%;--awb-padding-left:0px;--awb-margin-top:0px;--awb-margin-bottom:20px;--awb-flex-wrap:wrap;\" ><div class=\"fusion-builder-row fusion-row fusion-flex-align-items-flex-start fusion-flex-content-wrap\" style=\"max-width:1310.4px;margin-left: calc(-4% \/ 2 );margin-right: calc(-4% \/ 2 );\"><div class=\"fusion-layout-column fusion_builder_column fusion-builder-column-0 fusion_builder_column_1_1 1_1 fusion-flex-column\" style=\"--awb-bg-size:cover;--awb-width-large:100%;--awb-margin-top-large:20px;--awb-spacing-right-large:1.92%;--awb-margin-bottom-large:20px;--awb-spacing-left-large:1.92%;--awb-width-medium:100%;--awb-order-medium:0;--awb-spacing-right-medium:1.92%;--awb-spacing-left-medium:1.92%;--awb-width-small:100%;--awb-order-small:0;--awb-spacing-right-small:1.92%;--awb-spacing-left-small:1.92%;\"><div class=\"fusion-column-wrapper fusion-column-has-shadow fusion-flex-justify-content-flex-start fusion-content-layout-column\"><div class=\"fusion-text fusion-text-1\" style=\"--awb-text-transform:none;\"><h2>Sp\u00e9cifications techniques<\/h2>\n<\/div><div class=\"fusion-content-boxes content-boxes columns row fusion-columns-1 fusion-columns-total-1 fusion-content-boxes-1 content-boxes-icon-on-side content-left\" style=\"--awb-hover-accent-color:#c11214;--awb-circle-hover-accent-color:transparent;--awb-item-margin-bottom:40px;\" data-animationOffset=\"top-into-view\"><div style=\"--awb-backgroundcolor:rgba(255,255,255,0);--awb-iconcolor:#c11214;--awb-content-padding-left:52px;\" class=\"fusion-column content-box-column content-box-column content-box-column-1 col-lg-12 col-md-12 col-sm-12 fusion-content-box-hover content-box-column-last content-box-column-last-in-row\"><div class=\"col content-box-wrapper content-wrapper link-area-link-icon link-type-text content-icon-wrapper-yes icon-hover-animation-fade\" data-animationOffset=\"top-into-view\"><div class=\"heading heading-with-icon icon-left\"><a class=\"heading-link\" href=\"\/wp-content\/uploads\/2022\/01\/pdf-drader.pdf\" target=\"_blank\" rel=\"noopener noreferrer\"><div class=\"icon\"><span ><i style=\"background-color:transparent;border-color:transparent;height:auto;width: 32px;line-height:normal;font-size:32px;\" aria-hidden=\"true\" class=\"fontawesome-icon fa-file-pdf fas circle-no\"><\/i><\/span><\/div><h2 class=\"content-box-heading fusion-responsive-typography-calculated\" style=\"--h2_typography-font-size:24px;--fontSize:24;line-height:1.2;padding-left:52px;\">T\u00e9l\u00e9charger le PDF du produit<\/h2><\/a><\/div><\/div><\/div><div class=\"fusion-clearfix\"><\/div><\/div>\n<div class=\"table-1\">\n<table width=\"100%\">\n<tbody>\n<tr>\n<td align=\"left\">Poids<\/td>\n<td align=\"left\">2,7 KG<\/td>\n<\/tr>\n<tr>\n<td align=\"left\">Plage de temp\u00e9rature<\/td>\n<td align=\"left\">220\u00baC \u00e0 300\u00baC<\/td>\n<\/tr>\n<tr>\n<td align=\"left\">Tension<\/td>\n<td align=\"left\">220 \u2013 240 VCA \u2013 50 Hz<\/td>\n<\/tr>\n<tr>\n<td align=\"left\">Pouvoir<\/td>\n<td align=\"left\">300 W 50 Hz<\/td>\n<\/tr>\n<tr>\n<td align=\"left\">Pression atmosph\u00e9rique<\/td>\n<td align=\"left\">6 \u2013 10 bar<\/td>\n<\/tr>\n<tr>\n<td align=\"left\">Consommation d\u2019air<\/td>\n<td align=\"left\">112 l\/m<\/td>\n<\/tr>\n<tr>\n<td align=\"left\">Baguette<\/td>\n<td align=\"left\">4 mm<\/td>\n<\/tr>\n<\/tbody>\n<\/table>\n<\/div>\n<\/div><\/div><\/div><\/div>\n<\/p>\n","protected":false},"excerpt":{"rendered":"<p>Le Drader est un appareil de soudage plastique \u00e0 chaleur manuelle, qui assure le brasage. La qualit\u00e9 du soudage est tr\u00e8s \u00e9lev\u00e9e, m\u00eame lorsque les gens n\u2019ont pas beaucoup d\u2019exp\u00e9rience. Le r\u00e9sultat avec le Drader est proche de 100% de r\u00e9sistance \u00e0 la soudure sans l\u2019utilisation d\u2019air chaud ou de gaz.<\/p>\n<p>Il dispose d\u2019un syst\u00e8me d\u2019alimentation automatique qui permet \u00e0 une personne d\u2019utiliser le fer \u00e0 souder d\u2019une seule main. De cette fa\u00e7on, il donne un grand avantage sur les autres soudeurs manuels, car il permet d\u2019avoir les mains libres pour tenir le mat\u00e9riau.<\/p>\n<p>Le W3000 de Drader Injectiweld prend en charge les tiges de soudage de 0,156 pouce (4 mm) de diam\u00e8tre. L\u2019alimentation est automatique une fois que la tige est correctement ins\u00e9r\u00e9e dans l\u2019\u00e9quipement de soudage.<\/p>\n<p>Gr\u00e2ce aux diff\u00e9rentes buses interchangeables dont dispose le Drader Injectiweld, il peut \u00eatre utilis\u00e9 dans la r\u00e9paration de fissures, le remplissage de petits trous, le soudage par points, l\u2019atteinte de zones \u00e9troites et de prototypes&#8230;<\/p>\n<p>Sans aucun doute, l\u2019outil id\u00e9al pour tout op\u00e9rateur qui travaille avec des soudeurs manuels. Rapide, avec contribution automatique de tige et avec tige unique de 4mm pour r\u00e9duire le stock n\u00e9cessaire.<\/p>\n[fusion_global id=\"2371\"]\n","protected":false},"featured_media":89566,"template":"","meta":{"content-type":""},"product_brand":[],"product_cat":[414],"product_tag":[],"class_list":{"0":"post-85447","1":"product","2":"type-product","3":"status-publish","4":"has-post-thumbnail","6":"product_cat-extrudeuses-avec-air-integre","8":"first","9":"instock","10":"taxable","11":"shipping-taxable","12":"product-type-simple"},"_links":{"self":[{"href":"https:\/\/amgroupmaquinaria.com\/fr\/wp-json\/wp\/v2\/product\/85447","targetHints":{"allow":["GET"]}}],"collection":[{"href":"https:\/\/amgroupmaquinaria.com\/fr\/wp-json\/wp\/v2\/product"}],"about":[{"href":"https:\/\/amgroupmaquinaria.com\/fr\/wp-json\/wp\/v2\/types\/product"}],"wp:featuredmedia":[{"embeddable":true,"href":"https:\/\/amgroupmaquinaria.com\/fr\/wp-json\/wp\/v2\/media\/89566"}],"wp:attachment":[{"href":"https:\/\/amgroupmaquinaria.com\/fr\/wp-json\/wp\/v2\/media?parent=85447"}],"wp:term":[{"taxonomy":"product_brand","embeddable":true,"href":"https:\/\/amgroupmaquinaria.com\/fr\/wp-json\/wp\/v2\/product_brand?post=85447"},{"taxonomy":"product_cat","embeddable":true,"href":"https:\/\/amgroupmaquinaria.com\/fr\/wp-json\/wp\/v2\/product_cat?post=85447"},{"taxonomy":"product_tag","embeddable":true,"href":"https:\/\/amgroupmaquinaria.com\/fr\/wp-json\/wp\/v2\/product_tag?post=85447"}],"curies":[{"name":"wp","href":"https:\/\/api.w.org\/{rel}","templated":true}]}}