{"id":85455,"date":"2022-12-01T16:46:00","date_gmt":"2022-12-01T16:46:00","guid":{"rendered":"https:\/\/nervous-buck.82-223-21-222.plesk.page\/producto\/rion-numerique\/"},"modified":"2022-03-22T14:21:29","modified_gmt":"2022-03-22T14:21:29","slug":"rion-numerique","status":"publish","type":"product","link":"https:\/\/amgroupmaquinaria.com\/fr\/producto\/rion-numerique\/","title":{"rendered":"RION NUM\u00c9RIQUE"},"content":{"rendered":"<p><div class=\"fusion-fullwidth fullwidth-box fusion-builder-row-1 fusion-flex-container nonhundred-percent-fullwidth non-hundred-percent-height-scrolling\" style=\"--awb-border-radius-top-left:0px;--awb-border-radius-top-right:0px;--awb-border-radius-bottom-right:0px;--awb-border-radius-bottom-left:0px;--awb-padding-top:0px;--awb-padding-right:0px;--awb-padding-bottom:2%;--awb-padding-left:0px;--awb-margin-top:0px;--awb-margin-bottom:20px;--awb-flex-wrap:wrap;\" ><div class=\"fusion-builder-row fusion-row fusion-flex-align-items-flex-start fusion-flex-content-wrap\" style=\"max-width:1310.4px;margin-left: calc(-4% \/ 2 );margin-right: calc(-4% \/ 2 );\"><div class=\"fusion-layout-column fusion_builder_column fusion-builder-column-0 fusion_builder_column_1_1 1_1 fusion-flex-column\" style=\"--awb-bg-size:cover;--awb-width-large:100%;--awb-margin-top-large:20px;--awb-spacing-right-large:1.92%;--awb-margin-bottom-large:20px;--awb-spacing-left-large:1.92%;--awb-width-medium:100%;--awb-order-medium:0;--awb-spacing-right-medium:1.92%;--awb-spacing-left-medium:1.92%;--awb-width-small:100%;--awb-order-small:0;--awb-spacing-right-small:1.92%;--awb-spacing-left-small:1.92%;\"><div class=\"fusion-column-wrapper fusion-column-has-shadow fusion-flex-justify-content-flex-start fusion-content-layout-column\"><div class=\"fusion-text fusion-text-1\" style=\"--awb-text-transform:none;\"><h2>Sp\u00e9cifications techniques<\/h2>\n<\/div><div class=\"fusion-content-boxes content-boxes columns row fusion-columns-1 fusion-columns-total-1 fusion-content-boxes-1 content-boxes-icon-on-side content-left\" style=\"--awb-hover-accent-color:#c11214;--awb-circle-hover-accent-color:transparent;--awb-item-margin-bottom:40px;\" data-animationOffset=\"top-into-view\"><div style=\"--awb-backgroundcolor:rgba(255,255,255,0);--awb-iconcolor:#c11214;--awb-content-padding-left:52px;\" class=\"fusion-column content-box-column content-box-column content-box-column-1 col-lg-12 col-md-12 col-sm-12 fusion-content-box-hover content-box-column-last content-box-column-last-in-row\"><div class=\"col content-box-wrapper content-wrapper link-area-link-icon link-type-text content-icon-wrapper-yes icon-hover-animation-fade\" data-animationOffset=\"top-into-view\"><div class=\"heading heading-with-icon icon-left\"><a class=\"heading-link\" href=\"\/wp-content\/uploads\/2022\/01\/Rion-Digital-Fran\u00e7ais.pdf\" target=\"_blank\" rel=\"noopener noreferrer\"><div class=\"icon\"><span ><i style=\"background-color:transparent;border-color:transparent;height:auto;width: 32px;line-height:normal;font-size:32px;\" aria-hidden=\"true\" class=\"fontawesome-icon fa-file-pdf fas circle-no\"><\/i><\/span><\/div><h2 class=\"content-box-heading fusion-responsive-typography-calculated\" style=\"--h2_typography-font-size:24px;--fontSize:24;line-height:1.2;padding-left:52px;\">T\u00e9l\u00e9charger le PDF du produit<\/h2><\/a><\/div><\/div><\/div><div class=\"fusion-clearfix\"><\/div><\/div>\n<div class=\"table-1\">\n<table width=\"100%\">\n<tbody>\n<tr>\n<td align=\"left\">Tension (V)<\/td>\n<td align=\"left\">120, 230<\/td>\n<\/tr>\n<tr>\n<td align=\"left\">Puissance (W)<\/td>\n<td align=\"left\">1600<\/td>\n<\/tr>\n<tr>\n<td align=\"left\">Fr\u00e9quence (Hz)<\/td>\n<td align=\"left\">50 \/ 60<\/td>\n<\/tr>\n<tr>\n<td align=\"left\">Temp\u00e9rature (\u00baC)<\/td>\n<td align=\"left\">20 \u2013 620<\/td>\n<\/tr>\n<tr>\n<td align=\"left\">D\u00e9bit d\u2019air (l\/m)<\/td>\n<td align=\"left\">Environ. 250<\/td>\n<\/tr>\n<tr>\n<td align=\"left\">Pression statique (PA)<\/td>\n<td align=\"left\">Environ. 3000<\/td>\n<\/tr>\n<tr>\n<td align=\"left\">Niveau sonore (DB)<\/td>\n<td align=\"left\">64<\/td>\n<\/tr>\n<tr>\n<td align=\"left\">Mesures (l x l x h) (mm)<\/td>\n<td align=\"left\">D. 100 x 340, poign\u00e9e 60 \/ 56<\/td>\n<\/tr>\n<tr>\n<td align=\"left\">Poids (Kg)<\/td>\n<td align=\"left\">1.3 filaire<\/td>\n<\/tr>\n<tr>\n<td align=\"left\">Certificat<\/td>\n<td align=\"left\">GS<\/td>\n<\/tr>\n<\/tbody>\n<\/table>\n<\/div>\n<\/div><\/div><\/div><\/div>\n<\/p>\n","protected":false},"excerpt":{"rendered":"<p>Le RION DIGITAL est le soudeur manuel le plus vendu (avec la version normale) pour le soudage de tous les types de mat\u00e9riaux thermoplastiques. Avec une temp\u00e9rature r\u00e9glable gr\u00e2ce \u00e0 des potentiom\u00e8tres jusqu\u2019\u00e0 650\u00baC et une puissance de 1 550 W.<\/p>\n<p>L\u2019\u00e9cran du Rion Digital vous montre les valeurs r\u00e9elles avec lesquelles le fer \u00e0 souder manuel fonctionne pour un meilleur r\u00e9glage de la temp\u00e9rature.<\/p>\n<p>Son faible poids et sa forme ergonomique le rendent parfait pour le soudage sans fatigue. Tous les types de mat\u00e9riaux thermoplastiques peuvent \u00eatre soud\u00e9s&#8230; et les soudures peuvent \u00eatre faites sur les plaques, les planchers, les terrasses, les auvents, les plafonds&#8230;<\/p>\n<p>Applications:<\/p>\n<ul>\n<li class=\"fusion-li-item-content\">Chauffage pour fa\u00e7onner, plier et souder un mat\u00e9riau thermoplastique semi-fini.<\/li>\n<li class=\"fusion-li-item-content\">S\u00e9chage des surfaces et des joints humides<\/li>\n<li class=\"fusion-li-item-content\">Thermor\u00e9tractable, rubans, film, manchons de soudage et pi\u00e8ces moul\u00e9es.<\/li>\n<li class=\"fusion-li-item-content\">D\u00e9givrage des tuyaux gel\u00e9s.<\/li>\n<li class=\"fusion-li-item-content\">Activation\/dissolution d\u2019adh\u00e9sifs sans solvant et d\u2019adh\u00e9sifs fondants.<\/li>\n<li class=\"fusion-li-item-content\">\u00c9clairage des fours avec copeaux de bois, papier, charbon de bois ou paille.<\/li>\n<\/ul>\n[fusion_global id=\"2371\"]\n","protected":false},"featured_media":89605,"template":"","meta":{"content-type":""},"product_brand":[],"product_cat":[429],"product_tag":[],"class_list":{"0":"post-85455","1":"product","2":"type-product","3":"status-publish","4":"has-post-thumbnail","6":"product_cat-soudeurs-manuels","8":"first","9":"instock","10":"taxable","11":"shipping-taxable","12":"product-type-simple"},"_links":{"self":[{"href":"https:\/\/amgroupmaquinaria.com\/fr\/wp-json\/wp\/v2\/product\/85455","targetHints":{"allow":["GET"]}}],"collection":[{"href":"https:\/\/amgroupmaquinaria.com\/fr\/wp-json\/wp\/v2\/product"}],"about":[{"href":"https:\/\/amgroupmaquinaria.com\/fr\/wp-json\/wp\/v2\/types\/product"}],"wp:featuredmedia":[{"embeddable":true,"href":"https:\/\/amgroupmaquinaria.com\/fr\/wp-json\/wp\/v2\/media\/89605"}],"wp:attachment":[{"href":"https:\/\/amgroupmaquinaria.com\/fr\/wp-json\/wp\/v2\/media?parent=85455"}],"wp:term":[{"taxonomy":"product_brand","embeddable":true,"href":"https:\/\/amgroupmaquinaria.com\/fr\/wp-json\/wp\/v2\/product_brand?post=85455"},{"taxonomy":"product_cat","embeddable":true,"href":"https:\/\/amgroupmaquinaria.com\/fr\/wp-json\/wp\/v2\/product_cat?post=85455"},{"taxonomy":"product_tag","embeddable":true,"href":"https:\/\/amgroupmaquinaria.com\/fr\/wp-json\/wp\/v2\/product_tag?post=85455"}],"curies":[{"name":"wp","href":"https:\/\/api.w.org\/{rel}","templated":true}]}}