{"id":85464,"date":"2022-11-01T17:31:00","date_gmt":"2022-11-01T17:31:00","guid":{"rendered":"https:\/\/nervous-buck.82-223-21-222.plesk.page\/producto\/laron21\/"},"modified":"2022-06-09T13:40:02","modified_gmt":"2022-06-09T13:40:02","slug":"laron21-2","status":"publish","type":"product","link":"https:\/\/amgroupmaquinaria.com\/fr\/producto\/laron21-2\/","title":{"rendered":"LARON21"},"content":{"rendered":"<p><div class=\"fusion-fullwidth fullwidth-box fusion-builder-row-1 fusion-flex-container nonhundred-percent-fullwidth non-hundred-percent-height-scrolling\" style=\"--awb-border-radius-top-left:0px;--awb-border-radius-top-right:0px;--awb-border-radius-bottom-right:0px;--awb-border-radius-bottom-left:0px;--awb-padding-top:0px;--awb-padding-right:0px;--awb-padding-bottom:2%;--awb-padding-left:0px;--awb-margin-top:0px;--awb-margin-bottom:20px;--awb-flex-wrap:wrap;\" ><div class=\"fusion-builder-row fusion-row fusion-flex-align-items-flex-start fusion-flex-content-wrap\" style=\"max-width:1310.4px;margin-left: calc(-4% \/ 2 );margin-right: calc(-4% \/ 2 );\"><div class=\"fusion-layout-column fusion_builder_column fusion-builder-column-0 fusion_builder_column_1_1 1_1 fusion-flex-column\" style=\"--awb-bg-size:cover;--awb-width-large:100%;--awb-margin-top-large:20px;--awb-spacing-right-large:1.92%;--awb-margin-bottom-large:20px;--awb-spacing-left-large:1.92%;--awb-width-medium:100%;--awb-order-medium:0;--awb-spacing-right-medium:1.92%;--awb-spacing-left-medium:1.92%;--awb-width-small:100%;--awb-order-small:0;--awb-spacing-right-small:1.92%;--awb-spacing-left-small:1.92%;\"><div class=\"fusion-column-wrapper fusion-column-has-shadow fusion-flex-justify-content-flex-start fusion-content-layout-column\"><div class=\"fusion-text fusion-text-1\" style=\"--awb-text-transform:none;\"><h2>Sp\u00e9cifications techniques<\/h2>\n<\/div><div class=\"fusion-content-boxes content-boxes columns row fusion-columns-1 fusion-columns-total-0 fusion-content-boxes-1 content-boxes-icon-on-side content-left\" style=\"--awb-hover-accent-color:#c11214;--awb-circle-hover-accent-color:transparent;--awb-item-margin-bottom:40px;\" data-animationOffset=\"top-into-view\"><div class=\"fusion-clearfix\"><\/div><\/div>\n<div class=\"table-1\">\n<table width=\"100%\">\n<tbody>\n<tr>\n<td align=\"left\">Tension (V)<\/td>\n<td align=\"left\">230, 400<\/td>\n<\/tr>\n<tr>\n<td align=\"left\">Capacit\u00e9 nominale<\/td>\n<td align=\"left\">3600\/4600<\/td>\n<\/tr>\n<tr>\n<td align=\"left\">Puissance max.<\/td>\n<td align=\"left\">4600\/5700<\/td>\n<\/tr>\n<tr>\n<td align=\"left\">Vitesse<\/td>\n<td align=\"left\">0,5 \u2013 21<\/td>\n<\/tr>\n<tr>\n<td align=\"left\">Fr\u00e9quence<\/td>\n<td align=\"left\">50 \/ 60 Hz<\/td>\n<\/tr>\n<tr>\n<td align=\"left\">Temp\u00e9rature (C\u00ba)<\/td>\n<td align=\"left\">20 \u2013 620\u00ba contr\u00f4l\u00e9 sans \u00e9chelle<\/td>\n<\/tr>\n<tr>\n<td align=\"left\">Dimensions (L x B x H)<\/td>\n<td align=\"left\">610 x 410 x 320 mm<\/td>\n<\/tr>\n<tr>\n<td align=\"left\">Poids (sans poids)<\/td>\n<td align=\"left\">37 kg<\/td>\n<\/tr>\n<tr>\n<td align=\"left\">Poids (avec poids)<\/td>\n<td align=\"left\">42 kg<\/td>\n<\/tr>\n<tr>\n<td align=\"left\">Certificat<\/td>\n<td align=\"left\">E.C.<\/td>\n<\/tr>\n<\/tbody>\n<\/table>\n<\/div>\n<\/div><\/div><\/div><\/div>\n<\/p>\n","protected":false},"excerpt":{"rendered":"<p>\u00c9conomique et facile \u00e0 utiliser gr\u00e2ce \u00e0 un design qui a \u00e9t\u00e9 test\u00e9 sur le tas. Travaillez plus efficacement avec LarOn 21, la machine de soudage automatique la plus rapide du march\u00e9. Vous choisissez vous-m\u00eame la vitesse de soudage souhait\u00e9e entre 0,5 et 21 m \/ min.<\/p>\n<ul>\n<li>Convient pour un fonctionnement continu avec des moteurs sans balais<\/li>\n<li>Conception stable et conviviale pour les chantiers de construction<\/li>\n<li>Tension d\u2019affichage avant d\u2019allumer l\u2019appareil<\/li>\n<li>Vitesse, volume d\u2019air et temp\u00e9rature r\u00e9glables en continu<\/li>\n<li>Pour souder tous les mat\u00e9riaux thermoplastiques pour toitures<\/li>\n<li>Mat\u00e9riau bitumineux possible avec kit de conversion: 80mm ou 100mm disponible<\/li>\n<li>Traceur GPS int\u00e9gr\u00e9: l\u2019emplacement de la machine peut \u00eatre v\u00e9rifi\u00e9 \u00e0 tout moment<\/li>\n<li>Application Mybak<\/li>\n<li>100% Swiss Made!<\/li>\n<\/ul>\n[fusion_global id=\"2371\"]\n","protected":false},"featured_media":90147,"template":"","meta":{"content-type":""},"product_brand":[],"product_cat":[416],"product_tag":[],"class_list":{"0":"post-85464","1":"product","2":"type-product","3":"status-publish","4":"has-post-thumbnail","6":"product_cat-soudage-de-feuilles-pvc-tpo","8":"first","9":"instock","10":"taxable","11":"shipping-taxable","12":"product-type-simple"},"_links":{"self":[{"href":"https:\/\/amgroupmaquinaria.com\/fr\/wp-json\/wp\/v2\/product\/85464","targetHints":{"allow":["GET"]}}],"collection":[{"href":"https:\/\/amgroupmaquinaria.com\/fr\/wp-json\/wp\/v2\/product"}],"about":[{"href":"https:\/\/amgroupmaquinaria.com\/fr\/wp-json\/wp\/v2\/types\/product"}],"wp:featuredmedia":[{"embeddable":true,"href":"https:\/\/amgroupmaquinaria.com\/fr\/wp-json\/wp\/v2\/media\/90147"}],"wp:attachment":[{"href":"https:\/\/amgroupmaquinaria.com\/fr\/wp-json\/wp\/v2\/media?parent=85464"}],"wp:term":[{"taxonomy":"product_brand","embeddable":true,"href":"https:\/\/amgroupmaquinaria.com\/fr\/wp-json\/wp\/v2\/product_brand?post=85464"},{"taxonomy":"product_cat","embeddable":true,"href":"https:\/\/amgroupmaquinaria.com\/fr\/wp-json\/wp\/v2\/product_cat?post=85464"},{"taxonomy":"product_tag","embeddable":true,"href":"https:\/\/amgroupmaquinaria.com\/fr\/wp-json\/wp\/v2\/product_tag?post=85464"}],"curies":[{"name":"wp","href":"https:\/\/api.w.org\/{rel}","templated":true}]}}