{"id":85475,"date":"2022-11-01T18:25:00","date_gmt":"2022-11-01T18:25:00","guid":{"rendered":"https:\/\/nervous-buck.82-223-21-222.plesk.page\/producto\/weldon\/"},"modified":"2022-03-22T14:21:29","modified_gmt":"2022-03-22T14:21:29","slug":"weldon-2","status":"publish","type":"product","link":"https:\/\/amgroupmaquinaria.com\/fr\/producto\/weldon-2\/","title":{"rendered":"WELDON"},"content":{"rendered":"<p><div class=\"fusion-fullwidth fullwidth-box fusion-builder-row-1 fusion-flex-container nonhundred-percent-fullwidth non-hundred-percent-height-scrolling\" style=\"--awb-border-radius-top-left:0px;--awb-border-radius-top-right:0px;--awb-border-radius-bottom-right:0px;--awb-border-radius-bottom-left:0px;--awb-padding-top:0px;--awb-padding-right:0px;--awb-padding-bottom:2%;--awb-padding-left:0px;--awb-margin-top:0px;--awb-margin-bottom:20px;--awb-flex-wrap:wrap;\" ><div class=\"fusion-builder-row fusion-row fusion-flex-align-items-flex-start fusion-flex-content-wrap\" style=\"max-width:1310.4px;margin-left: calc(-4% \/ 2 );margin-right: calc(-4% \/ 2 );\"><div class=\"fusion-layout-column fusion_builder_column fusion-builder-column-0 fusion_builder_column_1_1 1_1 fusion-flex-column\" style=\"--awb-bg-size:cover;--awb-width-large:100%;--awb-margin-top-large:20px;--awb-spacing-right-large:1.92%;--awb-margin-bottom-large:20px;--awb-spacing-left-large:1.92%;--awb-width-medium:100%;--awb-order-medium:0;--awb-spacing-right-medium:1.92%;--awb-spacing-left-medium:1.92%;--awb-width-small:100%;--awb-order-small:0;--awb-spacing-right-small:1.92%;--awb-spacing-left-small:1.92%;\"><div class=\"fusion-column-wrapper fusion-column-has-shadow fusion-flex-justify-content-flex-start fusion-content-layout-column\"><div class=\"fusion-text fusion-text-1\" style=\"--awb-text-transform:none;\"><h2>Sp\u00e9cifications techniques<\/h2>\n<\/div><div class=\"fusion-content-boxes content-boxes columns row fusion-columns-1 fusion-columns-total-1 fusion-content-boxes-1 content-boxes-icon-on-side content-left\" style=\"--awb-hover-accent-color:#c11214;--awb-circle-hover-accent-color:transparent;--awb-item-margin-bottom:40px;\" data-animationOffset=\"top-into-view\"><div style=\"--awb-backgroundcolor:rgba(255,255,255,0);--awb-iconcolor:#c11214;--awb-content-padding-left:52px;\" class=\"fusion-column content-box-column content-box-column content-box-column-1 col-lg-12 col-md-12 col-sm-12 fusion-content-box-hover content-box-column-last content-box-column-last-in-row\"><div class=\"col content-box-wrapper content-wrapper link-area-link-icon link-type-text content-icon-wrapper-yes icon-hover-animation-fade\" data-animationOffset=\"top-into-view\"><div class=\"heading heading-with-icon icon-left\"><a class=\"heading-link\" href=\"\/wp-content\/uploads\/2022\/01\/Weldon.pdf\" target=\"_blank\" rel=\"noopener noreferrer\"><div class=\"icon\"><span ><i style=\"background-color:transparent;border-color:transparent;height:auto;width: 32px;line-height:normal;font-size:32px;\" aria-hidden=\"true\" class=\"fontawesome-icon fa-file-pdf fas circle-no\"><\/i><\/span><\/div><h2 class=\"content-box-heading fusion-responsive-typography-calculated\" style=\"--h2_typography-font-size:24px;--fontSize:24;line-height:1.2;padding-left:52px;\">T\u00e9l\u00e9charger le PDF du produit<\/h2><\/a><\/div><\/div><\/div><div class=\"fusion-clearfix\"><\/div><\/div>\n<div class=\"table-1\">\n<table width=\"100%\">\n<tbody>\n<tr>\n<td align=\"left\">Tension (V)<\/td>\n<td align=\"left\">120, 230<\/td>\n<\/tr>\n<tr>\n<td align=\"left\">Puissance (W)<\/td>\n<td align=\"left\">600, 1000<\/td>\n<\/tr>\n<tr>\n<td align=\"left\">Fr\u00e9quence (Hz)<\/td>\n<td align=\"left\">50\/60<\/td>\n<\/tr>\n<tr>\n<td align=\"left\">Temp\u00e9rature (\u00baC)<\/td>\n<td align=\"left\">20 \u2013 620 non-\u00e9chelle contr\u00f4l\u00e9e<\/td>\n<\/tr>\n<tr>\n<td align=\"left\">D\u00e9bit d\u2019air (l\/m)<\/td>\n<td align=\"left\">min. 40<\/td>\n<\/tr>\n<tr>\n<td align=\"left\">Pression statique (PA)<\/td>\n<td align=\"left\">Max. 1000 bar<\/td>\n<\/tr>\n<tr>\n<td align=\"left\">Mesures (l x l x h) (mm)<\/td>\n<td align=\"left\">D. 295x 62<\/td>\n<\/tr>\n<tr>\n<td align=\"left\">Poids (Kg)<\/td>\n<td align=\"left\">0,75 avec 3 m\u00e8tres de c\u00e2ble.<\/td>\n<\/tr>\n<tr>\n<td align=\"left\">Certificat<\/td>\n<td align=\"left\">APR\u00c8S J\u00c9SUS-CHRIST<\/td>\n<\/tr>\n<\/tbody>\n<\/table>\n<\/div>\n<\/div><\/div><\/div><\/div>\n<\/p>\n","protected":false},"excerpt":{"rendered":"<p>Le soudeur manuel pour le soudage de tous les types de mat\u00e9riaux thermoplastiques. Avec une temp\u00e9rature r\u00e9glable jusqu\u2019\u00e0 600\u00baC et une puissance de 1 000 W.<\/p>\n<p>Machine \u00e0 air externe utilisant le ventilateur BAK-Air Sttion ou avec compresseur d\u2019air.<\/p>\n<p>Petit, pr\u00e9cis et g\u00e9rable, avec lecteur de temp\u00e9rature num\u00e9rique, r\u00e9glage \u00e9lectronique, position de buse r\u00e9glable \u00e0 360 \u00b0, poign\u00e9e ergonomique et une large gamme de buses et d\u2019accessoires.<\/p>\n[fusion_global id=\"2371\"]\n","protected":false},"featured_media":4504,"template":"","meta":{"content-type":""},"product_brand":[],"product_cat":[429],"product_tag":[],"class_list":{"0":"post-85475","1":"product","2":"type-product","3":"status-publish","4":"has-post-thumbnail","6":"product_cat-soudeurs-manuels","8":"first","9":"instock","10":"taxable","11":"shipping-taxable","12":"product-type-simple"},"_links":{"self":[{"href":"https:\/\/amgroupmaquinaria.com\/fr\/wp-json\/wp\/v2\/product\/85475","targetHints":{"allow":["GET"]}}],"collection":[{"href":"https:\/\/amgroupmaquinaria.com\/fr\/wp-json\/wp\/v2\/product"}],"about":[{"href":"https:\/\/amgroupmaquinaria.com\/fr\/wp-json\/wp\/v2\/types\/product"}],"wp:featuredmedia":[{"embeddable":true,"href":"https:\/\/amgroupmaquinaria.com\/fr\/wp-json\/wp\/v2\/media\/4504"}],"wp:attachment":[{"href":"https:\/\/amgroupmaquinaria.com\/fr\/wp-json\/wp\/v2\/media?parent=85475"}],"wp:term":[{"taxonomy":"product_brand","embeddable":true,"href":"https:\/\/amgroupmaquinaria.com\/fr\/wp-json\/wp\/v2\/product_brand?post=85475"},{"taxonomy":"product_cat","embeddable":true,"href":"https:\/\/amgroupmaquinaria.com\/fr\/wp-json\/wp\/v2\/product_cat?post=85475"},{"taxonomy":"product_tag","embeddable":true,"href":"https:\/\/amgroupmaquinaria.com\/fr\/wp-json\/wp\/v2\/product_tag?post=85475"}],"curies":[{"name":"wp","href":"https:\/\/api.w.org\/{rel}","templated":true}]}}