{"id":85480,"date":"2022-11-01T17:01:00","date_gmt":"2022-11-01T17:01:00","guid":{"rendered":"https:\/\/nervous-buck.82-223-21-222.plesk.page\/producto\/micon\/"},"modified":"2022-03-22T14:21:28","modified_gmt":"2022-03-22T14:21:28","slug":"micon-2","status":"publish","type":"product","link":"https:\/\/amgroupmaquinaria.com\/fr\/producto\/micon-2\/","title":{"rendered":"MICON"},"content":{"rendered":"<p><div class=\"fusion-fullwidth fullwidth-box fusion-builder-row-1 fusion-flex-container nonhundred-percent-fullwidth non-hundred-percent-height-scrolling\" style=\"--awb-border-radius-top-left:0px;--awb-border-radius-top-right:0px;--awb-border-radius-bottom-right:0px;--awb-border-radius-bottom-left:0px;--awb-padding-top:0px;--awb-padding-right:0px;--awb-padding-bottom:2%;--awb-padding-left:0px;--awb-margin-top:0px;--awb-margin-bottom:20px;--awb-flex-wrap:wrap;\" ><div class=\"fusion-builder-row fusion-row fusion-flex-align-items-flex-start fusion-flex-content-wrap\" style=\"max-width:1310.4px;margin-left: calc(-4% \/ 2 );margin-right: calc(-4% \/ 2 );\"><div class=\"fusion-layout-column fusion_builder_column fusion-builder-column-0 fusion_builder_column_1_1 1_1 fusion-flex-column\" style=\"--awb-bg-size:cover;--awb-width-large:100%;--awb-margin-top-large:20px;--awb-spacing-right-large:1.92%;--awb-margin-bottom-large:20px;--awb-spacing-left-large:1.92%;--awb-width-medium:100%;--awb-order-medium:0;--awb-spacing-right-medium:1.92%;--awb-spacing-left-medium:1.92%;--awb-width-small:100%;--awb-order-small:0;--awb-spacing-right-small:1.92%;--awb-spacing-left-small:1.92%;\"><div class=\"fusion-column-wrapper fusion-column-has-shadow fusion-flex-justify-content-flex-start fusion-content-layout-column\"><div class=\"fusion-text fusion-text-1\" style=\"--awb-text-transform:none;\"><h2>Sp\u00e9cifications techniques<\/h2>\n<\/div><div class=\"fusion-content-boxes content-boxes columns row fusion-columns-1 fusion-columns-total-0 fusion-content-boxes-1 content-boxes-icon-on-side content-left\" style=\"--awb-hover-accent-color:#c11214;--awb-circle-hover-accent-color:transparent;--awb-item-margin-bottom:40px;\" data-animationOffset=\"top-into-view\"><div class=\"fusion-clearfix\"><\/div><\/div>\n<div class=\"table-1\">\n<table width=\"100%\">\n<tbody>\n<tr>\n<td align=\"left\">Tension<\/td>\n<td align=\"left\">120\/230V<\/td>\n<\/tr>\n<tr>\n<td align=\"left\">Consommation \u00e9lectrique<\/td>\n<td align=\"left\">2100\/1650W<\/td>\n<\/tr>\n<tr>\n<td align=\"left\">Fr\u00e9quence<\/td>\n<td align=\"left\">50\/60 Hz<\/td>\n<\/tr>\n<tr>\n<td align=\"left\">Temp\u00e9rature<\/td>\n<td align=\"left\">Max. 600\u00baC<\/td>\n<\/tr>\n<tr>\n<td align=\"left\">Manutention<\/td>\n<td align=\"left\">Max. 4,0 m\/min.<\/td>\n<\/tr>\n<tr>\n<td align=\"left\">Taille (l x l x h)<\/td>\n<td align=\"left\">400 x 170 x 330 mm<\/td>\n<\/tr>\n<tr>\n<td align=\"left\">Poids<\/td>\n<td align=\"left\">6,8 kg<\/td>\n<\/tr>\n<tr>\n<td align=\"left\">APR\u00c8S J\u00c9SUS-CHRIST<\/td>\n<td align=\"left\"><\/td>\n<\/tr>\n<\/tbody>\n<\/table>\n<\/div>\n<\/div><\/div><\/div><\/div>\n<\/p>\n","protected":false},"excerpt":{"rendered":"<p><strong>Machine de soudage semi-automatique:<\/strong> comble l\u2019\u00e9cart entre l\u2019outil de soudage manuel et la machine de soudage automatique.<\/p>\n<p>Innovation sur le march\u00e9: la machine de soudage semi-automatique combine les avantages d\u2019un outil de soudage manuel avec l\u2019automatisation d\u2019une machine \u00e0 souder.<\/p>\n<p>MicOn, notre premi\u00e8re machine de soudage semi-automatique pour mat\u00e9riaux thermoplastiques. Il est petit comme outil de soudage manuel et pour cette raison a besoin de peu d\u2019espace. C\u2019est votre choix id\u00e9al pour les applications flexibles.<\/p>\n<p>Le MicOn est aussi fiable qu\u2019une machine \u00e0 souder automatique. La vitesse et la temp\u00e9rature sont r\u00e9glables et restent constantes. La pression doit \u00eatre donn\u00e9e \u00e0 l\u2019outil \u00e0 la main. Avec la but\u00e9e finale mont\u00e9e, nous nous assurons qu\u2019elle se soude toujours facilement sur le bord de la superposition.<\/p>\n<p>Le MicOn est facile \u00e0 manipuler et con\u00e7u pour les chantiers les plus exigeants. De plus, la machine de soudage semi-automatique est beaucoup moins ch\u00e8re qu\u2019une machine de soudage automatique habituelle. L\u2019aide \u00e0 l\u2019orientation, disponible en tant qu\u2019accessoire, permet de mettre tr\u00e8s facilement une pression constante sur l\u2019outil tout en soudant et en reposant votre dos.<\/p>\n<p>Peu importe si vous avez besoin du MicOn sur votre chantier de construction ou en interne, ce sera toujours un excellent choix. C\u2019est l\u2019outil id\u00e9al pour les couvreurs ou les fabricants de toile, ainsi que pour tous les artisans qui ont besoin de faire des soudures de plus en plus petites.<\/p>\n[fusion_global id=\"2371\"]\n","protected":false},"featured_media":4466,"template":"","meta":{"content-type":""},"product_brand":[],"product_cat":[416],"product_tag":[],"class_list":{"0":"post-85480","1":"product","2":"type-product","3":"status-publish","4":"has-post-thumbnail","6":"product_cat-soudage-de-feuilles-pvc-tpo","8":"first","9":"instock","10":"taxable","11":"shipping-taxable","12":"product-type-simple"},"_links":{"self":[{"href":"https:\/\/amgroupmaquinaria.com\/fr\/wp-json\/wp\/v2\/product\/85480","targetHints":{"allow":["GET"]}}],"collection":[{"href":"https:\/\/amgroupmaquinaria.com\/fr\/wp-json\/wp\/v2\/product"}],"about":[{"href":"https:\/\/amgroupmaquinaria.com\/fr\/wp-json\/wp\/v2\/types\/product"}],"wp:featuredmedia":[{"embeddable":true,"href":"https:\/\/amgroupmaquinaria.com\/fr\/wp-json\/wp\/v2\/media\/4466"}],"wp:attachment":[{"href":"https:\/\/amgroupmaquinaria.com\/fr\/wp-json\/wp\/v2\/media?parent=85480"}],"wp:term":[{"taxonomy":"product_brand","embeddable":true,"href":"https:\/\/amgroupmaquinaria.com\/fr\/wp-json\/wp\/v2\/product_brand?post=85480"},{"taxonomy":"product_cat","embeddable":true,"href":"https:\/\/amgroupmaquinaria.com\/fr\/wp-json\/wp\/v2\/product_cat?post=85480"},{"taxonomy":"product_tag","embeddable":true,"href":"https:\/\/amgroupmaquinaria.com\/fr\/wp-json\/wp\/v2\/product_tag?post=85480"}],"curies":[{"name":"wp","href":"https:\/\/api.w.org\/{rel}","templated":true}]}}