{"id":85486,"date":"2022-11-01T15:35:00","date_gmt":"2022-11-01T15:35:00","guid":{"rendered":"https:\/\/nervous-buck.82-223-21-222.plesk.page\/producto\/ef500\/"},"modified":"2022-03-22T14:21:37","modified_gmt":"2022-03-22T14:21:37","slug":"ef500","status":"publish","type":"product","link":"https:\/\/amgroupmaquinaria.com\/fr\/producto\/ef500\/","title":{"rendered":"EF500"},"content":{"rendered":"<p><div class=\"fusion-fullwidth fullwidth-box fusion-builder-row-1 fusion-flex-container nonhundred-percent-fullwidth non-hundred-percent-height-scrolling\" style=\"--awb-border-radius-top-left:0px;--awb-border-radius-top-right:0px;--awb-border-radius-bottom-right:0px;--awb-border-radius-bottom-left:0px;--awb-padding-top:0px;--awb-padding-right:0px;--awb-padding-bottom:2%;--awb-padding-left:0px;--awb-margin-top:0px;--awb-margin-bottom:20px;--awb-flex-wrap:wrap;\" ><div class=\"fusion-builder-row fusion-row fusion-flex-align-items-flex-start fusion-flex-content-wrap\" style=\"max-width:1310.4px;margin-left: calc(-4% \/ 2 );margin-right: calc(-4% \/ 2 );\"><div class=\"fusion-layout-column fusion_builder_column fusion-builder-column-0 fusion_builder_column_1_1 1_1 fusion-flex-column\" style=\"--awb-bg-size:cover;--awb-width-large:100%;--awb-margin-top-large:20px;--awb-spacing-right-large:1.92%;--awb-margin-bottom-large:20px;--awb-spacing-left-large:1.92%;--awb-width-medium:100%;--awb-order-medium:0;--awb-spacing-right-medium:1.92%;--awb-spacing-left-medium:1.92%;--awb-width-small:100%;--awb-order-small:0;--awb-spacing-right-small:1.92%;--awb-spacing-left-small:1.92%;\"><div class=\"fusion-column-wrapper fusion-column-has-shadow fusion-flex-justify-content-flex-start fusion-content-layout-column\"><div class=\"fusion-text fusion-text-1\" style=\"--awb-text-transform:none;\"><h2>Sp\u00e9cifications techniques<\/h2>\n<\/div><div class=\"fusion-content-boxes content-boxes columns row fusion-columns-1 fusion-columns-total-1 fusion-content-boxes-1 content-boxes-icon-on-side content-left\" style=\"--awb-hover-accent-color:#c11214;--awb-circle-hover-accent-color:transparent;--awb-item-margin-bottom:40px;\" data-animationOffset=\"top-into-view\"><div style=\"--awb-backgroundcolor:rgba(255,255,255,0);--awb-iconcolor:#c11214;--awb-content-padding-left:52px;\" class=\"fusion-column content-box-column content-box-column content-box-column-1 col-lg-12 col-md-12 col-sm-12 fusion-content-box-hover content-box-column-last content-box-column-last-in-row\"><div class=\"col content-box-wrapper content-wrapper link-area-link-icon link-type-text content-icon-wrapper-yes icon-hover-animation-fade\" data-animationOffset=\"top-into-view\"><div class=\"heading heading-with-icon icon-left\"><a class=\"heading-link\" href=\"\/wp-content\/uploads\/2022\/01\/EF500.pdf\" target=\"_blank\" rel=\"noopener noreferrer\"><div class=\"icon\"><span ><i style=\"background-color:transparent;border-color:transparent;height:auto;width: 32px;line-height:normal;font-size:32px;\" aria-hidden=\"true\" class=\"fontawesome-icon fa-file-pdf fas circle-no\"><\/i><\/span><\/div><h2 class=\"content-box-heading fusion-responsive-typography-calculated\" style=\"--h2_typography-font-size:24px;--fontSize:24;line-height:1.2;padding-left:52px;\">T\u00e9l\u00e9charger le PDF du produit<\/h2><\/a><\/div><\/div><\/div><div class=\"fusion-clearfix\"><\/div><\/div>\n<div class=\"table-1\">\n<table width=\"100%\">\n<tbody>\n<tr>\n<td align=\"left\">Modes de fonctionnement<\/td>\n<td align=\"left\">Code-barres<br \/>\nManuelle<br \/>\nUponor Semi-Auto<br \/>\nDuraphase Semi-Auto<\/td>\n<\/tr>\n<tr>\n<td align=\"left\">Langage machine<\/td>\n<td align=\"left\">Anglais, espagnol( Autres langues sur demande )<\/td>\n<\/tr>\n<tr>\n<td align=\"left\">Temp\u00e9rature de fonctionnement<\/td>\n<td align=\"left\">De -20\u00baC \u00e0 +40\u00baC<\/td>\n<\/tr>\n<tr>\n<td align=\"left\">Donn\u00e9es d\u2019entr\u00e9e<\/td>\n<td align=\"left\">Par cl\u00e9s alphanum\u00e9riques<\/p>\n<p>Code-barres<\/td>\n<\/tr>\n<tr>\n<td align=\"left\">Donn\u00e9es m\u00e9moire<\/td>\n<td align=\"left\">1000 soudures, minimum<\/td>\n<\/tr>\n<tr>\n<td align=\"left\">T\u00e9l\u00e9charger les donn\u00e9es<\/td>\n<td align=\"left\">Cl\u00e9 USB<\/td>\n<\/tr>\n<tr>\n<td align=\"left\">Tension d\u2019entr\u00e9e<\/td>\n<td align=\"left\">230V<\/td>\n<\/tr>\n<tr>\n<td align=\"left\">Tension requise pour le travail<\/td>\n<td align=\"left\">de 184V \u00e0 276V, +\/-20%<\/td>\n<\/tr>\n<tr>\n<td align=\"left\">Intensit\u00e9 d\u2019entr\u00e9e<\/td>\n<td align=\"left\">de 1A \u00e0 14A<\/td>\n<\/tr>\n<tr>\n<td align=\"left\">Fr\u00e9quence d\u2019entr\u00e9e<\/td>\n<td align=\"left\">50 Hz (de 40 \u00e0 70 Hz)<\/td>\n<\/tr>\n<tr>\n<td align=\"left\">Tension de sortie<\/td>\n<td align=\"left\">39,5 V (de 8 V \u00e0 48 )<\/td>\n<\/tr>\n<tr>\n<td align=\"left\">Stabilit\u00e9 de sortie<\/td>\n<td align=\"left\">+\/- 1,5%<\/td>\n<\/tr>\n<tr>\n<td align=\"left\">Intensit\u00e9 de sortie<\/td>\n<td align=\"left\">de 1A \u00e0 60A<\/td>\n<\/tr>\n<tr>\n<td align=\"left\">Consommation \u00e9lectrique<\/td>\n<td align=\"left\">de 40W \u00e0 2570W<\/td>\n<\/tr>\n<tr>\n<td align=\"left\">Temps de soudage<\/td>\n<td align=\"left\">\u00e0 partir de 1 sec. Jusqu\u2019\u00e0 3500 sec<\/td>\n<\/tr>\n<tr>\n<td align=\"left\">Diam\u00e8tres de soudage<\/td>\n<td align=\"left\">de 20mm \u00e0 630mm<\/td>\n<\/tr>\n<tr>\n<td align=\"left\">Protection<\/td>\n<td align=\"left\">Ip65<\/td>\n<\/tr>\n<tr>\n<td align=\"left\">C\u00e2ble d\u2019entr\u00e9e<\/td>\n<td align=\"left\">10 m\u00e8tres<\/td>\n<\/tr>\n<tr>\n<td align=\"left\">C\u00e2ble de sortie<\/td>\n<td align=\"left\">3 m\u00e8tres<\/td>\n<\/tr>\n<tr>\n<td align=\"left\">Poids<\/td>\n<td align=\"left\">19 kg<\/td>\n<\/tr>\n<tr>\n<td align=\"left\">Mesure<\/td>\n<td align=\"left\">22cm x 38cm x 16cm<\/td>\n<\/tr>\n<\/tbody>\n<\/table>\n<\/div>\n<\/div><\/div><\/div><\/div>\n<\/p>\n","protected":false},"excerpt":{"rendered":"<p>L\u2019EF500 est une machine pour le soudage par \u00e9lectrofusion de tubes et raccords de diam\u00e8tre 16mm \u00e0 630mm.<\/p>\n<p>Avec un poids de seulement 19 kg, la petite taille de l\u2019EF500 contraste avec les grandes performances qu\u2019il poss\u00e8de. Sur la technologie utilis\u00e9e dans les unit\u00e9s de soudage par \u00e9lectrofusion EF, l\u2019EF500 passe au niveau sup\u00e9rieur avec un facteur de forme compact et l\u00e9ger.<\/p>\n<p>Il est \u00e9quip\u00e9 de c\u00e2bles en caoutchouc robustes capables de tol\u00e9rer les conditions les plus s\u00e9v\u00e8res. Il a un contraste \u00e9lev\u00e9 et un \u00e9cran r\u00e9tro-\u00e9clair\u00e9, permet une excellente visibilit\u00e9 dans toutes les conditions d\u2019\u00e9clairage.<\/p>\n<p>Il est enti\u00e8rement conforme \u00e0 la norme internationale iso pour les \u00e9quipements de soudage par \u00e9lectrofusion et fonctionne automatiquement avec des codes-barres.<\/p>\n<p>\u00c0 l\u2019aide des mots de passe du superviseur, vous pouvez configurer la machine et changer la langue du logiciel.<\/p>\n<p>La connexion USB permet le transfert de donn\u00e9es entre la machine et l\u2019ordinateur, en utilisant la m\u00e9moire de la cl\u00e9 USB. Le logiciel peut \u00eatre rapidement mis \u00e0 jour \u00e0 partir de la cl\u00e9 USB. Cette fonctionnalit\u00e9 vous permet de renouveler le logiciel sans avoir \u00e0 remettre la machine au service technique. Gr\u00e2ce \u00e0 cela, il travaille toujours avec les derni\u00e8res technologies en mati\u00e8re d\u2019\u00e9lectrofusion.<\/p>\n<p>La machine permet de stocker 2048 soudures dans la m\u00e9moire, pour un t\u00e9l\u00e9chargement ult\u00e9rieur via le port USB.<\/p>\n[fusion_global id=\"2371\"]\n","protected":false},"featured_media":89632,"template":"","meta":{"content-type":""},"product_brand":[],"product_cat":[456,487],"product_tag":[],"class_list":{"0":"post-85486","1":"product","2":"type-product","3":"status-publish","4":"has-post-thumbnail","6":"product_cat-soudage-par-thermofusion","7":"product_cat-soudage-par-electrofusion","9":"first","10":"outofstock","11":"taxable","12":"shipping-taxable","13":"product-type-simple"},"_links":{"self":[{"href":"https:\/\/amgroupmaquinaria.com\/fr\/wp-json\/wp\/v2\/product\/85486","targetHints":{"allow":["GET"]}}],"collection":[{"href":"https:\/\/amgroupmaquinaria.com\/fr\/wp-json\/wp\/v2\/product"}],"about":[{"href":"https:\/\/amgroupmaquinaria.com\/fr\/wp-json\/wp\/v2\/types\/product"}],"wp:featuredmedia":[{"embeddable":true,"href":"https:\/\/amgroupmaquinaria.com\/fr\/wp-json\/wp\/v2\/media\/89632"}],"wp:attachment":[{"href":"https:\/\/amgroupmaquinaria.com\/fr\/wp-json\/wp\/v2\/media?parent=85486"}],"wp:term":[{"taxonomy":"product_brand","embeddable":true,"href":"https:\/\/amgroupmaquinaria.com\/fr\/wp-json\/wp\/v2\/product_brand?post=85486"},{"taxonomy":"product_cat","embeddable":true,"href":"https:\/\/amgroupmaquinaria.com\/fr\/wp-json\/wp\/v2\/product_cat?post=85486"},{"taxonomy":"product_tag","embeddable":true,"href":"https:\/\/amgroupmaquinaria.com\/fr\/wp-json\/wp\/v2\/product_tag?post=85486"}],"curies":[{"name":"wp","href":"https:\/\/api.w.org\/{rel}","templated":true}]}}