{"id":85489,"date":"2022-11-01T16:12:00","date_gmt":"2022-11-01T16:12:00","guid":{"rendered":"https:\/\/nervous-buck.82-223-21-222.plesk.page\/producto\/planon\/"},"modified":"2022-03-22T14:21:37","modified_gmt":"2022-03-22T14:21:37","slug":"planon-2","status":"publish","type":"product","link":"https:\/\/amgroupmaquinaria.com\/fr\/producto\/planon-2\/","title":{"rendered":"PLANON"},"content":{"rendered":"<p><div class=\"fusion-fullwidth fullwidth-box fusion-builder-row-1 fusion-flex-container nonhundred-percent-fullwidth non-hundred-percent-height-scrolling\" style=\"--awb-border-radius-top-left:0px;--awb-border-radius-top-right:0px;--awb-border-radius-bottom-right:0px;--awb-border-radius-bottom-left:0px;--awb-padding-top:0px;--awb-padding-right:0px;--awb-padding-bottom:2%;--awb-padding-left:0px;--awb-margin-top:0px;--awb-margin-bottom:20px;--awb-flex-wrap:wrap;\" ><div class=\"fusion-builder-row fusion-row fusion-flex-align-items-flex-start fusion-flex-content-wrap\" style=\"max-width:1310.4px;margin-left: calc(-4% \/ 2 );margin-right: calc(-4% \/ 2 );\"><div class=\"fusion-layout-column fusion_builder_column fusion-builder-column-0 fusion_builder_column_1_1 1_1 fusion-flex-column\" style=\"--awb-bg-size:cover;--awb-width-large:100%;--awb-margin-top-large:20px;--awb-spacing-right-large:1.92%;--awb-margin-bottom-large:20px;--awb-spacing-left-large:1.92%;--awb-width-medium:100%;--awb-order-medium:0;--awb-spacing-right-medium:1.92%;--awb-spacing-left-medium:1.92%;--awb-width-small:100%;--awb-order-small:0;--awb-spacing-right-small:1.92%;--awb-spacing-left-small:1.92%;\"><div class=\"fusion-column-wrapper fusion-column-has-shadow fusion-flex-justify-content-flex-start fusion-content-layout-column\"><div class=\"fusion-text fusion-text-1\" style=\"--awb-text-transform:none;\"><h2>Sp\u00e9cifications techniques<\/h2>\n<\/div><div class=\"fusion-content-boxes content-boxes columns row fusion-columns-1 fusion-columns-total-0 fusion-content-boxes-1 content-boxes-icon-on-side content-left\" style=\"--awb-hover-accent-color:#c11214;--awb-circle-hover-accent-color:transparent;--awb-item-margin-bottom:40px;\" data-animationOffset=\"top-into-view\"><div class=\"fusion-clearfix\"><\/div><\/div>\n<div class=\"table-1\">\n<table width=\"100%\">\n<tbody>\n<tr>\n<td align=\"left\">Tension (V)<\/td>\n<td align=\"left\">230<\/td>\n<\/tr>\n<tr>\n<td align=\"left\">Puissance (W)<\/td>\n<td align=\"left\">3400<\/td>\n<\/tr>\n<tr>\n<td align=\"left\">Fr\u00e9quence (Hz)<\/td>\n<td align=\"left\">50 \/ 60<\/td>\n<\/tr>\n<tr>\n<td align=\"left\">Temp\u00e9rature (\u00baC)<\/td>\n<td align=\"left\">20 \u2013 600\u00ba contr\u00f4l\u00e9 sans \u00e9chelle<\/td>\n<\/tr>\n<tr>\n<td align=\"left\">Flux d\u2019air<\/td>\n<td align=\"left\">maximum 500 l\/min<\/td>\n<\/tr>\n<tr>\n<td align=\"left\">Vitesse<\/td>\n<td align=\"left\">de 0,5 \u00e0 12 mts\/min<\/td>\n<\/tr>\n<tr>\n<td align=\"left\">Bruit (dB)<\/td>\n<td align=\"left\">50<\/td>\n<\/tr>\n<tr>\n<td align=\"left\">Mesure<\/td>\n<td width=\"267\">460 x 360 x 310 mm<\/td>\n<\/tr>\n<tr>\n<td align=\"\">Poids<\/td>\n<td align=\"left\">14 kg<\/td>\n<\/tr>\n<tr>\n<td align=\"left\">Certificat<\/td>\n<td align=\"left\">APR\u00c8S J\u00c9SUS-CHRIST<\/td>\n<\/tr>\n<\/tbody>\n<\/table>\n<\/div>\n<\/div><\/div><\/div><\/div>\n<\/p>\n","protected":false},"excerpt":{"rendered":"<p>La machine automatique PLANON est une petite machine maniable et rapide pour le soudeur sur toile et thermoplastique.<\/p>\n<p>D\u00e9marreur automatique, r\u00e9gulateur de temp\u00e9rature et de vitesse jusqu\u2019\u00e0 12 m\u00e8tres \/ min.<\/p>\n<p>La plus petite machine capable de souder 40mm de large.<\/p>\n<p>Soudage de qualit\u00e9 sans rides.<\/p>\n<p>Planon 230V 20mm <strong>5230000Planon<br \/>\n<\/strong> 230V 30mm <strong>5230001<br \/>\n<\/strong> Planon 230V 40mm <strong>5230002<\/strong><\/p>\n<p>Planon <strong>Digital<\/strong> 230V 20mm <strong>5230006<\/strong><br \/>\nPlanon <strong>Digital<\/strong> 230V 30mm <strong>5230007<\/strong><br \/>\nPlanon <strong>Digital<\/strong> 230V 40mm <strong>5230008<\/strong><\/p>\n<p>Syst\u00e8me de chauffage:<\/p>\n<p>La temp\u00e9rature de l\u2019air chaud est r\u00e9glable en continu et contr\u00f4l\u00e9e \u00e9lectroniquement. En fonction de l\u2019\u00e9paisseur du mat\u00e9riau, la buse peut \u00eatre ajust\u00e9e en continu.<\/p>\n<p>La pression de soudage peut \u00eatre modifi\u00e9e en augmentant ou en diminuant le poids.<\/p>\n<p>L\u2019impulsion est r\u00e9glable en continu et contr\u00f4l\u00e9e \u00e9lectroniquement. Le syst\u00e8me de contr\u00f4le est con\u00e7u de mani\u00e8re \u00e0 ce que la vitesse ajust\u00e9e reste constante, quelle que soit la charge.<\/p>\n[fusion_global id=\"2371\"]\n","protected":false},"featured_media":4444,"template":"","meta":{"content-type":""},"product_brand":[],"product_cat":[39],"product_tag":[],"class_list":{"0":"post-85489","1":"product","2":"type-product","3":"status-publish","4":"has-post-thumbnail","6":"product_cat-tienda","8":"first","9":"instock","10":"taxable","11":"shipping-taxable","12":"product-type-simple"},"_links":{"self":[{"href":"https:\/\/amgroupmaquinaria.com\/fr\/wp-json\/wp\/v2\/product\/85489","targetHints":{"allow":["GET"]}}],"collection":[{"href":"https:\/\/amgroupmaquinaria.com\/fr\/wp-json\/wp\/v2\/product"}],"about":[{"href":"https:\/\/amgroupmaquinaria.com\/fr\/wp-json\/wp\/v2\/types\/product"}],"wp:featuredmedia":[{"embeddable":true,"href":"https:\/\/amgroupmaquinaria.com\/fr\/wp-json\/wp\/v2\/media\/4444"}],"wp:attachment":[{"href":"https:\/\/amgroupmaquinaria.com\/fr\/wp-json\/wp\/v2\/media?parent=85489"}],"wp:term":[{"taxonomy":"product_brand","embeddable":true,"href":"https:\/\/amgroupmaquinaria.com\/fr\/wp-json\/wp\/v2\/product_brand?post=85489"},{"taxonomy":"product_cat","embeddable":true,"href":"https:\/\/amgroupmaquinaria.com\/fr\/wp-json\/wp\/v2\/product_cat?post=85489"},{"taxonomy":"product_tag","embeddable":true,"href":"https:\/\/amgroupmaquinaria.com\/fr\/wp-json\/wp\/v2\/product_tag?post=85489"}],"curies":[{"name":"wp","href":"https:\/\/api.w.org\/{rel}","templated":true}]}}