{"id":85491,"date":"2021-02-12T14:09:00","date_gmt":"2021-02-12T14:09:00","guid":{"rendered":"https:\/\/nervous-buck.82-223-21-222.plesk.page\/producto\/ef180-max\/"},"modified":"2022-03-22T14:21:33","modified_gmt":"2022-03-22T14:21:33","slug":"ef180-max-2","status":"publish","type":"product","link":"https:\/\/amgroupmaquinaria.com\/fr\/producto\/ef180-max-2\/","title":{"rendered":"EF180 MAX"},"content":{"rendered":"<p><div class=\"fusion-fullwidth fullwidth-box fusion-builder-row-1 fusion-flex-container nonhundred-percent-fullwidth non-hundred-percent-height-scrolling\" style=\"--awb-border-radius-top-left:0px;--awb-border-radius-top-right:0px;--awb-border-radius-bottom-right:0px;--awb-border-radius-bottom-left:0px;--awb-padding-top:0px;--awb-padding-right:0px;--awb-padding-bottom:2%;--awb-padding-left:0px;--awb-margin-top:0px;--awb-margin-bottom:20px;--awb-flex-wrap:wrap;\" ><div class=\"fusion-builder-row fusion-row fusion-flex-align-items-flex-start fusion-flex-content-wrap\" style=\"max-width:1310.4px;margin-left: calc(-4% \/ 2 );margin-right: calc(-4% \/ 2 );\"><div class=\"fusion-layout-column fusion_builder_column fusion-builder-column-0 fusion_builder_column_1_1 1_1 fusion-flex-column\" style=\"--awb-bg-size:cover;--awb-width-large:100%;--awb-margin-top-large:20px;--awb-spacing-right-large:1.92%;--awb-margin-bottom-large:20px;--awb-spacing-left-large:1.92%;--awb-width-medium:100%;--awb-order-medium:0;--awb-spacing-right-medium:1.92%;--awb-spacing-left-medium:1.92%;--awb-width-small:100%;--awb-order-small:0;--awb-spacing-right-small:1.92%;--awb-spacing-left-small:1.92%;\"><div class=\"fusion-column-wrapper fusion-column-has-shadow fusion-flex-justify-content-flex-start fusion-content-layout-column\"><div class=\"fusion-text fusion-text-1\" style=\"--awb-text-transform:none;\"><h2>Sp\u00e9cifications techniques<\/h2>\n<\/div><div class=\"fusion-content-boxes content-boxes columns row fusion-columns-1 fusion-columns-total-1 fusion-content-boxes-1 content-boxes-icon-on-side content-left\" style=\"--awb-hover-accent-color:#c11214;--awb-circle-hover-accent-color:transparent;--awb-item-margin-bottom:40px;\" data-animationOffset=\"top-into-view\"><div style=\"--awb-backgroundcolor:rgba(255,255,255,0);--awb-iconcolor:#c11214;--awb-content-padding-left:52px;\" class=\"fusion-column content-box-column content-box-column content-box-column-1 col-lg-12 col-md-12 col-sm-12 fusion-content-box-hover content-box-column-last content-box-column-last-in-row\"><div class=\"col content-box-wrapper content-wrapper link-area-link-icon link-type-text content-icon-wrapper-yes icon-hover-animation-fade\" data-animationOffset=\"top-into-view\"><div class=\"heading heading-with-icon icon-left\"><a class=\"heading-link\" href=\"\/wp-content\/uploads\/2022\/01\/EF180-MAX.pdf\" target=\"_blank\" rel=\"noopener noreferrer\"><div class=\"icon\"><span ><i style=\"background-color:transparent;border-color:transparent;height:auto;width: 32px;line-height:normal;font-size:32px;\" aria-hidden=\"true\" class=\"fontawesome-icon fa-file-pdf fas circle-no\"><\/i><\/span><\/div><h2 class=\"content-box-heading fusion-responsive-typography-calculated\" style=\"--h2_typography-font-size:24px;--fontSize:24;line-height:1.2;padding-left:52px;\">T\u00e9l\u00e9charger le PDF du produit<\/h2><\/a><\/div><\/div><\/div><div class=\"fusion-clearfix\"><\/div><\/div>\n<div class=\"table-1\">\n<table width=\"100%\">\n<tbody>\n<tr>\n<td align=\"left\">Modes de fonctionnement<\/td>\n<td align=\"left\">Manuel (clavier) ou code-barres (scanner)<\/td>\n<\/tr>\n<tr>\n<td align=\"left\">Langage machine<\/td>\n<td align=\"left\">Anglais, espagnol( Autres langues sur demande )<\/td>\n<\/tr>\n<tr>\n<td align=\"left\">Donn\u00e9es d\u2019entr\u00e9e<\/td>\n<td align=\"left\">Par cl\u00e9s alphanum\u00e9riques<\/td>\n<\/tr>\n<tr>\n<td align=\"left\">Donn\u00e9es m\u00e9moire<\/td>\n<td align=\"left\">2000 Soudage<\/td>\n<\/tr>\n<tr>\n<td align=\"left\">T\u00e9l\u00e9charger les donn\u00e9es<\/td>\n<td align=\"left\">USB Flash<\/td>\n<\/tr>\n<tr>\n<td align=\"left\">Tension<\/td>\n<td align=\"left\">93 1\/2V (8V jusqu\u2019\u00e0 48V)<\/td>\n<\/tr>\n<tr>\n<td align=\"left\">Poids<\/td>\n<td align=\"left\">16 kg<\/td>\n<\/tr>\n<tr>\n<td align=\"left\">Mesure<\/td>\n<td align=\"left\">45cm x 33cm x 17cm<\/td>\n<\/tr>\n<\/tbody>\n<\/table>\n<\/div>\n<\/div><\/div><\/div><\/div>\n<\/p>\n","protected":false},"excerpt":{"rendered":"<p><strong>L\u2019EF180 MAX<\/strong> est une unit\u00e9 de soudage con\u00e7ue pour le soudage constant dans les raccords de tension d\u2019\u00e9lectrofusion adapt\u00e9s \u00e0 une utilisation \u00e0 basse et haute pression dans les tuyauteries PE ou PP, le syst\u00e8me permet une gamme de 16 \u00e0 315 mm de diam\u00e8tre.<\/p>\n<p>Il a \u00e9t\u00e9 con\u00e7u sp\u00e9cifiquement pour le march\u00e9 des raccords de tuyaux o\u00f9 une unit\u00e9 l\u00e9g\u00e8re, petite et facile \u00e0 transporter est n\u00e9cessaire pour les connexions de petit diam\u00e8tre.<\/p>\n[fusion_global id=\"2371\"]\n","protected":false},"featured_media":89626,"template":"","meta":{"content-type":""},"product_brand":[],"product_cat":[456,487],"product_tag":[],"class_list":{"0":"post-85491","1":"product","2":"type-product","3":"status-publish","4":"has-post-thumbnail","6":"product_cat-soudage-par-thermofusion","7":"product_cat-soudage-par-electrofusion","9":"first","10":"outofstock","11":"taxable","12":"shipping-taxable","13":"product-type-simple"},"_links":{"self":[{"href":"https:\/\/amgroupmaquinaria.com\/fr\/wp-json\/wp\/v2\/product\/85491","targetHints":{"allow":["GET"]}}],"collection":[{"href":"https:\/\/amgroupmaquinaria.com\/fr\/wp-json\/wp\/v2\/product"}],"about":[{"href":"https:\/\/amgroupmaquinaria.com\/fr\/wp-json\/wp\/v2\/types\/product"}],"wp:featuredmedia":[{"embeddable":true,"href":"https:\/\/amgroupmaquinaria.com\/fr\/wp-json\/wp\/v2\/media\/89626"}],"wp:attachment":[{"href":"https:\/\/amgroupmaquinaria.com\/fr\/wp-json\/wp\/v2\/media?parent=85491"}],"wp:term":[{"taxonomy":"product_brand","embeddable":true,"href":"https:\/\/amgroupmaquinaria.com\/fr\/wp-json\/wp\/v2\/product_brand?post=85491"},{"taxonomy":"product_cat","embeddable":true,"href":"https:\/\/amgroupmaquinaria.com\/fr\/wp-json\/wp\/v2\/product_cat?post=85491"},{"taxonomy":"product_tag","embeddable":true,"href":"https:\/\/amgroupmaquinaria.com\/fr\/wp-json\/wp\/v2\/product_tag?post=85491"}],"curies":[{"name":"wp","href":"https:\/\/api.w.org\/{rel}","templated":true}]}}