{"id":85495,"date":"2022-11-01T15:57:00","date_gmt":"2022-11-01T15:57:00","guid":{"rendered":"https:\/\/nervous-buck.82-223-21-222.plesk.page\/producto\/ef40\/"},"modified":"2022-03-22T14:21:37","modified_gmt":"2022-03-22T14:21:37","slug":"ef40-2","status":"publish","type":"product","link":"https:\/\/amgroupmaquinaria.com\/fr\/producto\/ef40-2\/","title":{"rendered":"EF40"},"content":{"rendered":"<p><div class=\"fusion-fullwidth fullwidth-box fusion-builder-row-1 fusion-flex-container nonhundred-percent-fullwidth non-hundred-percent-height-scrolling\" style=\"--awb-border-radius-top-left:0px;--awb-border-radius-top-right:0px;--awb-border-radius-bottom-right:0px;--awb-border-radius-bottom-left:0px;--awb-padding-top:0px;--awb-padding-right:0px;--awb-padding-bottom:2%;--awb-padding-left:0px;--awb-margin-top:0px;--awb-margin-bottom:20px;--awb-flex-wrap:wrap;\" ><div class=\"fusion-builder-row fusion-row fusion-flex-align-items-flex-start fusion-flex-content-wrap\" style=\"max-width:1310.4px;margin-left: calc(-4% \/ 2 );margin-right: calc(-4% \/ 2 );\"><div class=\"fusion-layout-column fusion_builder_column fusion-builder-column-0 fusion_builder_column_1_1 1_1 fusion-flex-column\" style=\"--awb-bg-size:cover;--awb-width-large:100%;--awb-margin-top-large:20px;--awb-spacing-right-large:1.92%;--awb-margin-bottom-large:20px;--awb-spacing-left-large:1.92%;--awb-width-medium:100%;--awb-order-medium:0;--awb-spacing-right-medium:1.92%;--awb-spacing-left-medium:1.92%;--awb-width-small:100%;--awb-order-small:0;--awb-spacing-right-small:1.92%;--awb-spacing-left-small:1.92%;\"><div class=\"fusion-column-wrapper fusion-column-has-shadow fusion-flex-justify-content-flex-start fusion-content-layout-column\"><div class=\"fusion-text fusion-text-1\" style=\"--awb-text-transform:none;\"><h2>Sp\u00e9cifications techniques<\/h2>\n<\/div><div class=\"fusion-content-boxes content-boxes columns row fusion-columns-1 fusion-columns-total-1 fusion-content-boxes-1 content-boxes-icon-on-side content-left\" style=\"--awb-hover-accent-color:#c11214;--awb-circle-hover-accent-color:transparent;--awb-item-margin-bottom:40px;\" data-animationOffset=\"top-into-view\"><div style=\"--awb-backgroundcolor:rgba(255,255,255,0);--awb-iconcolor:#c11214;--awb-content-padding-left:52px;\" class=\"fusion-column content-box-column content-box-column content-box-column-1 col-lg-12 col-md-12 col-sm-12 fusion-content-box-hover content-box-column-last content-box-column-last-in-row\"><div class=\"col content-box-wrapper content-wrapper link-area-link-icon link-type-text content-icon-wrapper-yes icon-hover-animation-fade\" data-animationOffset=\"top-into-view\"><div class=\"heading heading-with-icon icon-left\"><a class=\"heading-link\" href=\"\/wp-content\/uploads\/2022\/01\/EF40-ANGLAIS.pdf\" target=\"_blank\" rel=\"noopener noreferrer\"><div class=\"icon\"><span ><i style=\"background-color:transparent;border-color:transparent;height:auto;width: 32px;line-height:normal;font-size:32px;\" aria-hidden=\"true\" class=\"fontawesome-icon fa-file-pdf fas circle-no\"><\/i><\/span><\/div><h2 class=\"content-box-heading fusion-responsive-typography-calculated\" style=\"--h2_typography-font-size:24px;--fontSize:24;line-height:1.2;padding-left:52px;\">T\u00e9l\u00e9charger le PDF du produit<\/h2><\/a><\/div><\/div><\/div><div class=\"fusion-clearfix\"><\/div><\/div>\n<div class=\"table-1\">\n<table width=\"100%\">\n<tbody>\n<tr>\n<td align=\"left\">Modes de fonctionnement<\/td>\n<td align=\"left\">Code-barres<br \/>\nManuelle<br \/>\nUponor Semi-Auto<br \/>\nDuraphase Semi-Auto<\/td>\n<\/tr>\n<tr>\n<td align=\"left\">Langage machine<\/td>\n<td align=\"left\">Anglais, espagnol( Autres langues sur demande )<\/td>\n<\/tr>\n<tr>\n<td align=\"left\">Temp\u00e9rature de fonctionnement<\/td>\n<td align=\"left\">De -20\u00baC \u00e0 +40\u00baC<\/td>\n<\/tr>\n<tr>\n<td align=\"left\">Donn\u00e9es d\u2019entr\u00e9e<\/td>\n<td align=\"left\">Par cl\u00e9s alphanum\u00e9riques<br \/>\nPar scanner automatiquement<\/td>\n<\/tr>\n<tr>\n<td align=\"left\">Donn\u00e9es m\u00e9moire<\/td>\n<td align=\"left\">1000 soudures, minimum<\/td>\n<\/tr>\n<tr>\n<td align=\"left\">T\u00e9l\u00e9charger les donn\u00e9es<\/td>\n<td align=\"left\">Cl\u00e9 USB<\/td>\n<\/tr>\n<tr>\n<td align=\"left\">Tension d\u2019entr\u00e9e<\/td>\n<td align=\"left\">230V<\/td>\n<\/tr>\n<tr>\n<td align=\"left\">Tension requise pour le travail<\/td>\n<td align=\"left\">de 184V \u00e0 276V, +\/-20%<\/td>\n<\/tr>\n<tr>\n<td align=\"left\">Intensit\u00e9 d\u2019entr\u00e9e<\/td>\n<td align=\"left\">de 1A \u00e0 14A<\/td>\n<\/tr>\n<tr>\n<td align=\"left\">Fr\u00e9quence d\u2019entr\u00e9e<\/td>\n<td align=\"left\">50 Hz (de 40 \u00e0 70 Hz)<\/td>\n<\/tr>\n<tr>\n<td align=\"left\">Tension de sortie<\/td>\n<td align=\"left\">39,5 V (de 8 V \u00e0 48 )<\/td>\n<\/tr>\n<tr>\n<td align=\"left\">Stabilit\u00e9 de sortie<\/td>\n<td align=\"left\">+\/- 1,5%<\/td>\n<\/tr>\n<tr>\n<td align=\"left\">Intensit\u00e9 de sortie<\/td>\n<td align=\"left\">de 1A \u00e0 60A<\/td>\n<\/tr>\n<tr>\n<td align=\"left\">Consommation \u00e9lectrique<\/td>\n<td align=\"left\">de 40W \u00e0 2570W<\/td>\n<\/tr>\n<tr>\n<td align=\"left\">Temps de soudage<\/td>\n<td align=\"left\">\u00e0 partir de 1 sec. Jusqu\u2019\u00e0 3500 sec<\/td>\n<\/tr>\n<tr>\n<td align=\"left\">Diam\u00e8tres de soudage<\/td>\n<td align=\"left\">de 16mm \u00e0 710mm<\/td>\n<\/tr>\n<tr>\n<td align=\"left\">Protection<\/td>\n<td align=\"left\">Ip65<\/td>\n<\/tr>\n<tr>\n<td align=\"left\">C\u00e2ble d\u2019entr\u00e9e<\/td>\n<td align=\"left\">10 m\u00e8tres<\/td>\n<\/tr>\n<tr>\n<td align=\"left\">C\u00e2ble de sortie<\/td>\n<td align=\"left\">3 m\u00e8tres<\/td>\n<\/tr>\n<tr>\n<td align=\"left\">Poids<\/td>\n<td align=\"left\">28 kg<\/td>\n<\/tr>\n<tr>\n<td align=\"left\">Mesure<\/td>\n<td align=\"left\">38cm x 38cm x 39cm<\/td>\n<\/tr>\n<\/tbody>\n<\/table>\n<\/div>\n<script>jQuery(function($) {\n    $(document).ready(function() {\n        $(\"#readMore, #readLess\").click(function(){\n            $(\".collapsed-content\").toggle('slow', 'swing');\n            $(\".full-content\").toggle('slow', 'swing');\n            $(\"#readMore\").toggle();\/\/ \"read more link id\"\n            return false;\n        });\n    });\n});\n<\/script><\/div><\/div><\/div><\/div>\n<\/p>\n","protected":false},"excerpt":{"rendered":"<p>Con\u00e7u pour les conditions les plus difficiles, l\u2019EF40 est le plus fiable de sa cat\u00e9gorie pour le soudage par \u00e9lectrofusion de tubes en poly\u00e9thyl\u00e8ne, polypropyl\u00e8ne et PVC de diam\u00e8tre 16 \u00e0 710mm.<br \/>\nLa machine est con\u00e7ue avec une protection en fer qui, avec le bo\u00eetier en fibre, en fait une machine tr\u00e8s dure pr\u00e9par\u00e9e pour les conditions extr\u00eames du site.<br \/>\nDans l\u2019EF40, les donn\u00e9es de soudage par \u00e9lectrofusion peuvent \u00eatre saisies de deux mani\u00e8res :<br \/>\nAutomatiquement en utilisant le lecteur de codes-barres, seulement en passant par le code-barres reconna\u00eet l\u2019accessoire et s\u00e9lectionne automatiquement la tension et le temps n\u00e9cessaire pour le soudage par \u00e9lectrofusion.<br \/>\nAvec les touches alphanum\u00e9riques, ils peuvent entrer les donn\u00e9es de l\u2019op\u00e9rateur et les donn\u00e9es de soudage les plus importantes.<br \/>\nL\u2019\u00e9cran est tr\u00e8s contrast\u00e9 et r\u00e9tro-\u00e9clair\u00e9, permet une excellente visibilit\u00e9 dans toutes les conditions d\u2019\u00e9clairage.<br \/>\nGr\u00e2ce \u00e0 la connexion USB, il permet le transfert de donn\u00e9es entre la machine et l\u2019ordinateur, en utilisant la m\u00e9moire de la cl\u00e9 USB. Cette fonctionnalit\u00e9 vous permet de renouveler le logiciel sans avoir \u00e0 remettre la machine au service technique. Gr\u00e2ce \u00e0 cela, il travaille toujours avec les derni\u00e8res technologies en mati\u00e8re d\u2019\u00e9lectrofusion.<br \/>\nLa machine permet de stocker 2048 soudures dans la m\u00e9moire, pour un t\u00e9l\u00e9chargement ult\u00e9rieur via le port USB. Toutes les soudures sont enregistr\u00e9es dans une m\u00e9moire interne de type SD.<\/p>\n[fusion_global id=\"2371\"]\n","protected":false},"featured_media":89557,"template":"","meta":{"content-type":""},"product_brand":[],"product_cat":[456,487],"product_tag":[],"class_list":{"0":"post-85495","1":"product","2":"type-product","3":"status-publish","4":"has-post-thumbnail","6":"product_cat-soudage-par-thermofusion","7":"product_cat-soudage-par-electrofusion","9":"first","10":"outofstock","11":"taxable","12":"shipping-taxable","13":"product-type-simple"},"_links":{"self":[{"href":"https:\/\/amgroupmaquinaria.com\/fr\/wp-json\/wp\/v2\/product\/85495","targetHints":{"allow":["GET"]}}],"collection":[{"href":"https:\/\/amgroupmaquinaria.com\/fr\/wp-json\/wp\/v2\/product"}],"about":[{"href":"https:\/\/amgroupmaquinaria.com\/fr\/wp-json\/wp\/v2\/types\/product"}],"wp:featuredmedia":[{"embeddable":true,"href":"https:\/\/amgroupmaquinaria.com\/fr\/wp-json\/wp\/v2\/media\/89557"}],"wp:attachment":[{"href":"https:\/\/amgroupmaquinaria.com\/fr\/wp-json\/wp\/v2\/media?parent=85495"}],"wp:term":[{"taxonomy":"product_brand","embeddable":true,"href":"https:\/\/amgroupmaquinaria.com\/fr\/wp-json\/wp\/v2\/product_brand?post=85495"},{"taxonomy":"product_cat","embeddable":true,"href":"https:\/\/amgroupmaquinaria.com\/fr\/wp-json\/wp\/v2\/product_cat?post=85495"},{"taxonomy":"product_tag","embeddable":true,"href":"https:\/\/amgroupmaquinaria.com\/fr\/wp-json\/wp\/v2\/product_tag?post=85495"}],"curies":[{"name":"wp","href":"https:\/\/api.w.org\/{rel}","templated":true}]}}