{"id":88887,"date":"2022-05-17T14:06:45","date_gmt":"2022-05-17T14:06:45","guid":{"rendered":"https:\/\/nervous-buck.82-223-21-222.plesk.page\/producto\/perceuse-a-vis-sous-compacte-m12-avec-porte-meche-detachable-m12-bddx\/"},"modified":"2022-05-17T14:06:45","modified_gmt":"2022-05-17T14:06:45","slug":"perceuse-tournevis-sous-compacte-m12-avec-mandrin-detachable-m12-bddx","status":"publish","type":"product","link":"https:\/\/amgroupmaquinaria.com\/fr\/producto\/perceuse-tournevis-sous-compacte-m12-avec-mandrin-detachable-m12-bddx\/","title":{"rendered":"Perceuse \u00e0 vis sous-compacte M12\u2122 avec porte-m\u00e8che d\u00e9tachable &#8211; M12 BDDX"},"content":{"rendered":"","protected":false},"excerpt":{"rendered":"<p>CARACT\u00c9RISTIQUES<\/p>\n<p>MILWAUKEE Perceuse\u00ae \u00e0 vis sous-compacte 4-en-1 haute performance avec une polyvalence extr\u00eame<\/p>\n<p>Syst\u00e8me de porte-bits d\u00e9tachable avec 3 t\u00eates diff\u00e9rentes pour plusieurs applications<\/p>\n<p>Support d\u2019entra\u00eenement automatique standard de 10 mm, t\u00eate d\u2019angle m\u00e9tallique avec fixation 1\/4 \u00ab&nbsp;et t\u00eate m\u00e9tallique d\u2019arbre d\u00e9cal\u00e9e avec fixation hexagonale 1\/4&nbsp;\u00bb<\/p>\n<p>Une pointe hexagonale de 1\/4 \u00ab&nbsp;peut \u00eatre fix\u00e9e derri\u00e8re le porte-perceuse, r\u00e9duisant ainsi la longueur de la perceuse \u00e0 153 mm<\/p>\n<p>\u00c9lectronique REDLINK\u2122 qui prot\u00e8ge la machine et la batterie contre la surcharge<\/p>\n<p>Bo\u00eete de vitesses plan\u00e9taire en m\u00e9tal pour la durabilit\u00e9 et la performance<\/p>\n<p>Lumi\u00e8re LED pour \u00e9clairer l\u2019espace de travail<\/p>\n<p>Syst\u00e8me de batterie flexible: fonctionne avec toutes les batteries MILWAUKEE\u00ae M12\u2122<\/p>\n","protected":false},"featured_media":90103,"template":"","meta":{"content-type":""},"product_brand":[],"product_cat":[456],"product_tag":[],"class_list":{"0":"post-88887","1":"product","2":"type-product","3":"status-publish","4":"has-post-thumbnail","6":"product_cat-soudage-par-thermofusion","8":"first","9":"instock","10":"purchasable","11":"product-type-simple"},"_links":{"self":[{"href":"https:\/\/amgroupmaquinaria.com\/fr\/wp-json\/wp\/v2\/product\/88887","targetHints":{"allow":["GET"]}}],"collection":[{"href":"https:\/\/amgroupmaquinaria.com\/fr\/wp-json\/wp\/v2\/product"}],"about":[{"href":"https:\/\/amgroupmaquinaria.com\/fr\/wp-json\/wp\/v2\/types\/product"}],"wp:featuredmedia":[{"embeddable":true,"href":"https:\/\/amgroupmaquinaria.com\/fr\/wp-json\/wp\/v2\/media\/90103"}],"wp:attachment":[{"href":"https:\/\/amgroupmaquinaria.com\/fr\/wp-json\/wp\/v2\/media?parent=88887"}],"wp:term":[{"taxonomy":"product_brand","embeddable":true,"href":"https:\/\/amgroupmaquinaria.com\/fr\/wp-json\/wp\/v2\/product_brand?post=88887"},{"taxonomy":"product_cat","embeddable":true,"href":"https:\/\/amgroupmaquinaria.com\/fr\/wp-json\/wp\/v2\/product_cat?post=88887"},{"taxonomy":"product_tag","embeddable":true,"href":"https:\/\/amgroupmaquinaria.com\/fr\/wp-json\/wp\/v2\/product_tag?post=88887"}],"curies":[{"name":"wp","href":"https:\/\/api.w.org\/{rel}","templated":true}]}}